{"id":1913,"date":"2022-10-03T18:53:00","date_gmt":"2022-10-03T16:53:00","guid":{"rendered":"https:\/\/supermatic.ch\/produkt\/40ml-pet-flasche-m0406\/"},"modified":"2023-11-23T18:14:01","modified_gmt":"2023-11-23T16:14:01","slug":"40ml-pet-flasche-m0406","status":"publish","type":"product","link":"https:\/\/supermatic.ch\/fr\/produkte\/flaschen\/40ml-pet-flasche-m0406\/","title":{"rendered":"Bouteille en verre de 40 ml"},"content":{"rendered":"<p>hauteur : 93.4mm<br \/>\ndiam\u00e8tre : 38mm<br \/>\nforme : ronde<\/p>\n<p>Petite bouteille en verre (miniature en verre) pour le remplissage de boissons alcoolis\u00e9es et non alcoolis\u00e9es, de produits droguerie, pharmaceutiques et alimentaires.<\/p>\n<p><strong>Emballage :<br \/>\n<\/strong>Quantit\u00e9 par couche : 660pcs<br \/>\nQuantit\u00e9 par palette : 6600pcs<br \/>\nPalettenabmessungen: 1200x800x1100mm<br \/>\nPoids de la palette : 445kg<\/p>","protected":false},"excerpt":{"rendered":"<p>H\u00f6he: 93.4mm Durchmesser: 38mm Form: rund Kleine Glasflasche (Glasminiatur) f\u00fcr das Abf\u00fcllen von alkoholischen und alkoholfreien [&hellip;]<\/p>\n","protected":false},"featured_media":2767,"comment_status":"open","ping_status":"closed","template":"","meta":[],"product_brand":[],"product_cat":[15,24],"product_tag":[],"class_list":{"0":"post-1913","1":"product","2":"type-product","3":"status-publish","4":"has-post-thumbnail","6":"product_cat-flaschen","7":"product_cat-lebensmittel","8":"product_shipping_class-5-8-tage-lieferzeit","9":"pa_farbe-transparent","10":"pa_fuellmenge-42","11":"pa_gewinde-pp-18","12":"pa_material-glas","14":"first","15":"instock","16":"taxable","17":"shipping-taxable","18":"purchasable","19":"product-type-simple"},"_links":{"self":[{"href":"https:\/\/supermatic.ch\/fr\/wp-json\/wp\/v2\/product\/1913","targetHints":{"allow":["GET"]}}],"collection":[{"href":"https:\/\/supermatic.ch\/fr\/wp-json\/wp\/v2\/product"}],"about":[{"href":"https:\/\/supermatic.ch\/fr\/wp-json\/wp\/v2\/types\/product"}],"replies":[{"embeddable":true,"href":"https:\/\/supermatic.ch\/fr\/wp-json\/wp\/v2\/comments?post=1913"}],"wp:featuredmedia":[{"embeddable":true,"href":"https:\/\/supermatic.ch\/fr\/wp-json\/wp\/v2\/media\/2767"}],"wp:attachment":[{"href":"https:\/\/supermatic.ch\/fr\/wp-json\/wp\/v2\/media?parent=1913"}],"wp:term":[{"taxonomy":"product_brand","embeddable":true,"href":"https:\/\/supermatic.ch\/fr\/wp-json\/wp\/v2\/product_brand?post=1913"},{"taxonomy":"product_cat","embeddable":true,"href":"https:\/\/supermatic.ch\/fr\/wp-json\/wp\/v2\/product_cat?post=1913"},{"taxonomy":"product_tag","embeddable":true,"href":"https:\/\/supermatic.ch\/fr\/wp-json\/wp\/v2\/product_tag?post=1913"}],"curies":[{"name":"wp","href":"https:\/\/api.w.org\/{rel}","templated":true}]}}