{"id":195,"date":"2022-08-26T13:12:48","date_gmt":"2022-08-26T11:12:48","guid":{"rendered":"https:\/\/supermatic.ch\/?post_type=product&#038;p=195"},"modified":"2024-10-03T12:10:36","modified_gmt":"2024-10-03T10:10:36","slug":"bouchon-a-visser-en-aluminium-avec-bord-plie-et-sans-anneau-de-securite-18-x-12-mm","status":"publish","type":"product","link":"https:\/\/supermatic.ch\/fr\/produkte\/lebensmittel\/aluminium-schraubverschluss-falzrand-18-x-12mm\/","title":{"rendered":"Fermeture \u00e0 vis en aluminium avec bord pli\u00e9 et sans anneau de s\u00e9curit\u00e9 - 18 x 12mm"},"content":{"rendered":"<p><strong>Bouchon \u00e0 vis en aluminium avec joint EPE (18x12mm)<\/strong><br \/>\nCe bouchon en aluminium dispose d'un filetage et d'un joint EPE. Il est dot\u00e9 d'un bord serti et est livr\u00e9 sans bague de s\u00e9curit\u00e9. Le bouchon peut \u00eatre fabriqu\u00e9 en diff\u00e9rentes variations de couleur.<\/p>\n<p>Dimensions (diam\u00e8tre x hauteur) : 18x12mm<br \/>\nBouche : PP 18<br \/>\nMat\u00e9riau : alliage d'aluminium<br \/>\nInsert d'\u00e9tanch\u00e9it\u00e9 : EPE<\/p>\n<p>D\u00e9tails de l'emballage :<br \/>\n- Nombre de pi\u00e8ces par carton : 16.000 pi\u00e8ces<br \/>\n- Dimensions du carton : 600x400x360 mm<br \/>\n- Nombre de pi\u00e8ces par palette : 384.000 pi\u00e8ces<br \/>\n- Dimensions des palettes : 800x1200x2300 mm<br \/>\n- Poids de la palette : 332 kg<\/p>\n<p>autres couleurs sur demande !<\/p>","protected":false},"excerpt":{"rendered":"<p>Aluminium-Schraubverschluss mit EPE-Dichtung (18x12mm) Dieser Aluminiumverschluss verf\u00fcgt \u00fcber ein Schraubgewinde und eine EPE-Dichtung. Er ist mit [&hellip;]<\/p>\n","protected":false},"featured_media":196,"comment_status":"open","ping_status":"closed","template":"","meta":[],"product_brand":[],"product_cat":[24,23],"product_tag":[],"class_list":{"0":"post-195","1":"product","2":"type-product","3":"status-publish","4":"has-post-thumbnail","6":"product_cat-lebensmittel","7":"product_cat-verschluesse","8":"product_shipping_class-1-3-tage-lieferzeit","9":"pa_farbe-silber","10":"pa_farbe-variabel","11":"pa_form-rund","12":"pa_gewinde-pp-18","13":"pa_material-aluminium","15":"first","16":"instock","17":"taxable","18":"shipping-taxable","19":"product-type-simple"},"_links":{"self":[{"href":"https:\/\/supermatic.ch\/fr\/wp-json\/wp\/v2\/product\/195","targetHints":{"allow":["GET"]}}],"collection":[{"href":"https:\/\/supermatic.ch\/fr\/wp-json\/wp\/v2\/product"}],"about":[{"href":"https:\/\/supermatic.ch\/fr\/wp-json\/wp\/v2\/types\/product"}],"replies":[{"embeddable":true,"href":"https:\/\/supermatic.ch\/fr\/wp-json\/wp\/v2\/comments?post=195"}],"wp:featuredmedia":[{"embeddable":true,"href":"https:\/\/supermatic.ch\/fr\/wp-json\/wp\/v2\/media\/196"}],"wp:attachment":[{"href":"https:\/\/supermatic.ch\/fr\/wp-json\/wp\/v2\/media?parent=195"}],"wp:term":[{"taxonomy":"product_brand","embeddable":true,"href":"https:\/\/supermatic.ch\/fr\/wp-json\/wp\/v2\/product_brand?post=195"},{"taxonomy":"product_cat","embeddable":true,"href":"https:\/\/supermatic.ch\/fr\/wp-json\/wp\/v2\/product_cat?post=195"},{"taxonomy":"product_tag","embeddable":true,"href":"https:\/\/supermatic.ch\/fr\/wp-json\/wp\/v2\/product_tag?post=195"}],"curies":[{"name":"wp","href":"https:\/\/api.w.org\/{rel}","templated":true}]}}