{"id":1966,"date":"2022-10-03T18:53:14","date_gmt":"2022-10-03T16:53:14","guid":{"rendered":"https:\/\/supermatic.ch\/produkt\/100ml-aluminiumflasche-mit-schraubgewinde-24-410\/"},"modified":"2024-10-03T12:05:55","modified_gmt":"2024-10-03T10:05:55","slug":"bouteille-en-aluminium-de-100ml-avec-filetage-24-410","status":"publish","type":"product","link":"https:\/\/supermatic.ch\/fr\/produkte\/flaschen\/100ml-aluminiumflasche-mit-schraubgewinde-24-410\/","title":{"rendered":"Flacon en aluminium de 100 ml 24\/410"},"content":{"rendered":"<p>sans soudure, argent mat<br \/>\nB\u00f6rdel ouvert<br \/>\ndiam\u00e8tre 40mm<br \/>\nhauteur 110mm<br \/>\nVolume de la fermeture \u00e9clair : 113 ml<\/p>\n<p>1 carton \u00e0 198pcs<br \/>\n1 paquet de 89pcs<br \/>\n1 palette \u00e0 4'806pcs.<\/p>","protected":false},"excerpt":{"rendered":"<p>nahtlos, silbermatt B\u00f6rdel offen Durchmesser 40mm H\u00f6he 110mm RV-Volumen 113ml 1 Karton \u00e0 198St. 1 Bund [&hellip;]<\/p>\n","protected":false},"featured_media":3345,"comment_status":"open","ping_status":"closed","template":"","meta":[],"product_brand":[],"product_cat":[15,26,25],"product_tag":[],"class_list":{"0":"post-1966","1":"product","2":"type-product","3":"status-publish","4":"has-post-thumbnail","6":"product_cat-flaschen","7":"product_cat-chemikalien","8":"product_cat-kosmetik","9":"product_shipping_class-5-8-tage-lieferzeit","10":"pa_farbe-farblos-lackiert","11":"pa_farbe-silber","12":"pa_form-rund","13":"pa_fuellmenge-87","14":"pa_gewinde-24-410","15":"pa_material-aluminium","17":"first","18":"instock","19":"taxable","20":"shipping-taxable","21":"purchasable","22":"product-type-variable"},"_links":{"self":[{"href":"https:\/\/supermatic.ch\/fr\/wp-json\/wp\/v2\/product\/1966","targetHints":{"allow":["GET"]}}],"collection":[{"href":"https:\/\/supermatic.ch\/fr\/wp-json\/wp\/v2\/product"}],"about":[{"href":"https:\/\/supermatic.ch\/fr\/wp-json\/wp\/v2\/types\/product"}],"replies":[{"embeddable":true,"href":"https:\/\/supermatic.ch\/fr\/wp-json\/wp\/v2\/comments?post=1966"}],"wp:featuredmedia":[{"embeddable":true,"href":"https:\/\/supermatic.ch\/fr\/wp-json\/wp\/v2\/media\/3345"}],"wp:attachment":[{"href":"https:\/\/supermatic.ch\/fr\/wp-json\/wp\/v2\/media?parent=1966"}],"wp:term":[{"taxonomy":"product_brand","embeddable":true,"href":"https:\/\/supermatic.ch\/fr\/wp-json\/wp\/v2\/product_brand?post=1966"},{"taxonomy":"product_cat","embeddable":true,"href":"https:\/\/supermatic.ch\/fr\/wp-json\/wp\/v2\/product_cat?post=1966"},{"taxonomy":"product_tag","embeddable":true,"href":"https:\/\/supermatic.ch\/fr\/wp-json\/wp\/v2\/product_tag?post=1966"}],"curies":[{"name":"wp","href":"https:\/\/api.w.org\/{rel}","templated":true}]}}