{"id":197,"date":"2022-08-26T13:15:21","date_gmt":"2022-08-26T11:15:21","guid":{"rendered":"https:\/\/supermatic.ch\/?post_type=product&#038;p=197"},"modified":"2024-10-03T12:10:36","modified_gmt":"2024-10-03T10:10:36","slug":"fermeture-en-aluminium-18-x-24mm","status":"publish","type":"product","link":"https:\/\/supermatic.ch\/fr\/produkte\/lebensmittel\/aluminiumverschluss-18-x-24mm\/","title":{"rendered":"Fermeture en aluminium - 18 x 24mm"},"content":{"rendered":"<p>Bouchon en aluminium 18 x 24mm : un bouchon \u00e0 vis en alliage d'aluminium. Personnalisation possible gr\u00e2ce \u00e0 diff\u00e9rentes options d'impression.<\/p>\n<p><strong>Caract\u00e9ristiques :<\/strong><\/p>\n<ul>\n<li>Dimensions : 18x24mm<\/li>\n<li>Bouche : PP 18<\/li>\n<li>Mat\u00e9riau : alliage d'aluminium robuste<\/li>\n<li>El\u00e9ment d'\u00e9tanch\u00e9it\u00e9 : EPE, avec en plus une rondelle d'\u00e9tanch\u00e9it\u00e9 en PE<\/li>\n<li>Personnalisations : Personnalisation disponible, y compris impression monochrome ou multicolore et impression UV.<\/li>\n<\/ul>\n<p><strong>Emballage :<\/strong><\/p>\n<ul>\n<li>Nombre de pi\u00e8ces par carton : 8000pcs<\/li>\n<li>Dimensions du carton : 600x400x360mm<\/li>\n<li>Nombre total de pi\u00e8ces par palette : 192000pcs<\/li>\n<li>Dimensions de la palette : 800x1200x2140mm<\/li>\n<\/ul>\n<p>autres couleurs sur demande !<\/p>","protected":false},"excerpt":{"rendered":"<p>Aluminiumverschluss 18 x 24mm: Ein Schraubverschluss aus Aluminiumlegierung. Individualisierung durch verschiedene Druckoptionen m\u00f6glich. Eigenschaften: Abmessung: 18x24mm [&hellip;]<\/p>\n","protected":false},"featured_media":198,"comment_status":"open","ping_status":"closed","template":"","meta":[],"product_brand":[],"product_cat":[24,23],"product_tag":[],"class_list":{"0":"post-197","1":"product","2":"type-product","3":"status-publish","4":"has-post-thumbnail","6":"product_cat-lebensmittel","7":"product_cat-verschluesse","8":"product_shipping_class-1-3-tage-lieferzeit","9":"pa_farbe-blau","10":"pa_farbe-variabel","11":"pa_form-rund","12":"pa_gewinde-pp-18","13":"pa_material-aluminium","15":"first","16":"instock","17":"taxable","18":"shipping-taxable","19":"product-type-simple"},"_links":{"self":[{"href":"https:\/\/supermatic.ch\/fr\/wp-json\/wp\/v2\/product\/197","targetHints":{"allow":["GET"]}}],"collection":[{"href":"https:\/\/supermatic.ch\/fr\/wp-json\/wp\/v2\/product"}],"about":[{"href":"https:\/\/supermatic.ch\/fr\/wp-json\/wp\/v2\/types\/product"}],"replies":[{"embeddable":true,"href":"https:\/\/supermatic.ch\/fr\/wp-json\/wp\/v2\/comments?post=197"}],"wp:featuredmedia":[{"embeddable":true,"href":"https:\/\/supermatic.ch\/fr\/wp-json\/wp\/v2\/media\/198"}],"wp:attachment":[{"href":"https:\/\/supermatic.ch\/fr\/wp-json\/wp\/v2\/media?parent=197"}],"wp:term":[{"taxonomy":"product_brand","embeddable":true,"href":"https:\/\/supermatic.ch\/fr\/wp-json\/wp\/v2\/product_brand?post=197"},{"taxonomy":"product_cat","embeddable":true,"href":"https:\/\/supermatic.ch\/fr\/wp-json\/wp\/v2\/product_cat?post=197"},{"taxonomy":"product_tag","embeddable":true,"href":"https:\/\/supermatic.ch\/fr\/wp-json\/wp\/v2\/product_tag?post=197"}],"curies":[{"name":"wp","href":"https:\/\/api.w.org\/{rel}","templated":true}]}}