{"id":1988,"date":"2022-10-03T18:53:21","date_gmt":"2022-10-03T16:53:21","guid":{"rendered":"https:\/\/supermatic.ch\/produkt\/200ml-aluminiumflasche-mit-schraubgewinde-24-410\/"},"modified":"2025-05-15T21:46:50","modified_gmt":"2025-05-15T19:46:50","slug":"bouteille-daluminium-de-200ml-avec-filetage-24-410","status":"publish","type":"product","link":"https:\/\/supermatic.ch\/fr\/produkte\/flaschen\/200ml-aluminiumflasche-mit-schraubgewinde-24-410\/","title":{"rendered":"Bouteille en aluminium de 200 ml 24\/410"},"content":{"rendered":"<p>sans soudure, argent mat<br \/>\nB\u00f6rdel ouvert<br \/>\ndiam\u00e8tre 50mm<br \/>\nhauteur 140mm<br \/>\nVolume de la fermeture \u00e9clair : 225 ml<\/p>\n<p>Emballage d'origine en paquet de 64pcs<br \/>\n1 carton \u00e0 198pcs<br \/>\n1 palette \u00e0 2'688pcs<\/p>","protected":false},"excerpt":{"rendered":"<p>nahtlos, silbermatt B\u00f6rdel offen Durchmesser 50mm H\u00f6he 140mm RV-Volumen 225ml Originalverpackung in Bund \u00e0 64St. 1 [&hellip;]<\/p>\n","protected":false},"featured_media":4478,"comment_status":"open","ping_status":"closed","template":"","meta":[],"product_brand":[],"product_cat":[15,26,25],"product_tag":[430,431,378],"class_list":{"0":"post-1988","1":"product","2":"type-product","3":"status-publish","4":"has-post-thumbnail","6":"product_cat-flaschen","7":"product_cat-chemikalien","8":"product_cat-kosmetik","9":"product_tag-aluminium","10":"product_tag-aluminiumflasche","11":"product_tag-kosmetik","12":"product_shipping_class-5-8-tage-lieferzeit","13":"pa_farbe-farblos-lackiert","14":"pa_farbe-silber","15":"pa_form-rund","16":"pa_form-zylindrisch","17":"pa_fuellmenge-47","18":"pa_gewinde-24-410","19":"pa_material-aluminium","21":"first","22":"instock","23":"taxable","24":"shipping-taxable","25":"purchasable","26":"product-type-variable"},"_links":{"self":[{"href":"https:\/\/supermatic.ch\/fr\/wp-json\/wp\/v2\/product\/1988","targetHints":{"allow":["GET"]}}],"collection":[{"href":"https:\/\/supermatic.ch\/fr\/wp-json\/wp\/v2\/product"}],"about":[{"href":"https:\/\/supermatic.ch\/fr\/wp-json\/wp\/v2\/types\/product"}],"replies":[{"embeddable":true,"href":"https:\/\/supermatic.ch\/fr\/wp-json\/wp\/v2\/comments?post=1988"}],"wp:featuredmedia":[{"embeddable":true,"href":"https:\/\/supermatic.ch\/fr\/wp-json\/wp\/v2\/media\/4478"}],"wp:attachment":[{"href":"https:\/\/supermatic.ch\/fr\/wp-json\/wp\/v2\/media?parent=1988"}],"wp:term":[{"taxonomy":"product_brand","embeddable":true,"href":"https:\/\/supermatic.ch\/fr\/wp-json\/wp\/v2\/product_brand?post=1988"},{"taxonomy":"product_cat","embeddable":true,"href":"https:\/\/supermatic.ch\/fr\/wp-json\/wp\/v2\/product_cat?post=1988"},{"taxonomy":"product_tag","embeddable":true,"href":"https:\/\/supermatic.ch\/fr\/wp-json\/wp\/v2\/product_tag?post=1988"}],"curies":[{"name":"wp","href":"https:\/\/api.w.org\/{rel}","templated":true}]}}