{"id":2000,"date":"2022-10-03T18:53:21","date_gmt":"2022-10-03T16:53:21","guid":{"rendered":"https:\/\/supermatic.ch\/produkt\/300ml-aluminiumflasche-mit-schraubgewinde-28-410\/"},"modified":"2024-10-03T12:05:47","modified_gmt":"2024-10-03T10:05:47","slug":"300ml-bouteille-aluminium-avec-vis-28-410","status":"publish","type":"product","link":"https:\/\/supermatic.ch\/fr\/produkte\/flaschen\/300ml-aluminiumflasche-mit-schraubgewinde-28-410\/","title":{"rendered":"Bouteille en aluminium de 300 ml 28\/410"},"content":{"rendered":"<p>sans soudure, argent mat<br \/>\nB\u00f6rdel ouvert<br \/>\ndiam\u00e8tre 66mm<br \/>\nhauteur 140mm<\/p>\n<p>1 paquet de 35 pcs.<br \/>\n1 palette \u00e0 1'302pcs<\/p>\n<p>quantit\u00e9s plus importantes sur demande<\/p>","protected":false},"excerpt":{"rendered":"<p>nahtlos, silbermatt B\u00f6rdel offen Durchmesser 66mm H\u00f6he 140mm 1 Bund \u00e0 35St. 1 Palette \u00e0 1'302St. [&hellip;]<\/p>\n","protected":false},"featured_media":3336,"comment_status":"open","ping_status":"closed","template":"","meta":[],"product_brand":[],"product_cat":[15,26,25],"product_tag":[],"class_list":{"0":"post-2000","1":"product","2":"type-product","3":"status-publish","4":"has-post-thumbnail","6":"product_cat-flaschen","7":"product_cat-chemikalien","8":"product_cat-kosmetik","9":"product_shipping_class-5-8-tage-lieferzeit","10":"pa_farbe-farblos-lackiert","11":"pa_farbe-silber","12":"pa_form-rund","13":"pa_fuellmenge-183","14":"pa_gewinde-28-410","15":"pa_material-aluminium","17":"first","18":"instock","19":"taxable","20":"shipping-taxable","21":"purchasable","22":"product-type-variable"},"_links":{"self":[{"href":"https:\/\/supermatic.ch\/fr\/wp-json\/wp\/v2\/product\/2000","targetHints":{"allow":["GET"]}}],"collection":[{"href":"https:\/\/supermatic.ch\/fr\/wp-json\/wp\/v2\/product"}],"about":[{"href":"https:\/\/supermatic.ch\/fr\/wp-json\/wp\/v2\/types\/product"}],"replies":[{"embeddable":true,"href":"https:\/\/supermatic.ch\/fr\/wp-json\/wp\/v2\/comments?post=2000"}],"wp:featuredmedia":[{"embeddable":true,"href":"https:\/\/supermatic.ch\/fr\/wp-json\/wp\/v2\/media\/3336"}],"wp:attachment":[{"href":"https:\/\/supermatic.ch\/fr\/wp-json\/wp\/v2\/media?parent=2000"}],"wp:term":[{"taxonomy":"product_brand","embeddable":true,"href":"https:\/\/supermatic.ch\/fr\/wp-json\/wp\/v2\/product_brand?post=2000"},{"taxonomy":"product_cat","embeddable":true,"href":"https:\/\/supermatic.ch\/fr\/wp-json\/wp\/v2\/product_cat?post=2000"},{"taxonomy":"product_tag","embeddable":true,"href":"https:\/\/supermatic.ch\/fr\/wp-json\/wp\/v2\/product_tag?post=2000"}],"curies":[{"name":"wp","href":"https:\/\/api.w.org\/{rel}","templated":true}]}}