{"id":2018,"date":"2022-10-03T18:53:27","date_gmt":"2022-10-03T16:53:27","guid":{"rendered":"https:\/\/supermatic.ch\/produkt\/50ml-runddose-pet-konisch\/"},"modified":"2023-11-23T18:13:52","modified_gmt":"2023-11-23T16:13:52","slug":"50ml-boite-ronde-pet-conique","status":"publish","type":"product","link":"https:\/\/supermatic.ch\/fr\/produkte\/dosen\/50ml-runddose-pet-konisch\/","title":{"rendered":"Bo\u00eete ronde 50ml PET conique"},"content":{"rendered":"<p>Type 9<br \/>\nDouble paroi<br \/>\nCouleurs de la bo\u00eete : transparent, blanc<br \/>\ncouleur de la partie int\u00e9rieure : blanc (mat\u00e9riau PP)<br \/>\nDiam\u00e8tre : 64.80mm<br \/>\nhauteur : 51.80mm<\/p>\n<p>1 carton de 300pcs<br \/>\n1 palette de 6'000pcs<\/p>\n<p>Options de fermeture :<br \/>\nCouleurs : blanc, noir<br \/>\nFinition : brillant, mat<br \/>\nJoint d'\u00e9tanch\u00e9it\u00e9 : joint EPE<\/p>","protected":false},"excerpt":{"rendered":"<p>Typ 9 Doppelwandig Farben Dose: transparent, weiss Farbe Innenteil: weiss (Material PP) Durchmesser: 64.80mm H\u00f6he: 51.80mm [&hellip;]<\/p>\n","protected":false},"featured_media":2841,"comment_status":"open","ping_status":"closed","template":"","meta":[],"product_brand":[],"product_cat":[19,25],"product_tag":[],"class_list":{"0":"post-2018","1":"product","2":"type-product","3":"status-publish","4":"has-post-thumbnail","6":"product_cat-dosen","7":"product_cat-kosmetik","8":"product_shipping_class-5-8-tage-lieferzeit","9":"pa_farbe-transparent","10":"pa_farbe-weiss","11":"pa_fuellmenge-43","12":"pa_material-pet","13":"pa_material-pp","15":"first","16":"instock","17":"taxable","18":"shipping-taxable","19":"purchasable","20":"product-type-simple"},"_links":{"self":[{"href":"https:\/\/supermatic.ch\/fr\/wp-json\/wp\/v2\/product\/2018","targetHints":{"allow":["GET"]}}],"collection":[{"href":"https:\/\/supermatic.ch\/fr\/wp-json\/wp\/v2\/product"}],"about":[{"href":"https:\/\/supermatic.ch\/fr\/wp-json\/wp\/v2\/types\/product"}],"replies":[{"embeddable":true,"href":"https:\/\/supermatic.ch\/fr\/wp-json\/wp\/v2\/comments?post=2018"}],"wp:featuredmedia":[{"embeddable":true,"href":"https:\/\/supermatic.ch\/fr\/wp-json\/wp\/v2\/media\/2841"}],"wp:attachment":[{"href":"https:\/\/supermatic.ch\/fr\/wp-json\/wp\/v2\/media?parent=2018"}],"wp:term":[{"taxonomy":"product_brand","embeddable":true,"href":"https:\/\/supermatic.ch\/fr\/wp-json\/wp\/v2\/product_brand?post=2018"},{"taxonomy":"product_cat","embeddable":true,"href":"https:\/\/supermatic.ch\/fr\/wp-json\/wp\/v2\/product_cat?post=2018"},{"taxonomy":"product_tag","embeddable":true,"href":"https:\/\/supermatic.ch\/fr\/wp-json\/wp\/v2\/product_tag?post=2018"}],"curies":[{"name":"wp","href":"https:\/\/api.w.org\/{rel}","templated":true}]}}