{"id":2022,"date":"2022-10-03T18:53:27","date_gmt":"2022-10-03T16:53:27","guid":{"rendered":"https:\/\/supermatic.ch\/produkt\/10ml-runddose-pet\/"},"modified":"2023-11-23T18:13:52","modified_gmt":"2023-11-23T16:13:52","slug":"10ml-boite-ronde-pet","status":"publish","type":"product","link":"https:\/\/supermatic.ch\/fr\/produkte\/dosen\/10ml-runddose-pet\/","title":{"rendered":"Bo\u00eete ronde 10ml PET"},"content":{"rendered":"<p>Type 8<br \/>\nDouble paroi<br \/>\nCouleurs de la bo\u00eete : transparent, blanc<br \/>\ncouleur de la partie int\u00e9rieure : blanc (mat\u00e9riau PP)<br \/>\nDiam\u00e8tre : 42.14mm<br \/>\nhauteur : 33mm<\/p>\n<p>1 carton de 500pcs<br \/>\n1 palette de 10'000pcs<\/p>\n<p>Options de fermeture :<br \/>\nCouleurs : blanc, noir<br \/>\nFinition : brillant, mat<br \/>\nJoint d'\u00e9tanch\u00e9it\u00e9 : joint EPE<\/p>","protected":false},"excerpt":{"rendered":"<p>Typ 8 Doppelwandig Farben Dose: transparent, weiss Farbe Innenteil: weiss (Material PP) Durchmesser: 42.14mm H\u00f6he: 33mm [&hellip;]<\/p>\n","protected":false},"featured_media":2843,"comment_status":"open","ping_status":"closed","template":"","meta":[],"product_brand":[],"product_cat":[19,25],"product_tag":[],"class_list":{"0":"post-2022","1":"product","2":"type-product","3":"status-publish","4":"has-post-thumbnail","6":"product_cat-dosen","7":"product_cat-kosmetik","8":"product_shipping_class-5-8-tage-lieferzeit","9":"pa_farbe-transparent","10":"pa_farbe-weiss","11":"pa_fuellmenge-38","12":"pa_material-pet","13":"pa_material-pp","15":"first","16":"instock","17":"taxable","18":"shipping-taxable","19":"purchasable","20":"product-type-simple"},"_links":{"self":[{"href":"https:\/\/supermatic.ch\/fr\/wp-json\/wp\/v2\/product\/2022","targetHints":{"allow":["GET"]}}],"collection":[{"href":"https:\/\/supermatic.ch\/fr\/wp-json\/wp\/v2\/product"}],"about":[{"href":"https:\/\/supermatic.ch\/fr\/wp-json\/wp\/v2\/types\/product"}],"replies":[{"embeddable":true,"href":"https:\/\/supermatic.ch\/fr\/wp-json\/wp\/v2\/comments?post=2022"}],"wp:featuredmedia":[{"embeddable":true,"href":"https:\/\/supermatic.ch\/fr\/wp-json\/wp\/v2\/media\/2843"}],"wp:attachment":[{"href":"https:\/\/supermatic.ch\/fr\/wp-json\/wp\/v2\/media?parent=2022"}],"wp:term":[{"taxonomy":"product_brand","embeddable":true,"href":"https:\/\/supermatic.ch\/fr\/wp-json\/wp\/v2\/product_brand?post=2022"},{"taxonomy":"product_cat","embeddable":true,"href":"https:\/\/supermatic.ch\/fr\/wp-json\/wp\/v2\/product_cat?post=2022"},{"taxonomy":"product_tag","embeddable":true,"href":"https:\/\/supermatic.ch\/fr\/wp-json\/wp\/v2\/product_tag?post=2022"}],"curies":[{"name":"wp","href":"https:\/\/api.w.org\/{rel}","templated":true}]}}