{"id":2026,"date":"2022-10-03T18:53:27","date_gmt":"2022-10-03T16:53:27","guid":{"rendered":"https:\/\/supermatic.ch\/produkt\/200ml-runddose-pet\/"},"modified":"2023-11-23T18:13:53","modified_gmt":"2023-11-23T16:13:53","slug":"200ml-boite-ronde-pet","status":"publish","type":"product","link":"https:\/\/supermatic.ch\/fr\/produkte\/dosen\/200ml-runddose-pet\/","title":{"rendered":"Bo\u00eete ronde 200ml PET"},"content":{"rendered":"<p>Type 8<br \/>\nDouble paroi<br \/>\nCouleurs de la bo\u00eete : transparent, blanc, marron, noir<br \/>\ncouleur de la partie int\u00e9rieure : blanc (mat\u00e9riau PP)<\/p>\n<p>Diam\u00e8tre : 96.40mm<br \/>\nhauteur : 80.80mm<\/p>\n<p>1 carton \u00e0 160pcs<br \/>\n1 palette \u00e0 1'960pcs.<\/p>\n<p>Options de fermeture :<br \/>\nCouleurs : blanc, noir<br \/>\nFinition : brillant, mat<br \/>\nJoint d'\u00e9tanch\u00e9it\u00e9 : joint EPE<\/p>","protected":false},"excerpt":{"rendered":"<p>Typ 8 Doppelwandig Farben Dose: transparent, weiss, braun, schwarz Farbe Innenteil: weiss (Material PP) Durchmesser: 96.40mm [&hellip;]<\/p>\n","protected":false},"featured_media":2856,"comment_status":"open","ping_status":"closed","template":"","meta":[],"product_brand":[],"product_cat":[19,25],"product_tag":[],"class_list":{"0":"post-2026","1":"product","2":"type-product","3":"status-publish","4":"has-post-thumbnail","6":"product_cat-dosen","7":"product_cat-kosmetik","8":"product_shipping_class-5-8-tage-lieferzeit","9":"pa_farbe-braun","10":"pa_farbe-schwarz","11":"pa_farbe-transparent","12":"pa_farbe-weiss","13":"pa_fuellmenge-47","14":"pa_material-pet","15":"pa_material-pp","17":"first","18":"instock","19":"taxable","20":"shipping-taxable","21":"purchasable","22":"product-type-simple"},"_links":{"self":[{"href":"https:\/\/supermatic.ch\/fr\/wp-json\/wp\/v2\/product\/2026","targetHints":{"allow":["GET"]}}],"collection":[{"href":"https:\/\/supermatic.ch\/fr\/wp-json\/wp\/v2\/product"}],"about":[{"href":"https:\/\/supermatic.ch\/fr\/wp-json\/wp\/v2\/types\/product"}],"replies":[{"embeddable":true,"href":"https:\/\/supermatic.ch\/fr\/wp-json\/wp\/v2\/comments?post=2026"}],"wp:featuredmedia":[{"embeddable":true,"href":"https:\/\/supermatic.ch\/fr\/wp-json\/wp\/v2\/media\/2856"}],"wp:attachment":[{"href":"https:\/\/supermatic.ch\/fr\/wp-json\/wp\/v2\/media?parent=2026"}],"wp:term":[{"taxonomy":"product_brand","embeddable":true,"href":"https:\/\/supermatic.ch\/fr\/wp-json\/wp\/v2\/product_brand?post=2026"},{"taxonomy":"product_cat","embeddable":true,"href":"https:\/\/supermatic.ch\/fr\/wp-json\/wp\/v2\/product_cat?post=2026"},{"taxonomy":"product_tag","embeddable":true,"href":"https:\/\/supermatic.ch\/fr\/wp-json\/wp\/v2\/product_tag?post=2026"}],"curies":[{"name":"wp","href":"https:\/\/api.w.org\/{rel}","templated":true}]}}