{"id":2034,"date":"2022-10-03T18:53:27","date_gmt":"2022-10-03T16:53:27","guid":{"rendered":"https:\/\/supermatic.ch\/produkt\/25ml-runddose-pet\/"},"modified":"2023-11-23T18:13:54","modified_gmt":"2023-11-23T16:13:54","slug":"25ml-boite-ronde-pet","status":"publish","type":"product","link":"https:\/\/supermatic.ch\/fr\/produkte\/dosen\/25ml-runddose-pet\/","title":{"rendered":"Bo\u00eete ronde de 25ml PET"},"content":{"rendered":"<p>Type 8<br \/>\nCouleurs : transparent, blanc<br \/>\nDiam\u00e8tre : 42.14mm<br \/>\nhauteur : 32.30mm<\/p>\n<p>1 carton \u00e0 600pcs<br \/>\n1 palette de 19'200pcs<\/p>\n<p>Options de fermeture :<br \/>\nCouleurs : blanc, noir<br \/>\nFinition : brillant, mat<br \/>\nJoint d'\u00e9tanch\u00e9it\u00e9 : joint EPE<\/p>","protected":false},"excerpt":{"rendered":"<p>Typ 8 Farben: transparent, weiss Durchmesser: 42.14mm H\u00f6he: 32.30mm 1 Karton \u00e0 600St. 1 Palette \u00e0 [&hellip;]<\/p>\n","protected":false},"featured_media":2844,"comment_status":"open","ping_status":"closed","template":"","meta":[],"product_brand":[],"product_cat":[19,25],"product_tag":[],"class_list":{"0":"post-2034","1":"product","2":"type-product","3":"status-publish","4":"has-post-thumbnail","6":"product_cat-dosen","7":"product_cat-kosmetik","8":"product_shipping_class-5-8-tage-lieferzeit","9":"pa_farbe-transparent","10":"pa_farbe-weiss","11":"pa_fuellmenge-40","12":"pa_material-pet","14":"first","15":"instock","16":"taxable","17":"shipping-taxable","18":"purchasable","19":"product-type-simple"},"_links":{"self":[{"href":"https:\/\/supermatic.ch\/fr\/wp-json\/wp\/v2\/product\/2034","targetHints":{"allow":["GET"]}}],"collection":[{"href":"https:\/\/supermatic.ch\/fr\/wp-json\/wp\/v2\/product"}],"about":[{"href":"https:\/\/supermatic.ch\/fr\/wp-json\/wp\/v2\/types\/product"}],"replies":[{"embeddable":true,"href":"https:\/\/supermatic.ch\/fr\/wp-json\/wp\/v2\/comments?post=2034"}],"wp:featuredmedia":[{"embeddable":true,"href":"https:\/\/supermatic.ch\/fr\/wp-json\/wp\/v2\/media\/2844"}],"wp:attachment":[{"href":"https:\/\/supermatic.ch\/fr\/wp-json\/wp\/v2\/media?parent=2034"}],"wp:term":[{"taxonomy":"product_brand","embeddable":true,"href":"https:\/\/supermatic.ch\/fr\/wp-json\/wp\/v2\/product_brand?post=2034"},{"taxonomy":"product_cat","embeddable":true,"href":"https:\/\/supermatic.ch\/fr\/wp-json\/wp\/v2\/product_cat?post=2034"},{"taxonomy":"product_tag","embeddable":true,"href":"https:\/\/supermatic.ch\/fr\/wp-json\/wp\/v2\/product_tag?post=2034"}],"curies":[{"name":"wp","href":"https:\/\/api.w.org\/{rel}","templated":true}]}}