{"id":2046,"date":"2022-10-03T18:53:36","date_gmt":"2022-10-03T16:53:36","guid":{"rendered":"https:\/\/supermatic.ch\/produkt\/500ml-runddose-pet-89-400\/"},"modified":"2023-11-23T18:12:51","modified_gmt":"2023-11-23T16:12:51","slug":"500ml-runddose-pet-89-400","status":"publish","type":"product","link":"https:\/\/supermatic.ch\/fr\/produkte\/dosen\/500ml-runddose-pet-89-400\/","title":{"rendered":"Bo\u00eete ronde de 500 ml PET 89\/400"},"content":{"rendered":"<p>Type 23<br \/>\nCouleurs : transparent, blanc, marron<br \/>\ndiam\u00e8tre : 93mm<br \/>\nhauteur : 95.80mm<\/p>\n<p>1 carton de 112pcs<br \/>\n1 palette \u00e0 2'128pcs<\/p>\n<p>Options de fermeture :<br \/>\nCouleurs : blanc, noir<br \/>\nSurface : lisse sur les c\u00f4t\u00e9s ou rainur\u00e9e<br \/>\nJoint d'\u00e9tanch\u00e9it\u00e9 : Poly Seal, EPE, liner \u00e0 induction<\/p>","protected":false},"excerpt":{"rendered":"<p>Typ 23 Farben: transparent, weiss, braun Durchmesser: 93mm H\u00f6he: 95.80mm 1 Karton \u00e0 112St. 1 Palette [&hellip;]<\/p>\n","protected":false},"featured_media":2813,"comment_status":"open","ping_status":"closed","template":"","meta":[],"product_brand":[],"product_cat":[19,25,24],"product_tag":[],"class_list":{"0":"post-2046","1":"product","2":"type-product","3":"status-publish","4":"has-post-thumbnail","6":"product_cat-dosen","7":"product_cat-kosmetik","8":"product_cat-lebensmittel","9":"product_shipping_class-5-8-tage-lieferzeit","10":"pa_farbe-braun","11":"pa_farbe-transparent","12":"pa_farbe-weiss","13":"pa_fuellmenge-58","14":"pa_gewinde-89-400","15":"pa_material-pet","17":"first","18":"instock","19":"taxable","20":"shipping-taxable","21":"purchasable","22":"product-type-simple"},"_links":{"self":[{"href":"https:\/\/supermatic.ch\/fr\/wp-json\/wp\/v2\/product\/2046","targetHints":{"allow":["GET"]}}],"collection":[{"href":"https:\/\/supermatic.ch\/fr\/wp-json\/wp\/v2\/product"}],"about":[{"href":"https:\/\/supermatic.ch\/fr\/wp-json\/wp\/v2\/types\/product"}],"replies":[{"embeddable":true,"href":"https:\/\/supermatic.ch\/fr\/wp-json\/wp\/v2\/comments?post=2046"}],"wp:featuredmedia":[{"embeddable":true,"href":"https:\/\/supermatic.ch\/fr\/wp-json\/wp\/v2\/media\/2813"}],"wp:attachment":[{"href":"https:\/\/supermatic.ch\/fr\/wp-json\/wp\/v2\/media?parent=2046"}],"wp:term":[{"taxonomy":"product_brand","embeddable":true,"href":"https:\/\/supermatic.ch\/fr\/wp-json\/wp\/v2\/product_brand?post=2046"},{"taxonomy":"product_cat","embeddable":true,"href":"https:\/\/supermatic.ch\/fr\/wp-json\/wp\/v2\/product_cat?post=2046"},{"taxonomy":"product_tag","embeddable":true,"href":"https:\/\/supermatic.ch\/fr\/wp-json\/wp\/v2\/product_tag?post=2046"}],"curies":[{"name":"wp","href":"https:\/\/api.w.org\/{rel}","templated":true}]}}