{"id":2060,"date":"2022-10-03T18:53:36","date_gmt":"2022-10-03T16:53:36","guid":{"rendered":"https:\/\/supermatic.ch\/produkt\/400ml-runddose-pet-70-400\/"},"modified":"2023-11-23T18:13:49","modified_gmt":"2023-11-23T16:13:49","slug":"400ml-runddose-pet-70-400","status":"publish","type":"product","link":"https:\/\/supermatic.ch\/fr\/produkte\/dosen\/400ml-runddose-pet-70-400\/","title":{"rendered":"Bo\u00eete ronde 400ml PET 70\/400"},"content":{"rendered":"<p>Type 23<br \/>\nCouleurs : transparent, blanc, marron<br \/>\ndiam\u00e8tre : 72mm<br \/>\nhauteur : 117.50mm<\/p>\n<p>1 carton de 200pcs<br \/>\n1 palette de 2'400pcs<\/p>\n<p>Options de fermeture :<br \/>\nCouleurs : blanc, noir<br \/>\nSurface : lisse sur les c\u00f4t\u00e9s ou rainur\u00e9e<br \/>\nJoint d'\u00e9tanch\u00e9it\u00e9 : EPE, liner \u00e0 induction<\/p>\n<p>&nbsp;<\/p>","protected":false},"excerpt":{"rendered":"<p>Typ 23 Farben: transparent, weiss, braun Durchmesser: 72mm H\u00f6he: 117.50mm 1 Karton \u00e0 200St. 1 Palette [&hellip;]<\/p>\n","protected":false},"featured_media":2829,"comment_status":"open","ping_status":"closed","template":"","meta":[],"product_brand":[],"product_cat":[19,25,24],"product_tag":[],"class_list":{"0":"post-2060","1":"product","2":"type-product","3":"status-publish","4":"has-post-thumbnail","6":"product_cat-dosen","7":"product_cat-kosmetik","8":"product_cat-lebensmittel","9":"product_shipping_class-5-8-tage-lieferzeit","10":"pa_farbe-braun","11":"pa_farbe-transparent","12":"pa_farbe-weiss","13":"pa_fuellmenge-48","14":"pa_gewinde-70-400","15":"pa_material-pet","17":"first","18":"instock","19":"taxable","20":"shipping-taxable","21":"purchasable","22":"product-type-simple"},"_links":{"self":[{"href":"https:\/\/supermatic.ch\/fr\/wp-json\/wp\/v2\/product\/2060","targetHints":{"allow":["GET"]}}],"collection":[{"href":"https:\/\/supermatic.ch\/fr\/wp-json\/wp\/v2\/product"}],"about":[{"href":"https:\/\/supermatic.ch\/fr\/wp-json\/wp\/v2\/types\/product"}],"replies":[{"embeddable":true,"href":"https:\/\/supermatic.ch\/fr\/wp-json\/wp\/v2\/comments?post=2060"}],"wp:featuredmedia":[{"embeddable":true,"href":"https:\/\/supermatic.ch\/fr\/wp-json\/wp\/v2\/media\/2829"}],"wp:attachment":[{"href":"https:\/\/supermatic.ch\/fr\/wp-json\/wp\/v2\/media?parent=2060"}],"wp:term":[{"taxonomy":"product_brand","embeddable":true,"href":"https:\/\/supermatic.ch\/fr\/wp-json\/wp\/v2\/product_brand?post=2060"},{"taxonomy":"product_cat","embeddable":true,"href":"https:\/\/supermatic.ch\/fr\/wp-json\/wp\/v2\/product_cat?post=2060"},{"taxonomy":"product_tag","embeddable":true,"href":"https:\/\/supermatic.ch\/fr\/wp-json\/wp\/v2\/product_tag?post=2060"}],"curies":[{"name":"wp","href":"https:\/\/api.w.org\/{rel}","templated":true}]}}