{"id":2064,"date":"2022-10-03T18:53:36","date_gmt":"2022-10-03T16:53:36","guid":{"rendered":"https:\/\/supermatic.ch\/produkt\/250ml-weithalsflasche-aus-klarglas-to43\/"},"modified":"2024-07-10T11:10:27","modified_gmt":"2024-07-10T09:10:27","slug":"bouteille-a-col-large-de-250ml-en-verre-transparent-to43","status":"publish","type":"product","link":"https:\/\/supermatic.ch\/fr\/produkte\/nachhaltig\/250ml-weithalsflasche-aus-klarglas-to43\/","title":{"rendered":"Bouteille \u00e0 col large de 250ml en verre transparent"},"content":{"rendered":"<p>Volume \u00e0 ras bord : 275ml<\/p>\n<p>masse :<br \/>\nhauteur 137.8mm<br \/>\ndiam\u00e8tre 62.7mm<\/p>\n<p>Quantit\u00e9 par palette : 4212pcs<\/p>","protected":false},"excerpt":{"rendered":"<p>Volume \u00e0 ras bord : 275ml Dimensions : hauteur 137.8mm diam\u00e8tre 62.7mm Quantit\u00e9 par palette : 4212pcs.<\/p>","protected":false},"featured_media":2742,"comment_status":"open","ping_status":"closed","template":"","meta":[],"product_brand":[],"product_cat":[55,15,24],"product_tag":[],"class_list":{"0":"post-2064","1":"product","2":"type-product","3":"status-publish","4":"has-post-thumbnail","6":"product_cat-nachhaltig","7":"product_cat-flaschen","8":"product_cat-lebensmittel","9":"pa_farbe-transparent","10":"pa_fuellmenge-133","11":"pa_gewinde-to43","12":"pa_material-glas","14":"first","15":"instock","16":"taxable","17":"shipping-taxable","18":"purchasable","19":"product-type-variable"},"_links":{"self":[{"href":"https:\/\/supermatic.ch\/fr\/wp-json\/wp\/v2\/product\/2064","targetHints":{"allow":["GET"]}}],"collection":[{"href":"https:\/\/supermatic.ch\/fr\/wp-json\/wp\/v2\/product"}],"about":[{"href":"https:\/\/supermatic.ch\/fr\/wp-json\/wp\/v2\/types\/product"}],"replies":[{"embeddable":true,"href":"https:\/\/supermatic.ch\/fr\/wp-json\/wp\/v2\/comments?post=2064"}],"wp:featuredmedia":[{"embeddable":true,"href":"https:\/\/supermatic.ch\/fr\/wp-json\/wp\/v2\/media\/2742"}],"wp:attachment":[{"href":"https:\/\/supermatic.ch\/fr\/wp-json\/wp\/v2\/media?parent=2064"}],"wp:term":[{"taxonomy":"product_brand","embeddable":true,"href":"https:\/\/supermatic.ch\/fr\/wp-json\/wp\/v2\/product_brand?post=2064"},{"taxonomy":"product_cat","embeddable":true,"href":"https:\/\/supermatic.ch\/fr\/wp-json\/wp\/v2\/product_cat?post=2064"},{"taxonomy":"product_tag","embeddable":true,"href":"https:\/\/supermatic.ch\/fr\/wp-json\/wp\/v2\/product_tag?post=2064"}],"curies":[{"name":"wp","href":"https:\/\/api.w.org\/{rel}","templated":true}]}}