{"id":2165,"date":"2022-10-03T18:54:06","date_gmt":"2022-10-03T16:54:06","guid":{"rendered":"https:\/\/supermatic.ch\/produkt\/stand-up-pouch-5lt\/"},"modified":"2023-11-23T18:12:44","modified_gmt":"2023-11-23T16:12:44","slug":"stand-up-pouch-5lt","status":"publish","type":"product","link":"https:\/\/supermatic.ch\/fr\/produkte\/beutel\/stand-up-pouch-5lt\/","title":{"rendered":"Stand up Pouch 5lt"},"content":{"rendered":"<p>PE transparent,<br \/>\nBarri\u00e8re standard,<br \/>\navec des ouvertures de maintien,<br \/>\nsachet \u00e9tanche \u00e0 l'air pour la fra\u00eecheur et la s\u00e9curit\u00e9 du produit,<br \/>\nsp\u00e9cialement adapt\u00e9 aux produits cosm\u00e9tiques et chimico-techniques,<br \/>\nun stockage peu encombrant,<br \/>\nRemplissage par bec verseur,<br \/>\nBouchon \u00e0 visser couleur naturelle avec ouverture garantie,<br \/>\npeuvent \u00eatre enti\u00e8rement vid\u00e9s et aplatis apr\u00e8s utilisation,<\/p>\n<p>Largeur (mm) : 300mm,<br \/>\nHauteur (mm) : 355mm,<\/p>\n<p>Impression sur demande<\/p>\n<p>1 carton de 200pcs<\/p>\n<p>1 palette de 2400pcs<\/p>","protected":false},"excerpt":{"rendered":"<p>PE transparent, Standardbarriere, mit Halte\u00f6ffnungen, luftdichter Beutel f\u00fcr Frische und Produktsicherheit, speziell geeignet f\u00fcr Kosmetik- und [&hellip;]<\/p>\n","protected":false},"featured_media":2685,"comment_status":"open","ping_status":"closed","template":"","meta":[],"product_brand":[],"product_cat":[27,26,25],"product_tag":[],"class_list":{"0":"post-2165","1":"product","2":"type-product","3":"status-publish","4":"has-post-thumbnail","6":"product_cat-beutel","7":"product_cat-chemikalien","8":"product_cat-kosmetik","9":"product_shipping_class-5-8-tage-lieferzeit","10":"pa_farbe-transparent","11":"pa_fuellmenge-132","12":"pa_material-hd-pe","14":"first","15":"instock","16":"taxable","17":"shipping-taxable","18":"purchasable","19":"product-type-variable"},"_links":{"self":[{"href":"https:\/\/supermatic.ch\/fr\/wp-json\/wp\/v2\/product\/2165","targetHints":{"allow":["GET"]}}],"collection":[{"href":"https:\/\/supermatic.ch\/fr\/wp-json\/wp\/v2\/product"}],"about":[{"href":"https:\/\/supermatic.ch\/fr\/wp-json\/wp\/v2\/types\/product"}],"replies":[{"embeddable":true,"href":"https:\/\/supermatic.ch\/fr\/wp-json\/wp\/v2\/comments?post=2165"}],"wp:featuredmedia":[{"embeddable":true,"href":"https:\/\/supermatic.ch\/fr\/wp-json\/wp\/v2\/media\/2685"}],"wp:attachment":[{"href":"https:\/\/supermatic.ch\/fr\/wp-json\/wp\/v2\/media?parent=2165"}],"wp:term":[{"taxonomy":"product_brand","embeddable":true,"href":"https:\/\/supermatic.ch\/fr\/wp-json\/wp\/v2\/product_brand?post=2165"},{"taxonomy":"product_cat","embeddable":true,"href":"https:\/\/supermatic.ch\/fr\/wp-json\/wp\/v2\/product_cat?post=2165"},{"taxonomy":"product_tag","embeddable":true,"href":"https:\/\/supermatic.ch\/fr\/wp-json\/wp\/v2\/product_tag?post=2165"}],"curies":[{"name":"wp","href":"https:\/\/api.w.org\/{rel}","templated":true}]}}