{"id":2179,"date":"2022-10-03T18:54:06","date_gmt":"2022-10-03T16:54:06","guid":{"rendered":"https:\/\/supermatic.ch\/produkt\/airless-dispenser-50ml-transparent\/"},"modified":"2024-11-26T09:53:58","modified_gmt":"2024-11-26T07:53:58","slug":"airless-dispenser-50ml-transparent","status":"publish","type":"product","link":"https:\/\/supermatic.ch\/fr\/produkte\/verschluesse\/dispenser-und-pumpen\/airless-dispenser-50ml-transparent\/","title":{"rendered":"Distributeur Airless 50ml transparent"},"content":{"rendered":"<p>Conteneur PP transparent,<br \/>\nDistributeur blanc,<br \/>\nCache naturel\/transparent<br \/>\nD\u00e9bit 1ml\/course,<br \/>\nCache Soft line,<br \/>\navec l\u00e8vre qui prot\u00e8ge le contenu du dess\u00e8chement,<br \/>\nSurface lisse,<br \/>\nRemplissage : topfill<\/p>\n<p>Diam\u00e8tre (mm) : 48mm,<br \/>\nHauteur, capuchon inclus (mm) : 94mm,<\/p>\n<p>Impression sur demande<\/p>\n<p>1 carton de 624pcs<\/p>\n<p>Le syst\u00e8me airless permet une utilisation presque compl\u00e8te du produit. Le produit est pouss\u00e9 avec pr\u00e9cision vers le haut. Il s'agit d'une solution id\u00e9ale, tant du point de vue \u00e9conomique qu'\u00e9cologique.<\/p>\n<p>Un aspect important et un avantage d\u00e9cisif des emballages airless est le dosage hygi\u00e9nique. La forme ferm\u00e9e minimise efficacement le risque de p\u00e9n\u00e9tration de germes dans l'emballage - un probl\u00e8me fr\u00e9quent avec les emballages traditionnels o\u00f9 il existe un risque d'introduction de bact\u00e9ries depuis l'environnement ou par contact avec les mains de l'utilisateur.<\/p>\n<p>Les emballages airless sont \u00e9galement une solution id\u00e9ale pour relever les d\u00e9fis de l'industrie cosm\u00e9tique en mati\u00e8re de dosage pr\u00e9cis et confortable du produit. Les emballages airless r\u00e9solvent ce probl\u00e8me gr\u00e2ce \u00e0 un syst\u00e8me qui permet une application pr\u00e9cise et contr\u00f4l\u00e9e. En outre, ils constituent le choix id\u00e9al pour un placement de produit de qualit\u00e9 sur le march\u00e9. Le design \u00e9l\u00e9gant et minimaliste de ces emballages souligne leur caract\u00e8re exclusif. Les couleurs, l'impression et les autres possibilit\u00e9s de finition sont des atouts suppl\u00e9mentaires pour placer le produit sur le march\u00e9.<\/p>","protected":false},"excerpt":{"rendered":"<p>Container PP transparent, Dispenser weiss, Abdeckkappe natur\/transparent Ausbringung 1ml\/Hub, Abdeckkappe Soft line, mit Lippe welche das [&hellip;]<\/p>\n","protected":false},"featured_media":3218,"comment_status":"open","ping_status":"closed","template":"","meta":[],"product_brand":[],"product_cat":[301,15,25],"product_tag":[],"class_list":{"0":"post-2179","1":"product","2":"type-product","3":"status-publish","4":"has-post-thumbnail","6":"product_cat-dispenser-und-pumpen","7":"product_cat-flaschen","8":"product_cat-kosmetik","9":"product_shipping_class-5-8-tage-lieferzeit","10":"pa_farbe-transparent","11":"pa_farbe-weiss","12":"pa_fuellmenge-43","13":"pa_material-pp","15":"first","16":"instock","17":"taxable","18":"shipping-taxable","19":"purchasable","20":"product-type-variable"},"_links":{"self":[{"href":"https:\/\/supermatic.ch\/fr\/wp-json\/wp\/v2\/product\/2179","targetHints":{"allow":["GET"]}}],"collection":[{"href":"https:\/\/supermatic.ch\/fr\/wp-json\/wp\/v2\/product"}],"about":[{"href":"https:\/\/supermatic.ch\/fr\/wp-json\/wp\/v2\/types\/product"}],"replies":[{"embeddable":true,"href":"https:\/\/supermatic.ch\/fr\/wp-json\/wp\/v2\/comments?post=2179"}],"wp:featuredmedia":[{"embeddable":true,"href":"https:\/\/supermatic.ch\/fr\/wp-json\/wp\/v2\/media\/3218"}],"wp:attachment":[{"href":"https:\/\/supermatic.ch\/fr\/wp-json\/wp\/v2\/media?parent=2179"}],"wp:term":[{"taxonomy":"product_brand","embeddable":true,"href":"https:\/\/supermatic.ch\/fr\/wp-json\/wp\/v2\/product_brand?post=2179"},{"taxonomy":"product_cat","embeddable":true,"href":"https:\/\/supermatic.ch\/fr\/wp-json\/wp\/v2\/product_cat?post=2179"},{"taxonomy":"product_tag","embeddable":true,"href":"https:\/\/supermatic.ch\/fr\/wp-json\/wp\/v2\/product_tag?post=2179"}],"curies":[{"name":"wp","href":"https:\/\/api.w.org\/{rel}","templated":true}]}}