{"id":2211,"date":"2022-10-03T18:54:19","date_gmt":"2022-10-03T16:54:19","guid":{"rendered":"https:\/\/supermatic.ch\/produkt\/125ml-rundflasche-elegance-aus-klarglas\/"},"modified":"2023-11-23T18:12:41","modified_gmt":"2023-11-23T16:12:41","slug":"125ml-bouteille-ronde-elegance-en-verre-clair","status":"publish","type":"product","link":"https:\/\/supermatic.ch\/fr\/produkte\/flaschen\/125ml-rundflasche-elegance-aus-klarglas\/","title":{"rendered":"Bouteille ronde Elegance de 125 ml en verre transparent"},"content":{"rendered":"<p>Volume de la fermeture \u00e9clair : 133ml<br \/>\nHauteur d'\u00e9tiquetage : 80mm<\/p>\n<p>masse :<br \/>\nhauteur 115mm<br \/>\ndiam\u00e8tre 48.7mm<\/p>\n<p>1 palette \u00e0 1'015pcs<\/p>","protected":false},"excerpt":{"rendered":"<p>Volume de la fermeture \u00e9clair : 133ml Hauteur d'\u00e9tiquetage : 80mm Dimensions : hauteur 115mm diam\u00e8tre 48.7mm 1 palette de 1'015pcs.<\/p>","protected":false},"featured_media":3391,"comment_status":"open","ping_status":"closed","template":"","meta":[],"product_brand":[],"product_cat":[15,25,55],"product_tag":[],"class_list":{"0":"post-2211","1":"product","2":"type-product","3":"status-publish","4":"has-post-thumbnail","6":"product_cat-flaschen","7":"product_cat-kosmetik","8":"product_cat-nachhaltig","9":"product_shipping_class-5-8-tage-lieferzeit","10":"pa_farbe-transparent","11":"pa_fuellmenge-45","12":"pa_gewinde-24-410","13":"pa_material-glas","15":"first","16":"instock","17":"taxable","18":"shipping-taxable","19":"purchasable","20":"product-type-variable"},"_links":{"self":[{"href":"https:\/\/supermatic.ch\/fr\/wp-json\/wp\/v2\/product\/2211","targetHints":{"allow":["GET"]}}],"collection":[{"href":"https:\/\/supermatic.ch\/fr\/wp-json\/wp\/v2\/product"}],"about":[{"href":"https:\/\/supermatic.ch\/fr\/wp-json\/wp\/v2\/types\/product"}],"replies":[{"embeddable":true,"href":"https:\/\/supermatic.ch\/fr\/wp-json\/wp\/v2\/comments?post=2211"}],"wp:featuredmedia":[{"embeddable":true,"href":"https:\/\/supermatic.ch\/fr\/wp-json\/wp\/v2\/media\/3391"}],"wp:attachment":[{"href":"https:\/\/supermatic.ch\/fr\/wp-json\/wp\/v2\/media?parent=2211"}],"wp:term":[{"taxonomy":"product_brand","embeddable":true,"href":"https:\/\/supermatic.ch\/fr\/wp-json\/wp\/v2\/product_brand?post=2211"},{"taxonomy":"product_cat","embeddable":true,"href":"https:\/\/supermatic.ch\/fr\/wp-json\/wp\/v2\/product_cat?post=2211"},{"taxonomy":"product_tag","embeddable":true,"href":"https:\/\/supermatic.ch\/fr\/wp-json\/wp\/v2\/product_tag?post=2211"}],"curies":[{"name":"wp","href":"https:\/\/api.w.org\/{rel}","templated":true}]}}