{"id":2217,"date":"2022-10-03T18:54:19","date_gmt":"2022-10-03T16:54:19","guid":{"rendered":"https:\/\/supermatic.ch\/produkt\/150ml-rundflasche-elegance-aus-klarglas\/"},"modified":"2024-10-03T12:05:54","modified_gmt":"2024-10-03T10:05:54","slug":"150ml-bouteille-ronde-elegance-en-verre-clair","status":"publish","type":"product","link":"https:\/\/supermatic.ch\/fr\/produkte\/flaschen\/150ml-rundflasche-elegance-aus-klarglas\/","title":{"rendered":"Bouteille ronde Elegance de 150 ml en verre transparent"},"content":{"rendered":"<p>Volume de la fermeture \u00e9clair : 167ml<br \/>\nHauteur d'\u00e9tiquetage : 135mm<\/p>\n<p>masse :<br \/>\nhauteur 176.5mm<br \/>\ndiam\u00e8tre 44.3mm<\/p>\n<p>1 palette de 1'008pcs<\/p>","protected":false},"excerpt":{"rendered":"<p>Volume RV : 167ml Hauteur d'\u00e9tiquetage : 135mm Dimensions : hauteur 176.5mm diam\u00e8tre 44.3mm 1 palette \u00e0 1'008pcs.<\/p>","protected":false},"featured_media":3393,"comment_status":"open","ping_status":"closed","template":"","meta":[],"product_brand":[],"product_cat":[15,25,55],"product_tag":[],"class_list":{"0":"post-2217","1":"product","2":"type-product","3":"status-publish","4":"has-post-thumbnail","6":"product_cat-flaschen","7":"product_cat-kosmetik","8":"product_cat-nachhaltig","9":"product_shipping_class-3-5-tage-lieferzeit","10":"pa_farbe-transparent","11":"pa_fuellmenge-46","12":"pa_gewinde-24-410","13":"pa_material-glas","15":"first","16":"instock","17":"taxable","18":"shipping-taxable","19":"purchasable","20":"product-type-variable"},"_links":{"self":[{"href":"https:\/\/supermatic.ch\/fr\/wp-json\/wp\/v2\/product\/2217","targetHints":{"allow":["GET"]}}],"collection":[{"href":"https:\/\/supermatic.ch\/fr\/wp-json\/wp\/v2\/product"}],"about":[{"href":"https:\/\/supermatic.ch\/fr\/wp-json\/wp\/v2\/types\/product"}],"replies":[{"embeddable":true,"href":"https:\/\/supermatic.ch\/fr\/wp-json\/wp\/v2\/comments?post=2217"}],"wp:featuredmedia":[{"embeddable":true,"href":"https:\/\/supermatic.ch\/fr\/wp-json\/wp\/v2\/media\/3393"}],"wp:attachment":[{"href":"https:\/\/supermatic.ch\/fr\/wp-json\/wp\/v2\/media?parent=2217"}],"wp:term":[{"taxonomy":"product_brand","embeddable":true,"href":"https:\/\/supermatic.ch\/fr\/wp-json\/wp\/v2\/product_brand?post=2217"},{"taxonomy":"product_cat","embeddable":true,"href":"https:\/\/supermatic.ch\/fr\/wp-json\/wp\/v2\/product_cat?post=2217"},{"taxonomy":"product_tag","embeddable":true,"href":"https:\/\/supermatic.ch\/fr\/wp-json\/wp\/v2\/product_tag?post=2217"}],"curies":[{"name":"wp","href":"https:\/\/api.w.org\/{rel}","templated":true}]}}