{"id":2424,"date":"2022-10-03T18:55:07","date_gmt":"2022-10-03T16:55:07","guid":{"rendered":"https:\/\/supermatic.ch\/produkt\/200ml-rundflasche-aus-klarglas-pp28\/"},"modified":"2023-11-23T18:11:51","modified_gmt":"2023-11-23T16:11:51","slug":"200ml-bouteille-rond-de-verre-clair-pp28","status":"publish","type":"product","link":"https:\/\/supermatic.ch\/fr\/produkte\/flaschen\/200ml-rundflasche-aus-klarglas-pp28\/","title":{"rendered":"Bouteille ronde de 200ml en verre clair PP28"},"content":{"rendered":"<p>masse :<br \/>\nhauteur 133.3mm<br \/>\ndiam\u00e8tre 57mm<br \/>\nhauteur d'\u00e9tiquetage 63.9mm<br \/>\nvolume de la fermeture \u00e9clair : 213 ml<\/p>\n<p>1 unit\u00e9 \u00e0 67pcs<br \/>\n1 palette de 2345pcs<\/p>","protected":false},"excerpt":{"rendered":"<p>Masse: H\u00f6he 133.3mm Durchmesser 57mm Etikettierh\u00f6he 63.9mm RV-Volumen 213ml 1 Einheit \u00e0 67St. 1 Palette \u00e0 [&hellip;]<\/p>\n","protected":false},"featured_media":3384,"comment_status":"open","ping_status":"closed","template":"","meta":[],"product_brand":[],"product_cat":[15,26,24,55],"product_tag":[],"class_list":{"0":"post-2424","1":"product","2":"type-product","3":"status-publish","4":"has-post-thumbnail","6":"product_cat-flaschen","7":"product_cat-chemikalien","8":"product_cat-lebensmittel","9":"product_cat-nachhaltig","10":"product_shipping_class-5-8-tage-lieferzeit","11":"pa_farbe-transparent","12":"pa_fuellmenge-47","13":"pa_gewinde-pp-28","14":"pa_material-glas","16":"first","17":"instock","18":"taxable","19":"shipping-taxable","20":"purchasable","21":"product-type-variable"},"_links":{"self":[{"href":"https:\/\/supermatic.ch\/fr\/wp-json\/wp\/v2\/product\/2424","targetHints":{"allow":["GET"]}}],"collection":[{"href":"https:\/\/supermatic.ch\/fr\/wp-json\/wp\/v2\/product"}],"about":[{"href":"https:\/\/supermatic.ch\/fr\/wp-json\/wp\/v2\/types\/product"}],"replies":[{"embeddable":true,"href":"https:\/\/supermatic.ch\/fr\/wp-json\/wp\/v2\/comments?post=2424"}],"wp:featuredmedia":[{"embeddable":true,"href":"https:\/\/supermatic.ch\/fr\/wp-json\/wp\/v2\/media\/3384"}],"wp:attachment":[{"href":"https:\/\/supermatic.ch\/fr\/wp-json\/wp\/v2\/media?parent=2424"}],"wp:term":[{"taxonomy":"product_brand","embeddable":true,"href":"https:\/\/supermatic.ch\/fr\/wp-json\/wp\/v2\/product_brand?post=2424"},{"taxonomy":"product_cat","embeddable":true,"href":"https:\/\/supermatic.ch\/fr\/wp-json\/wp\/v2\/product_cat?post=2424"},{"taxonomy":"product_tag","embeddable":true,"href":"https:\/\/supermatic.ch\/fr\/wp-json\/wp\/v2\/product_tag?post=2424"}],"curies":[{"name":"wp","href":"https:\/\/api.w.org\/{rel}","templated":true}]}}