{"id":2427,"date":"2022-10-03T18:55:07","date_gmt":"2022-10-03T16:55:07","guid":{"rendered":"https:\/\/supermatic.ch\/produkt\/300ml-rundflasche-aus-klarglas-pp28\/"},"modified":"2023-11-23T18:11:51","modified_gmt":"2023-11-23T16:11:51","slug":"300ml-bouteille-rond-de-verre-clair-pp28","status":"publish","type":"product","link":"https:\/\/supermatic.ch\/fr\/produkte\/flaschen\/300ml-rundflasche-aus-klarglas-pp28\/","title":{"rendered":"Bouteille ronde de 300ml en verre transparent PP28"},"content":{"rendered":"<p>masse :<br \/>\nhauteur 151.3mm<br \/>\ndiam\u00e8tre 65.6mm<br \/>\nhauteur d'\u00e9tiquetage 65mm<br \/>\nVolume de la fermeture \u00e9clair : 318 ml<\/p>\n<p>1 unit\u00e9 \u00e0 48pcs<br \/>\n1 palette \u00e0 1440pcs.<\/p>","protected":false},"excerpt":{"rendered":"<p>Masse: H\u00f6he 151.3mm Durchmesser 65.6mm Etikettierh\u00f6he 65mm RV-Volumen 318ml 1 Einheit \u00e0 48St. 1 Palette \u00e0 [&hellip;]<\/p>\n","protected":false},"featured_media":3386,"comment_status":"open","ping_status":"closed","template":"","meta":[],"product_brand":[],"product_cat":[15,26,25,24,55],"product_tag":[],"class_list":{"0":"post-2427","1":"product","2":"type-product","3":"status-publish","4":"has-post-thumbnail","6":"product_cat-flaschen","7":"product_cat-chemikalien","8":"product_cat-kosmetik","9":"product_cat-lebensmittel","10":"product_cat-nachhaltig","11":"product_shipping_class-5-8-tage-lieferzeit","12":"pa_farbe-transparent","13":"pa_fuellmenge-183","14":"pa_gewinde-pp-28","15":"pa_material-glas","17":"first","18":"instock","19":"taxable","20":"shipping-taxable","21":"purchasable","22":"product-type-variable"},"_links":{"self":[{"href":"https:\/\/supermatic.ch\/fr\/wp-json\/wp\/v2\/product\/2427","targetHints":{"allow":["GET"]}}],"collection":[{"href":"https:\/\/supermatic.ch\/fr\/wp-json\/wp\/v2\/product"}],"about":[{"href":"https:\/\/supermatic.ch\/fr\/wp-json\/wp\/v2\/types\/product"}],"replies":[{"embeddable":true,"href":"https:\/\/supermatic.ch\/fr\/wp-json\/wp\/v2\/comments?post=2427"}],"wp:featuredmedia":[{"embeddable":true,"href":"https:\/\/supermatic.ch\/fr\/wp-json\/wp\/v2\/media\/3386"}],"wp:attachment":[{"href":"https:\/\/supermatic.ch\/fr\/wp-json\/wp\/v2\/media?parent=2427"}],"wp:term":[{"taxonomy":"product_brand","embeddable":true,"href":"https:\/\/supermatic.ch\/fr\/wp-json\/wp\/v2\/product_brand?post=2427"},{"taxonomy":"product_cat","embeddable":true,"href":"https:\/\/supermatic.ch\/fr\/wp-json\/wp\/v2\/product_cat?post=2427"},{"taxonomy":"product_tag","embeddable":true,"href":"https:\/\/supermatic.ch\/fr\/wp-json\/wp\/v2\/product_tag?post=2427"}],"curies":[{"name":"wp","href":"https:\/\/api.w.org\/{rel}","templated":true}]}}