{"id":2468,"date":"2022-10-03T18:55:21","date_gmt":"2022-10-03T16:55:21","guid":{"rendered":"https:\/\/supermatic.ch\/produkt\/lebensmittelflasche-500ml\/"},"modified":"2024-10-03T12:05:40","modified_gmt":"2024-10-03T10:05:40","slug":"bouteille-alimentaire-plaque-500ml","status":"publish","type":"product","link":"https:\/\/supermatic.ch\/fr\/produkte\/flaschen\/lebensmittelflasche-blech-500ml\/","title":{"rendered":"Bouteille alimentaire en fer blanc 500ml"},"content":{"rendered":"<p>Bouteille alimentaire d'un demi-litre en fer blanc pour les boissons, les produits alimentaires comme les sirops, l'huile, les vinaigrettes, les sauces, les vinaigres. La bouteille est \u00e9quip\u00e9e d'un goulot en plastique.<strong><br \/>\n<\/strong><\/p>\n<p><strong>Caract\u00e9ristiques :<\/strong><\/p>\n<ul>\n<li>Mat\u00e9riau : t\u00f4le avec goulot en plastique<\/li>\n<li>hauteur : 207mm<\/li>\n<li>diam\u00e8tre : 67.8mm<\/li>\n<li>Quantit\u00e9s par palette : 1225pcs<\/li>\n<\/ul>\n<p>Quantit\u00e9 minimale de commande : sur demande<\/p>","protected":false},"excerpt":{"rendered":"<p>Halbliter Lebensmittelflasche aus Blech f\u00fcr Getr\u00e4nke, Lebensmittelprodukte wie Sirupe, \u00d6l, Dressings, So\u00dfen, Essige. Die Flasche ist [&hellip;]<\/p>\n","protected":false},"featured_media":2896,"comment_status":"open","ping_status":"closed","template":"","meta":[],"product_brand":[],"product_cat":[15,24],"product_tag":[],"class_list":{"0":"post-2468","1":"product","2":"type-product","3":"status-publish","4":"has-post-thumbnail","6":"product_cat-flaschen","7":"product_cat-lebensmittel","8":"product_shipping_class-1-3-tage-lieferzeit","9":"pa_farbe-silber","10":"pa_form-rund","11":"pa_form-zylindrisch","12":"pa_fuellmenge-58","13":"pa_gewinde-pp-31-5","14":"pa_material-blech","16":"first","17":"instock","18":"taxable","19":"shipping-taxable","20":"purchasable","21":"product-type-simple"},"_links":{"self":[{"href":"https:\/\/supermatic.ch\/fr\/wp-json\/wp\/v2\/product\/2468","targetHints":{"allow":["GET"]}}],"collection":[{"href":"https:\/\/supermatic.ch\/fr\/wp-json\/wp\/v2\/product"}],"about":[{"href":"https:\/\/supermatic.ch\/fr\/wp-json\/wp\/v2\/types\/product"}],"replies":[{"embeddable":true,"href":"https:\/\/supermatic.ch\/fr\/wp-json\/wp\/v2\/comments?post=2468"}],"wp:featuredmedia":[{"embeddable":true,"href":"https:\/\/supermatic.ch\/fr\/wp-json\/wp\/v2\/media\/2896"}],"wp:attachment":[{"href":"https:\/\/supermatic.ch\/fr\/wp-json\/wp\/v2\/media?parent=2468"}],"wp:term":[{"taxonomy":"product_brand","embeddable":true,"href":"https:\/\/supermatic.ch\/fr\/wp-json\/wp\/v2\/product_brand?post=2468"},{"taxonomy":"product_cat","embeddable":true,"href":"https:\/\/supermatic.ch\/fr\/wp-json\/wp\/v2\/product_cat?post=2468"},{"taxonomy":"product_tag","embeddable":true,"href":"https:\/\/supermatic.ch\/fr\/wp-json\/wp\/v2\/product_tag?post=2468"}],"curies":[{"name":"wp","href":"https:\/\/api.w.org\/{rel}","templated":true}]}}