{"id":2549,"date":"2022-10-03T18:55:39","date_gmt":"2022-10-03T16:55:39","guid":{"rendered":"https:\/\/supermatic.ch\/produkt\/750ml-angiari\/"},"modified":"2024-10-03T12:05:39","modified_gmt":"2024-10-03T10:05:39","slug":"750ml-angiari","status":"publish","type":"product","link":"https:\/\/supermatic.ch\/fr\/produkte\/flaschen\/spirituosenflaschen\/750ml-angiari\/","title":{"rendered":"Bouteille en verre de 750 ml ANGIARI"},"content":{"rendered":"<p>Avec une finition transparente et un poids de 550 g, cette bouteille en verre robuste de 750 ml est parfaite pour une grande vari\u00e9t\u00e9 de boissons, y compris les spiritueux, l'eau, les boissons sucr\u00e9es ou les jus. Ce mod\u00e8le peut \u00e9galement \u00eatre utilis\u00e9 pour des produits cosm\u00e9tiques tels que des diffuseurs de parfum.<\/p>","protected":false},"excerpt":{"rendered":"<p>Mit einem transparenten Finish und einem Gewicht von 550g ist diese robuste 750ml Glasflasche perfekt f\u00fcr [&hellip;]<\/p>\n","protected":false},"featured_media":3177,"comment_status":"open","ping_status":"closed","template":"","meta":[],"product_brand":[],"product_cat":[15,24,55,551],"product_tag":[],"class_list":{"0":"post-2549","1":"product","2":"type-product","3":"status-publish","4":"has-post-thumbnail","6":"product_cat-flaschen","7":"product_cat-lebensmittel","8":"product_cat-nachhaltig","9":"product_cat-spirituosenflaschen","10":"product_shipping_class-5-8-tage-lieferzeit","11":"pa_farbe-transparent","12":"pa_form-rund","13":"pa_fuellmenge-139","14":"pa_material-glas","16":"first","17":"instock","18":"taxable","19":"shipping-taxable","20":"purchasable","21":"product-type-simple"},"_links":{"self":[{"href":"https:\/\/supermatic.ch\/fr\/wp-json\/wp\/v2\/product\/2549","targetHints":{"allow":["GET"]}}],"collection":[{"href":"https:\/\/supermatic.ch\/fr\/wp-json\/wp\/v2\/product"}],"about":[{"href":"https:\/\/supermatic.ch\/fr\/wp-json\/wp\/v2\/types\/product"}],"replies":[{"embeddable":true,"href":"https:\/\/supermatic.ch\/fr\/wp-json\/wp\/v2\/comments?post=2549"}],"wp:featuredmedia":[{"embeddable":true,"href":"https:\/\/supermatic.ch\/fr\/wp-json\/wp\/v2\/media\/3177"}],"wp:attachment":[{"href":"https:\/\/supermatic.ch\/fr\/wp-json\/wp\/v2\/media?parent=2549"}],"wp:term":[{"taxonomy":"product_brand","embeddable":true,"href":"https:\/\/supermatic.ch\/fr\/wp-json\/wp\/v2\/product_brand?post=2549"},{"taxonomy":"product_cat","embeddable":true,"href":"https:\/\/supermatic.ch\/fr\/wp-json\/wp\/v2\/product_cat?post=2549"},{"taxonomy":"product_tag","embeddable":true,"href":"https:\/\/supermatic.ch\/fr\/wp-json\/wp\/v2\/product_tag?post=2549"}],"curies":[{"name":"wp","href":"https:\/\/api.w.org\/{rel}","templated":true}]}}