{"id":2579,"date":"2022-10-04T01:11:50","date_gmt":"2022-10-03T23:11:50","guid":{"rendered":"https:\/\/supermatic.ch\/?post_type=product&#038;p=2579"},"modified":"2024-10-03T12:05:38","modified_gmt":"2024-10-03T10:05:38","slug":"aluminiumverschluss-28-x-17mm-2","status":"publish","type":"product","link":"https:\/\/supermatic.ch\/fr\/produkte\/verschluesse\/aluminiumverschluss-28-x-17mm-2\/","title":{"rendered":"Fermeture en aluminium - 28 x 17mm"},"content":{"rendered":"<p>Dimensions (diam\u00e8tre x hauteur) : 28x17 mm<\/p>\n<p>Insert d'\u00e9tanch\u00e9it\u00e9 : EPE \/ Saranex<\/p>\n<p>Bouchon en aluminium avec filetage et avec garniture d'\u00e9tanch\u00e9it\u00e9 EPE ou Saranex.<\/p>\n<p>La fermeture peut \u00eatre adapt\u00e9e selon les souhaits du client, par exemple avec une impression unicolore ou multicolore, avec une impression UV, avec un relief sup\u00e9rieur ou avec une coupe lat\u00e9rale.<\/p>\n<p>&nbsp;<\/p>\n<p><strong><span lang=\"DE\" xml:lang=\"DE\">Emballage<\/span><\/strong>:<\/p>\n<p>Nombre de pi\u00e8ces dans le carton : 5'000 pcs.<br \/>\nDimensions du carton : 600x400x360 mm<br \/>\nQuantit\u00e9 de palettes : 120'000 <span class=\"table-hili2\">pcs.<br \/>\n<\/span>Dimensions de la palette : 800x1200x2140 mm<br \/>\nPoids de la palette : 230kg<\/p>\n<p>autres couleurs sur demande !<\/p>","protected":false},"excerpt":{"rendered":"<p>Abmessung (Durchmesser x\u00a0 H\u00f6he):\u00a028x17 mm Dichteinlage: EPE \/ Saranex Aluminiumverschluss mit Schraubgewinde und mit EPE oder [&hellip;]<\/p>\n","protected":false},"featured_media":2580,"comment_status":"open","ping_status":"closed","template":"","meta":[],"product_brand":[],"product_cat":[23,24],"product_tag":[],"class_list":{"0":"post-2579","1":"product","2":"type-product","3":"status-publish","4":"has-post-thumbnail","6":"product_cat-verschluesse","7":"product_cat-lebensmittel","8":"product_shipping_class-1-3-tage-lieferzeit","9":"pa_farbe-gold","10":"pa_farbe-variabel","11":"pa_form-rund","12":"pa_gewinde-pp-28","13":"pa_material-aluminium","15":"first","16":"instock","17":"taxable","18":"shipping-taxable","19":"product-type-simple"},"_links":{"self":[{"href":"https:\/\/supermatic.ch\/fr\/wp-json\/wp\/v2\/product\/2579","targetHints":{"allow":["GET"]}}],"collection":[{"href":"https:\/\/supermatic.ch\/fr\/wp-json\/wp\/v2\/product"}],"about":[{"href":"https:\/\/supermatic.ch\/fr\/wp-json\/wp\/v2\/types\/product"}],"replies":[{"embeddable":true,"href":"https:\/\/supermatic.ch\/fr\/wp-json\/wp\/v2\/comments?post=2579"}],"wp:featuredmedia":[{"embeddable":true,"href":"https:\/\/supermatic.ch\/fr\/wp-json\/wp\/v2\/media\/2580"}],"wp:attachment":[{"href":"https:\/\/supermatic.ch\/fr\/wp-json\/wp\/v2\/media?parent=2579"}],"wp:term":[{"taxonomy":"product_brand","embeddable":true,"href":"https:\/\/supermatic.ch\/fr\/wp-json\/wp\/v2\/product_brand?post=2579"},{"taxonomy":"product_cat","embeddable":true,"href":"https:\/\/supermatic.ch\/fr\/wp-json\/wp\/v2\/product_cat?post=2579"},{"taxonomy":"product_tag","embeddable":true,"href":"https:\/\/supermatic.ch\/fr\/wp-json\/wp\/v2\/product_tag?post=2579"}],"curies":[{"name":"wp","href":"https:\/\/api.w.org\/{rel}","templated":true}]}}