{"id":2693,"date":"2022-10-04T16:59:54","date_gmt":"2022-10-04T14:59:54","guid":{"rendered":"https:\/\/supermatic.ch\/?post_type=product&#038;p=2693"},"modified":"2024-10-03T12:05:38","modified_gmt":"2024-10-03T10:05:38","slug":"poly-ibc-version-sortie-vers-le-bas","status":"publish","type":"product","link":"https:\/\/supermatic.ch\/fr\/produkte\/tanks\/poly-ibc-version-auslauf-unten\/","title":{"rendered":"R\u00e9servoir \/ conteneur Poly IBC avec sortie par le bas"},"content":{"rendered":"<h5><strong>R\u00e9servoir \/ conteneur Poly IBC 1000 litres avec sortie par le bas<\/strong><\/h5>\n<p>Pour un stockage et un transport efficaces et s\u00fbrs des liquides, nous pr\u00e9sentons nos cuves Poly IBC (Intermediate Bulk Container) avec bec verseur int\u00e9gr\u00e9 en bas. Ces citernes sont id\u00e9ales pour une vidange et un vidage rapides du contenu, ce qui permet d'optimiser les processus de votre ligne de production ou de votre cha\u00eene logistique.<\/p>\n<p><strong>Caract\u00e9ristiques :<\/strong><\/p>\n<ul>\n<li><strong>Certification<\/strong>: Conforme aux exigences de l'agr\u00e9ment ONU Y-groupe d'emballage 2 et groupes d'emballage 2 &amp; 3.<\/li>\n<li><strong>Long\u00e9vit\u00e9<\/strong>: Fabriqu\u00e9s en plastique robuste avec une dur\u00e9e de vie de 5 ans, ces r\u00e9servoirs sont r\u00e9utilisables et prot\u00e9g\u00e9s contre les UV.<\/li>\n<li><strong>Praticabilit\u00e9<\/strong>: Facile \u00e0 nettoyer, \u00e9tiquet\u00e9 pour la tra\u00e7abilit\u00e9 et avec une sortie sp\u00e9ciale en bas pour un vidage rapide.<\/li>\n<li><strong>Design<\/strong>Empilable pour un stockage peu encombrant et avec une protection int\u00e9grale contre les influences environnementales.<\/li>\n<\/ul>\n<p>Qu'il s'agisse de produits chimiques industriels, de denr\u00e9es alimentaires ou d'huiles, nos cuves IBC avec sortie par le bas promettent fiabilit\u00e9 et efficacit\u00e9 \u00e0 tous points de vue. Faites confiance \u00e0 la qualit\u00e9 et \u00e0 la fonctionnalit\u00e9 lorsqu'il s'agit de vos solutions d'emballage.<\/p>","protected":false},"excerpt":{"rendered":"<p>Poly IBC 1000 Liter Tank \/ Container mit Auslauf unten F\u00fcr eine effiziente, sichere Lagerung und [&hellip;]<\/p>\n","protected":false},"featured_media":2694,"comment_status":"open","ping_status":"closed","template":"","meta":[],"product_brand":[],"product_cat":[22,26],"product_tag":[],"class_list":{"0":"post-2693","1":"product","2":"type-product","3":"status-publish","4":"has-post-thumbnail","6":"product_cat-tanks","7":"product_cat-chemikalien","8":"pa_form-eckig","9":"pa_material-hd-pe","11":"first","12":"instock","13":"taxable","14":"shipping-taxable","15":"product-type-simple"},"_links":{"self":[{"href":"https:\/\/supermatic.ch\/fr\/wp-json\/wp\/v2\/product\/2693","targetHints":{"allow":["GET"]}}],"collection":[{"href":"https:\/\/supermatic.ch\/fr\/wp-json\/wp\/v2\/product"}],"about":[{"href":"https:\/\/supermatic.ch\/fr\/wp-json\/wp\/v2\/types\/product"}],"replies":[{"embeddable":true,"href":"https:\/\/supermatic.ch\/fr\/wp-json\/wp\/v2\/comments?post=2693"}],"wp:featuredmedia":[{"embeddable":true,"href":"https:\/\/supermatic.ch\/fr\/wp-json\/wp\/v2\/media\/2694"}],"wp:attachment":[{"href":"https:\/\/supermatic.ch\/fr\/wp-json\/wp\/v2\/media?parent=2693"}],"wp:term":[{"taxonomy":"product_brand","embeddable":true,"href":"https:\/\/supermatic.ch\/fr\/wp-json\/wp\/v2\/product_brand?post=2693"},{"taxonomy":"product_cat","embeddable":true,"href":"https:\/\/supermatic.ch\/fr\/wp-json\/wp\/v2\/product_cat?post=2693"},{"taxonomy":"product_tag","embeddable":true,"href":"https:\/\/supermatic.ch\/fr\/wp-json\/wp\/v2\/product_tag?post=2693"}],"curies":[{"name":"wp","href":"https:\/\/api.w.org\/{rel}","templated":true}]}}