{"id":2695,"date":"2022-10-04T17:01:46","date_gmt":"2022-10-04T15:01:46","guid":{"rendered":"https:\/\/supermatic.ch\/?post_type=product&#038;p=2695"},"modified":"2024-10-03T12:05:38","modified_gmt":"2024-10-03T10:05:38","slug":"poly-ibc","status":"publish","type":"product","link":"https:\/\/supermatic.ch\/fr\/produkte\/tanks\/poly-ibc\/","title":{"rendered":"R\u00e9servoir \/ conteneur Poly IBC"},"content":{"rendered":"<h5><strong>R\u00e9servoir \/ conteneur Poly IBC 1000 litres de Rikutek<br \/>\n<\/strong><\/h5>\n<p>Les citernes Poly IBC (Intermediate Bulk Container) de qualit\u00e9 sup\u00e9rieure sont votre partenaire fiable pour un stockage et un transport fiables de produits liquides dangereux. Avec leur conception robuste en plastique \u00e0 double paroi, elles offrent une solution d'emballage durable et de qualit\u00e9. De la chimie et de la p\u00e9trochimie \u00e0 l'industrie pharmaceutique en passant par l'industrie alimentaire. R\u00e9sines, peintures, vernis, encres d'imprimerie, colles, goudrons liquides, d\u00e9tergents, floculants, agents de blanchiment et nutriments ne sont que quelques exemples des nombreuses applications pour lesquelles ce type de GRV est adapt\u00e9.<\/p>\n<p><strong>Caract\u00e9ristiques :<\/strong><\/p>\n<ul>\n<li><strong>Certification<\/strong>: Conforme aux exigences de l'agr\u00e9ment ONU Y-groupe d'emballage 2 et groupes d'emballage II et III.<\/li>\n<li><strong>Long\u00e9vit\u00e9<\/strong>: R\u00e9utilisable et d'une dur\u00e9e de 5 ans, ainsi qu'une protection contre les UV.<\/li>\n<li><strong>Praticabilit\u00e9<\/strong>: ils sont faciles \u00e0 nettoyer et \u00e9tiquet\u00e9s pour garantir la tra\u00e7abilit\u00e9.<\/li>\n<li><strong>Design<\/strong>Leur conception empilable permet de gagner de la place, tandis qu'une protection int\u00e9grale les prot\u00e8ge contre les influences environnementales.<\/li>\n<li><strong>Enti\u00e8rement en plastique<\/strong>Ce conteneur ne comporte aucun composant en acier, ce qui le rend totalement exempt de corrosion.<\/li>\n<li><strong>100% Recyclable<\/strong>Produit \u00e0 partir d'un seul mat\u00e9riau de construction, il est facile \u00e0 recycler.<\/li>\n<\/ul>\n<p>La solution enti\u00e8rement en plastique \u00e0 trois couches pour le bac ext\u00e9rieur, brevet\u00e9e dans le monde entier, a non seulement r\u00e9ussi le test de vibration selon la norme am\u00e9ricaine ASTMD 4728-95, mais a \u00e9galement prouv\u00e9 sa r\u00e9sistance \u00e0 la p\u00e9n\u00e9tration lors d'essais sur le terrain contre les fourches des chariots \u00e9l\u00e9vateurs. Cette surface lisse et ferm\u00e9e offre non seulement une protection fiable pour le bac int\u00e9rieur contre d'\u00e9ventuels dommages, mais elle emp\u00eache \u00e9galement les fuites de liquides.<\/p>\n<p>Avec l'IBC POLY, Rikutek pr\u00e9sente un produit haut de gamme qui fait le choix d'abandonner les mod\u00e8les traditionnels \u00e0 claire-voie au profit d'un conteneur ext\u00e9rieur enti\u00e8rement en PEHD. Ce choix est judicieux non seulement en termes de long\u00e9vit\u00e9 et de robustesse, mais aussi en termes d'environnement et de processus de recyclage.<\/p>","protected":false},"excerpt":{"rendered":"<p>Poly IBC 1000 Liter Tank \/ Container von Rikutek F\u00fcr eine zuverl\u00e4ssige Lagerung und den sicheren [&hellip;]<\/p>\n","protected":false},"featured_media":2696,"comment_status":"open","ping_status":"closed","template":"","meta":[],"product_brand":[],"product_cat":[22,26],"product_tag":[],"class_list":{"0":"post-2695","1":"product","2":"type-product","3":"status-publish","4":"has-post-thumbnail","6":"product_cat-tanks","7":"product_cat-chemikalien","8":"pa_form-eckig","9":"pa_material-hd-pe","11":"first","12":"instock","13":"taxable","14":"shipping-taxable","15":"product-type-simple"},"_links":{"self":[{"href":"https:\/\/supermatic.ch\/fr\/wp-json\/wp\/v2\/product\/2695","targetHints":{"allow":["GET"]}}],"collection":[{"href":"https:\/\/supermatic.ch\/fr\/wp-json\/wp\/v2\/product"}],"about":[{"href":"https:\/\/supermatic.ch\/fr\/wp-json\/wp\/v2\/types\/product"}],"replies":[{"embeddable":true,"href":"https:\/\/supermatic.ch\/fr\/wp-json\/wp\/v2\/comments?post=2695"}],"wp:featuredmedia":[{"embeddable":true,"href":"https:\/\/supermatic.ch\/fr\/wp-json\/wp\/v2\/media\/2696"}],"wp:attachment":[{"href":"https:\/\/supermatic.ch\/fr\/wp-json\/wp\/v2\/media?parent=2695"}],"wp:term":[{"taxonomy":"product_brand","embeddable":true,"href":"https:\/\/supermatic.ch\/fr\/wp-json\/wp\/v2\/product_brand?post=2695"},{"taxonomy":"product_cat","embeddable":true,"href":"https:\/\/supermatic.ch\/fr\/wp-json\/wp\/v2\/product_cat?post=2695"},{"taxonomy":"product_tag","embeddable":true,"href":"https:\/\/supermatic.ch\/fr\/wp-json\/wp\/v2\/product_tag?post=2695"}],"curies":[{"name":"wp","href":"https:\/\/api.w.org\/{rel}","templated":true}]}}