{"id":2899,"date":"2022-10-07T16:16:06","date_gmt":"2022-10-07T14:16:06","guid":{"rendered":"https:\/\/supermatic.ch\/?post_type=product&#038;p=2899"},"modified":"2024-10-03T12:05:38","modified_gmt":"2024-10-03T10:05:38","slug":"200ml-pot-click-beige","status":"publish","type":"product","link":"https:\/\/supermatic.ch\/fr\/produkte\/dosen\/200ml-topf-click-beige\/","title":{"rendered":"Pot 200ml \"Click\" Beige"},"content":{"rendered":"<p>hauteur 94mm<br \/>\ndiam\u00e8tre 68mm<br \/>\navec bouchon en li\u00e8ge<\/p>\n<p>Emballage en c\u00e9ramique<br \/>\n100% Protection contre la lumi\u00e8re<br \/>\nCuisson dense \u00e0 plus de 1230 degr\u00e9s<br \/>\nBon maintien de la temp\u00e9rature<br \/>\nconvient pour les aliments, r\u00e9sistant aux acides et aux bases, adapt\u00e9 au four \u00e0 micro-ondes<br \/>\nDiff\u00e9rentes couleurs\/lasures standard disponibles<br \/>\nInt\u00e9rieur vitr\u00e9<br \/>\nPossibilit\u00e9 d'impression sur demande<br \/>\nEmball\u00e9 d'origine sur palettes 100 x 120cm sous film r\u00e9tractable<br \/>\nAutres couleurs sur demande<\/p>","protected":false},"excerpt":{"rendered":"<p>H\u00f6he 94mm Durchmesser 68mm mit Korkverschluss Keramische Verpackung 100% Lichtschutz Dichtgebrannt bei \u00fcber 1230Grad Gute Temperaturhaltung [&hellip;]<\/p>\n","protected":false},"featured_media":2902,"comment_status":"open","ping_status":"closed","template":"","meta":[],"product_brand":[],"product_cat":[19,24,55],"product_tag":[],"class_list":{"0":"post-2899","1":"product","2":"type-product","3":"status-publish","4":"has-post-thumbnail","6":"product_cat-dosen","7":"product_cat-lebensmittel","8":"product_cat-nachhaltig","9":"product_shipping_class-5-8-tage-lieferzeit","10":"pa_farbe-beige","11":"pa_farbe-variabel","12":"pa_form-rund","13":"pa_form-zylindrisch","14":"pa_fuellmenge-47","15":"pa_material-steinzeug","17":"first","18":"instock","19":"taxable","20":"shipping-taxable","21":"purchasable","22":"product-type-variable"},"_links":{"self":[{"href":"https:\/\/supermatic.ch\/fr\/wp-json\/wp\/v2\/product\/2899","targetHints":{"allow":["GET"]}}],"collection":[{"href":"https:\/\/supermatic.ch\/fr\/wp-json\/wp\/v2\/product"}],"about":[{"href":"https:\/\/supermatic.ch\/fr\/wp-json\/wp\/v2\/types\/product"}],"replies":[{"embeddable":true,"href":"https:\/\/supermatic.ch\/fr\/wp-json\/wp\/v2\/comments?post=2899"}],"wp:featuredmedia":[{"embeddable":true,"href":"https:\/\/supermatic.ch\/fr\/wp-json\/wp\/v2\/media\/2902"}],"wp:attachment":[{"href":"https:\/\/supermatic.ch\/fr\/wp-json\/wp\/v2\/media?parent=2899"}],"wp:term":[{"taxonomy":"product_brand","embeddable":true,"href":"https:\/\/supermatic.ch\/fr\/wp-json\/wp\/v2\/product_brand?post=2899"},{"taxonomy":"product_cat","embeddable":true,"href":"https:\/\/supermatic.ch\/fr\/wp-json\/wp\/v2\/product_cat?post=2899"},{"taxonomy":"product_tag","embeddable":true,"href":"https:\/\/supermatic.ch\/fr\/wp-json\/wp\/v2\/product_tag?post=2899"}],"curies":[{"name":"wp","href":"https:\/\/api.w.org\/{rel}","templated":true}]}}