{"id":3285,"date":"2022-10-25T11:29:27","date_gmt":"2022-10-25T09:29:27","guid":{"rendered":"https:\/\/supermatic.ch\/?post_type=product&#038;p=3285"},"modified":"2024-10-03T12:05:37","modified_gmt":"2024-10-03T10:05:37","slug":"200ml-bouteille-standard-rouge-marron-avec-bouchon-poignee-bois","status":"publish","type":"product","link":"https:\/\/supermatic.ch\/fr\/produkte\/nachhaltig\/200ml-flasche-standard-rot-braun-mit-holzgriffkorken\/","title":{"rendered":"Bouteille en gr\u00e8s rouge-brun de 200 ml avec bouchon \u00e0 poign\u00e9e en bois"},"content":{"rendered":"<h5><strong>Bouteille en gr\u00e8s rouge-brun de 200 ml<\/strong><\/h5>\n<p>La bouteille compacte en gr\u00e8s rouge-brun de 200 ml est pr\u00e9destin\u00e9e aux liqueurs, spiritueux, jus et sirops. Gr\u00e2ce \u00e0 la nature r\u00e9sistante du gr\u00e8s, elle se distingue nettement des bouteilles traditionnelles en terre cuite en apportant des caract\u00e9ristiques plus robustes et plus durables.<\/p>\n<p><strong>masse :<\/strong><\/p>\n<ul>\n<li>hauteur : 175mm<\/li>\n<li>diam\u00e8tre : 53mm<\/li>\n<li>Capacit\u00e9 de remplissage : 200ml<\/li>\n<\/ul>\n<p><strong>Caract\u00e9ristiques :<\/strong><\/p>\n<ul>\n<li><strong>100% Protection contre la lumi\u00e8re<\/strong>: Garanti par une cuisson dense \u00e0 plus de 1230 degr\u00e9s.<\/li>\n<li><strong>Fermeture<\/strong>\u00c9quip\u00e9 d'un bouchon \u00e0 poign\u00e9e en bois non verni. Alternativement disponible sur demande : bouchon \u00e0 \u00e9trier ou \u00e0 vis (31,5 PP standard).<\/li>\n<li><strong>Utilisation polyvalente<\/strong>Gr\u00e2ce \u00e0 l'\u00e9mail int\u00e9rieur, le biberon est apte au contact alimentaire, r\u00e9sistant aux acides et aux bases et adapt\u00e9 au four \u00e0 micro-ondes.<\/li>\n<li><strong>Une robustesse particuli\u00e8re<\/strong>: le gr\u00e8s est nettement plus r\u00e9sistant que les bouteilles en terre cuite pure.<\/li>\n<li><strong>Possibilit\u00e9s de personnalisation<\/strong>: Diff\u00e9rentes variantes de couleurs et possibilit\u00e9s d'impression sont disponibles sur demande.<\/li>\n<\/ul>\n<p>D\u00e9tails de l'emballage : nos bouteilles sont livr\u00e9es en toute s\u00e9curit\u00e9 et dans leur emballage d'origine sur des palettes de 100 x 120 cm, envelopp\u00e9es d'un film r\u00e9tractable. Une palette contient 2628 bouteilles.<\/p>\n<p>D\u00e9couvrez les avantages de notre bouteille en gr\u00e8s rouge-brun de 200 ml et misez sur la qualit\u00e9 et l'originalit\u00e9 !<\/p>","protected":false},"excerpt":{"rendered":"<p>Steinzeug-Flasche 200ml in Rot-Braun Die kompakte 200ml Steinzeug-Flasche in Rot-Braun ist pr\u00e4destiniert f\u00fcr Lik\u00f6re, Spirituosen, S\u00e4fte [&hellip;]<\/p>\n","protected":false},"featured_media":3292,"comment_status":"open","ping_status":"closed","template":"","meta":[],"product_brand":[],"product_cat":[55,15,24],"product_tag":[],"class_list":{"0":"post-3285","1":"product","2":"type-product","3":"status-publish","4":"has-post-thumbnail","6":"product_cat-nachhaltig","7":"product_cat-flaschen","8":"product_cat-lebensmittel","9":"product_shipping_class-5-8-tage-lieferzeit","10":"pa_farbe-braun","11":"pa_farbe-rot","12":"pa_form-rund","13":"pa_fuellmenge-47","14":"pa_material-steinzeug","16":"first","17":"instock","18":"taxable","19":"shipping-taxable","20":"product-type-simple"},"_links":{"self":[{"href":"https:\/\/supermatic.ch\/fr\/wp-json\/wp\/v2\/product\/3285","targetHints":{"allow":["GET"]}}],"collection":[{"href":"https:\/\/supermatic.ch\/fr\/wp-json\/wp\/v2\/product"}],"about":[{"href":"https:\/\/supermatic.ch\/fr\/wp-json\/wp\/v2\/types\/product"}],"replies":[{"embeddable":true,"href":"https:\/\/supermatic.ch\/fr\/wp-json\/wp\/v2\/comments?post=3285"}],"wp:featuredmedia":[{"embeddable":true,"href":"https:\/\/supermatic.ch\/fr\/wp-json\/wp\/v2\/media\/3292"}],"wp:attachment":[{"href":"https:\/\/supermatic.ch\/fr\/wp-json\/wp\/v2\/media?parent=3285"}],"wp:term":[{"taxonomy":"product_brand","embeddable":true,"href":"https:\/\/supermatic.ch\/fr\/wp-json\/wp\/v2\/product_brand?post=3285"},{"taxonomy":"product_cat","embeddable":true,"href":"https:\/\/supermatic.ch\/fr\/wp-json\/wp\/v2\/product_cat?post=3285"},{"taxonomy":"product_tag","embeddable":true,"href":"https:\/\/supermatic.ch\/fr\/wp-json\/wp\/v2\/product_tag?post=3285"}],"curies":[{"name":"wp","href":"https:\/\/api.w.org\/{rel}","templated":true}]}}