{"id":3295,"date":"2022-10-25T11:51:14","date_gmt":"2022-10-25T09:51:14","guid":{"rendered":"https:\/\/supermatic.ch\/?post_type=product&#038;p=3295"},"modified":"2024-10-03T12:05:37","modified_gmt":"2024-10-03T10:05:37","slug":"bouteille-standard-de-350ml-rouge-marron-avec-bouchon-poignee-bois","status":"publish","type":"product","link":"https:\/\/supermatic.ch\/fr\/produkte\/nachhaltig\/350ml-steinzeug-flasche-rot-braun-mit-korken\/","title":{"rendered":"Bouteille en gr\u00e8s rouge-brun de 350 ml avec bouchon \u00e0 poign\u00e9e en bois"},"content":{"rendered":"<h5><strong>Bouteille en gr\u00e8s de 350ml en rouge-brun<\/strong><\/h5>\n<p>Notre bouteille en gr\u00e8s rouge-brun de 350 ml est un emballage id\u00e9al pour les liqueurs, les spiritueux, les jus et les sirops. Ce mod\u00e8le convainc par son caract\u00e8re robuste, car le gr\u00e8s est plus r\u00e9sistant et plus durable que les bouteilles en terre cuite traditionnelles.<\/p>\n<p><strong>masse :<\/strong><\/p>\n<ul>\n<li>hauteur : 200mm<\/li>\n<li>diam\u00e8tre : 63mm<\/li>\n<li>Capacit\u00e9 de remplissage : 350ml<\/li>\n<\/ul>\n<p><strong>Caract\u00e9ristiques :<\/strong><\/p>\n<ul>\n<li><strong>100% Protection contre la lumi\u00e8re<\/strong>: Gr\u00e2ce \u00e0 une cuisson dense \u00e0 plus de 1230 degr\u00e9s.<\/li>\n<li><strong>Fermeture<\/strong>\u00c9quip\u00e9 d'un bouchon \u00e0 poign\u00e9e en bois non verni. Disponible sur demande avec bouchon \u00e0 \u00e9trier ou \u00e0 vis (31,5 PP standard).<\/li>\n<li><strong>Utilisation polyvalente<\/strong>: Convient pour les aliments, r\u00e9siste aux acides et aux bases et peut \u00eatre utilis\u00e9 dans le four \u00e0 micro-ondes gr\u00e2ce \u00e0 l'\u00e9mail int\u00e9rieur.<\/li>\n<li><strong>Qualit\u00e9 sup\u00e9rieure<\/strong>Contrairement aux bouteilles en terre cuite, le gr\u00e8s se distingue par sa robustesse.<\/li>\n<li><strong>Personnalisation<\/strong>D'autres couleurs et possibilit\u00e9s d'impression sont disponibles sur demande.<\/li>\n<\/ul>\n<p>D\u00e9tails de l'emballage : les bouteilles sont livr\u00e9es dans leur emballage d'origine sur des palettes de 100 x 120 cm, bien envelopp\u00e9es dans un film r\u00e9tractable. Chaque palette contient 1890 bouteilles.<\/p>\n<p>Laissez-vous s\u00e9duire par la qualit\u00e9 et le caract\u00e8re unique de notre bouteille en gr\u00e8s rouge-brun de 350 ml !<\/p>","protected":false},"excerpt":{"rendered":"<p>Steinzeug-Flasche 350ml in Rot-Braun Unsere 350ml Steinzeug-Flasche in Rot-Braun stellt eine ideale Verpackung f\u00fcr Lik\u00f6re, Spirituosen [&hellip;]<\/p>\n","protected":false},"featured_media":3292,"comment_status":"open","ping_status":"closed","template":"","meta":[],"product_brand":[],"product_cat":[55,15,24],"product_tag":[],"class_list":{"0":"post-3295","1":"product","2":"type-product","3":"status-publish","4":"has-post-thumbnail","6":"product_cat-nachhaltig","7":"product_cat-flaschen","8":"product_cat-lebensmittel","9":"product_shipping_class-5-8-tage-lieferzeit","10":"pa_farbe-braun","11":"pa_farbe-rot","12":"pa_form-rund","13":"pa_form-zylindrisch","14":"pa_fuellmenge-148","15":"pa_material-steinzeug","17":"first","18":"instock","19":"taxable","20":"shipping-taxable","21":"product-type-simple"},"_links":{"self":[{"href":"https:\/\/supermatic.ch\/fr\/wp-json\/wp\/v2\/product\/3295","targetHints":{"allow":["GET"]}}],"collection":[{"href":"https:\/\/supermatic.ch\/fr\/wp-json\/wp\/v2\/product"}],"about":[{"href":"https:\/\/supermatic.ch\/fr\/wp-json\/wp\/v2\/types\/product"}],"replies":[{"embeddable":true,"href":"https:\/\/supermatic.ch\/fr\/wp-json\/wp\/v2\/comments?post=3295"}],"wp:featuredmedia":[{"embeddable":true,"href":"https:\/\/supermatic.ch\/fr\/wp-json\/wp\/v2\/media\/3292"}],"wp:attachment":[{"href":"https:\/\/supermatic.ch\/fr\/wp-json\/wp\/v2\/media?parent=3295"}],"wp:term":[{"taxonomy":"product_brand","embeddable":true,"href":"https:\/\/supermatic.ch\/fr\/wp-json\/wp\/v2\/product_brand?post=3295"},{"taxonomy":"product_cat","embeddable":true,"href":"https:\/\/supermatic.ch\/fr\/wp-json\/wp\/v2\/product_cat?post=3295"},{"taxonomy":"product_tag","embeddable":true,"href":"https:\/\/supermatic.ch\/fr\/wp-json\/wp\/v2\/product_tag?post=3295"}],"curies":[{"name":"wp","href":"https:\/\/api.w.org\/{rel}","templated":true}]}}