{"id":3303,"date":"2022-10-25T12:12:33","date_gmt":"2022-10-25T10:12:33","guid":{"rendered":"https:\/\/supermatic.ch\/?post_type=product&#038;p=3303"},"modified":"2024-10-03T12:05:37","modified_gmt":"2024-10-03T10:05:37","slug":"bouteille-standard-de-500ml-rouge-brun-avec-bouchon-poignee-bois","status":"publish","type":"product","link":"https:\/\/supermatic.ch\/fr\/produkte\/nachhaltig\/500ml-flasche-steinzeug-rot-braun-mit-korken\/","title":{"rendered":"Bouteille en gr\u00e8s rouge-brun de 500 ml avec bouchon \u00e0 poign\u00e9e en bois"},"content":{"rendered":"<h5><strong>Bouteille en gr\u00e8s de 500ml en rouge-brun<\/strong><\/h5>\n<p>D\u00e9couvrez notre bouteille en gr\u00e8s de 500 ml au caract\u00e8re bien tremp\u00e9, d'un rouge-brun profond. Parfaitement adapt\u00e9e aux liqueurs, spiritueux, jus et sirops, elle allie tradition et design contemporain. Compar\u00e9 aux bouteilles en terre cuite ordinaires, notre gr\u00e8s est nettement plus robuste et offre une dur\u00e9e de vie plus longue.<\/p>\n<p><strong>masse :<\/strong><\/p>\n<ul>\n<li>hauteur : 216mm<\/li>\n<li>Diam\u00e8tre : 69mm<\/li>\n<li>Quantit\u00e9 de remplissage : 500ml<\/li>\n<\/ul>\n<p><strong>Caract\u00e9ristiques :<\/strong><\/p>\n<ul>\n<li><strong>100% Protection contre la lumi\u00e8re<\/strong>: Gr\u00e2ce \u00e0 une technique de cuisson sp\u00e9cialis\u00e9e, \u00e0 plus de 1230 degr\u00e9s.<\/li>\n<li><strong>Fermeture<\/strong>Bouchon \u00e0 poign\u00e9e en bois, finition non vernie. Des bouchons \u00e0 \u00e9trier ou \u00e0 vis (31,5 PP standard) sont \u00e9galement disponibles sur demande.<\/li>\n<li><strong>Utilisation polyvalente<\/strong>L'\u00e9mail int\u00e9rieur rend le biberon apte au contact alimentaire, r\u00e9sistant aux acides et aux bases, et en outre adapt\u00e9 au four \u00e0 micro-ondes.<\/li>\n<li><strong>Robuste et durable<\/strong>Le gr\u00e8s est plus r\u00e9sistant que l'argile traditionnelle.<\/li>\n<li><strong>Personnalisable<\/strong>: Possibilit\u00e9s d'impression et autres variantes de couleurs disponibles sur demande.<\/li>\n<\/ul>\n<p>D\u00e9tails de l'emballage : les bouteilles sont livr\u00e9es dans leur emballage d'origine sur des palettes de 100 x 120 cm, bien prot\u00e9g\u00e9es par un film r\u00e9tractable, \u00e0 raison de 1350 bouteilles par palette.<\/p>\n<p>D\u00e9couvrez les avantages de notre bouteille en gr\u00e8s rouge-brun de 500 ml et jugez par vous-m\u00eame de sa qualit\u00e9 exceptionnelle !<\/p>","protected":false},"excerpt":{"rendered":"<p>Steinzeug-Flasche 500ml in Rot-Braun Entdecken Sie unsere charakterstarke 500ml Steinzeug-Flasche in einem tiefen Rot-Braun. Perfekt geeignet [&hellip;]<\/p>\n","protected":false},"featured_media":3292,"comment_status":"open","ping_status":"closed","template":"","meta":[],"product_brand":[],"product_cat":[55,15,24],"product_tag":[],"class_list":{"0":"post-3303","1":"product","2":"type-product","3":"status-publish","4":"has-post-thumbnail","6":"product_cat-nachhaltig","7":"product_cat-flaschen","8":"product_cat-lebensmittel","9":"product_shipping_class-5-8-tage-lieferzeit","10":"pa_farbe-braun","11":"pa_farbe-rot","12":"pa_form-rund","13":"pa_form-zylindrisch","14":"pa_fuellmenge-58","15":"pa_material-steinzeug","17":"first","18":"instock","19":"taxable","20":"shipping-taxable","21":"product-type-simple"},"_links":{"self":[{"href":"https:\/\/supermatic.ch\/fr\/wp-json\/wp\/v2\/product\/3303","targetHints":{"allow":["GET"]}}],"collection":[{"href":"https:\/\/supermatic.ch\/fr\/wp-json\/wp\/v2\/product"}],"about":[{"href":"https:\/\/supermatic.ch\/fr\/wp-json\/wp\/v2\/types\/product"}],"replies":[{"embeddable":true,"href":"https:\/\/supermatic.ch\/fr\/wp-json\/wp\/v2\/comments?post=3303"}],"wp:featuredmedia":[{"embeddable":true,"href":"https:\/\/supermatic.ch\/fr\/wp-json\/wp\/v2\/media\/3292"}],"wp:attachment":[{"href":"https:\/\/supermatic.ch\/fr\/wp-json\/wp\/v2\/media?parent=3303"}],"wp:term":[{"taxonomy":"product_brand","embeddable":true,"href":"https:\/\/supermatic.ch\/fr\/wp-json\/wp\/v2\/product_brand?post=3303"},{"taxonomy":"product_cat","embeddable":true,"href":"https:\/\/supermatic.ch\/fr\/wp-json\/wp\/v2\/product_cat?post=3303"},{"taxonomy":"product_tag","embeddable":true,"href":"https:\/\/supermatic.ch\/fr\/wp-json\/wp\/v2\/product_tag?post=3303"}],"curies":[{"name":"wp","href":"https:\/\/api.w.org\/{rel}","templated":true}]}}