{"id":3321,"date":"2022-10-25T12:24:52","date_gmt":"2022-10-25T10:24:52","guid":{"rendered":"https:\/\/supermatic.ch\/?post_type=product&#038;p=3321"},"modified":"2024-10-03T12:05:37","modified_gmt":"2024-10-03T10:05:37","slug":"bouteille-standard-de-1000ml-rouge-marron-avec-bouchon-poignee-bois","status":"publish","type":"product","link":"https:\/\/supermatic.ch\/fr\/produkte\/flaschen\/1000ml-steinzeug-flasche-rot-braun-mit-korken\/","title":{"rendered":"Bouteille en gr\u00e8s rouge-brun de 1000 ml avec bouchon \u00e0 poign\u00e9e en bois"},"content":{"rendered":"<h5><strong>Bouteille en gr\u00e8s rouge-brun de 1000 ml<\/strong><\/h5>\n<p>D\u00e9couvrez notre bouteille en gr\u00e8s d'un beau rouge-brun. Id\u00e9ale pour les liqueurs, les spiritueux, les jus et les sirops, elle allie fonctionnalit\u00e9 et esth\u00e9tique. En tant qu'alternative \u00e0 la bouteille en terre cuite, le gr\u00e8s offre non seulement un aspect caract\u00e9ristique, mais aussi une robustesse accrue par rapport aux bouteilles en terre cuite pure.<\/p>\n<p><strong>masse :<\/strong><\/p>\n<ul>\n<li>hauteur : 297mm<\/li>\n<li>diam\u00e8tre : 84mm<\/li>\n<\/ul>\n<p><strong>Caract\u00e9ristiques :<\/strong><\/p>\n<ul>\n<li><strong>100% Protection contre la lumi\u00e8re<\/strong>: Gr\u00e2ce \u00e0 une technique de cuisson sp\u00e9cialis\u00e9e \u00e0 plus de 1230 degr\u00e9s.<\/li>\n<li><strong>Fermeture<\/strong>: bouchon \u00e0 poign\u00e9e en bois en finition non vernie. D'autres variantes comme le bouchon \u00e0 \u00e9trier ou le bouchon \u00e0 vis (31,5 PP standard) sont disponibles sur demande.<\/li>\n<li><strong>Utilisation polyvalente<\/strong>Gr\u00e2ce \u00e0 l'\u00e9mail int\u00e9rieur, il convient pour les aliments, r\u00e9siste aux acides et aux bases et peut \u00eatre utilis\u00e9 dans le four \u00e0 micro-ondes.<\/li>\n<li><strong>Robuste et durable<\/strong>Le gr\u00e8s surpasse les bouteilles en terre cuite en termes de r\u00e9sistance.<\/li>\n<li><strong>Personnalisable<\/strong>: Options d'impression et autres couleurs sur demande.<\/li>\n<\/ul>\n<p>D\u00e9tails de l'emballage : livr\u00e9 dans son emballage d'origine sur des palettes de 100 x 120 cm, bien envelopp\u00e9es dans un film r\u00e9tractable, avec 880 bouteilles par palette.<\/p>\n<p>Nous sommes toujours \u00e0 votre disposition pour des informations d\u00e9taill\u00e9es et des demandes sp\u00e9cifiques.<\/p>","protected":false},"excerpt":{"rendered":"<p>1000ml Steinzeug-Flasche in Rot-Braun Entdecken Sie unsere Steinzeug-Flasche in einem ansprechenden Rot-Braun. Als ideale Wahl f\u00fcr [&hellip;]<\/p>\n","protected":false},"featured_media":3292,"comment_status":"open","ping_status":"closed","template":"","meta":[],"product_brand":[],"product_cat":[15,24,55],"product_tag":[],"class_list":{"0":"post-3321","1":"product","2":"type-product","3":"status-publish","4":"has-post-thumbnail","6":"product_cat-flaschen","7":"product_cat-lebensmittel","8":"product_cat-nachhaltig","9":"product_shipping_class-5-8-tage-lieferzeit","10":"pa_farbe-braun","11":"pa_farbe-rot","12":"pa_form-rund","13":"pa_form-zylindrisch","14":"pa_fuellmenge-91","15":"pa_material-steinzeug","17":"first","18":"instock","19":"taxable","20":"shipping-taxable","21":"product-type-simple"},"_links":{"self":[{"href":"https:\/\/supermatic.ch\/fr\/wp-json\/wp\/v2\/product\/3321","targetHints":{"allow":["GET"]}}],"collection":[{"href":"https:\/\/supermatic.ch\/fr\/wp-json\/wp\/v2\/product"}],"about":[{"href":"https:\/\/supermatic.ch\/fr\/wp-json\/wp\/v2\/types\/product"}],"replies":[{"embeddable":true,"href":"https:\/\/supermatic.ch\/fr\/wp-json\/wp\/v2\/comments?post=3321"}],"wp:featuredmedia":[{"embeddable":true,"href":"https:\/\/supermatic.ch\/fr\/wp-json\/wp\/v2\/media\/3292"}],"wp:attachment":[{"href":"https:\/\/supermatic.ch\/fr\/wp-json\/wp\/v2\/media?parent=3321"}],"wp:term":[{"taxonomy":"product_brand","embeddable":true,"href":"https:\/\/supermatic.ch\/fr\/wp-json\/wp\/v2\/product_brand?post=3321"},{"taxonomy":"product_cat","embeddable":true,"href":"https:\/\/supermatic.ch\/fr\/wp-json\/wp\/v2\/product_cat?post=3321"},{"taxonomy":"product_tag","embeddable":true,"href":"https:\/\/supermatic.ch\/fr\/wp-json\/wp\/v2\/product_tag?post=3321"}],"curies":[{"name":"wp","href":"https:\/\/api.w.org\/{rel}","templated":true}]}}