{"id":3808,"date":"2022-11-01T13:22:18","date_gmt":"2022-11-01T11:22:18","guid":{"rendered":"https:\/\/supermatic.ch\/?post_type=product&#038;p=3808"},"modified":"2026-02-18T10:37:16","modified_gmt":"2026-02-18T08:37:16","slug":"fermeture-battante-blanche-28-400-avec-une-ouverture-de-1mm","status":"publish","type":"product","link":"https:\/\/supermatic.ch\/fr\/produkte\/verschluesse\/klappverschluss-weiss-mit-oeffnung\/","title":{"rendered":"Fermeture \u00e0 clapet blanc, 28\/400, 1.4mm"},"content":{"rendered":"<h4>fermeture \u00e0 charni\u00e8re rabattable avec ouverture oblique<\/h4>\n<p>Cette fermeture \u00e0 rabat est parfaite pour une grande vari\u00e9t\u00e9 de produits. Sa couleur neutre et son filetage 28\/400, avec une ouverture de 1,4 mm, en font un bon choix pour de nombreuses applications. Gr\u00e2ce \u00e0 sa sortie inclin\u00e9e, il est facile \u00e0 manipuler.<\/p>\n<p><strong>D\u00e9tails techniques :<\/strong><\/p>\n<ul>\n<li><strong>Dimensions<\/strong>32x55mm<\/li>\n<li><strong>Diam\u00e8tre du trou<\/strong>1.4mm<\/li>\n<li><strong>Particularit\u00e9s<\/strong>sortie inclin\u00e9e<\/li>\n<\/ul>\n<p>Que ce soit pour les cosm\u00e9tiques, les aliments ou les produits de nettoyage, ce bouchon repr\u00e9sente le choix parfait pour diverses applications.<\/p>","protected":false},"excerpt":{"rendered":"<p>Klappscharnierverschluss mit schr\u00e4ger \u00d6ffnung Dieser Klappverschluss ist perfekt f\u00fcr eine Vielzahl von Produkten. Die neutrale Farbe [&hellip;]<\/p>\n","protected":false},"featured_media":3765,"comment_status":"open","ping_status":"closed","template":"","meta":[],"product_brand":[],"product_cat":[23,26,25],"product_tag":[],"class_list":{"0":"post-3808","1":"product","2":"type-product","3":"status-publish","4":"has-post-thumbnail","6":"product_cat-verschluesse","7":"product_cat-chemikalien","8":"product_cat-kosmetik","9":"product_shipping_class-3-5-tage-lieferzeit","10":"pa_farbe-weiss","11":"pa_gewinde-28-400","12":"pa_material-pp","14":"first","15":"instock","16":"taxable","17":"shipping-taxable","18":"purchasable","19":"product-type-variable"},"_links":{"self":[{"href":"https:\/\/supermatic.ch\/fr\/wp-json\/wp\/v2\/product\/3808","targetHints":{"allow":["GET"]}}],"collection":[{"href":"https:\/\/supermatic.ch\/fr\/wp-json\/wp\/v2\/product"}],"about":[{"href":"https:\/\/supermatic.ch\/fr\/wp-json\/wp\/v2\/types\/product"}],"replies":[{"embeddable":true,"href":"https:\/\/supermatic.ch\/fr\/wp-json\/wp\/v2\/comments?post=3808"}],"wp:featuredmedia":[{"embeddable":true,"href":"https:\/\/supermatic.ch\/fr\/wp-json\/wp\/v2\/media\/3765"}],"wp:attachment":[{"href":"https:\/\/supermatic.ch\/fr\/wp-json\/wp\/v2\/media?parent=3808"}],"wp:term":[{"taxonomy":"product_brand","embeddable":true,"href":"https:\/\/supermatic.ch\/fr\/wp-json\/wp\/v2\/product_brand?post=3808"},{"taxonomy":"product_cat","embeddable":true,"href":"https:\/\/supermatic.ch\/fr\/wp-json\/wp\/v2\/product_cat?post=3808"},{"taxonomy":"product_tag","embeddable":true,"href":"https:\/\/supermatic.ch\/fr\/wp-json\/wp\/v2\/product_tag?post=3808"}],"curies":[{"name":"wp","href":"https:\/\/api.w.org\/{rel}","templated":true}]}}