{"id":3888,"date":"2022-11-07T09:59:13","date_gmt":"2022-11-07T07:59:13","guid":{"rendered":"https:\/\/supermatic.ch\/?post_type=product&#038;p=3888"},"modified":"2024-10-03T12:00:47","modified_gmt":"2024-10-03T10:00:47","slug":"60ml-bouteille-ronde-verre-transparent-pp28s","status":"publish","type":"product","link":"https:\/\/supermatic.ch\/fr\/produkte\/flaschen\/60ml-rundflasche-glas-transparent-pp28s\/","title":{"rendered":"Flacon rond en verre transparent 60ml, PP28S"},"content":{"rendered":"<p>Volume \u00e0 ras bord : 67.5ml<br \/>\nhauteur : 94mm<br \/>\nDiam\u00e8tre : 38.60mm<br \/>\nQuantit\u00e9 par palette : 6600pcs<\/p>","protected":false},"excerpt":{"rendered":"<p>Volume \u00e0 ras bord : 67.5ml Hauteur : 94mm Diam\u00e8tre : 38.60mm Quantit\u00e9 par palette : 6600pcs.<\/p>","protected":false},"featured_media":3904,"comment_status":"open","ping_status":"closed","template":"","meta":[],"product_brand":[],"product_cat":[15,26,25,24],"product_tag":[],"class_list":{"0":"post-3888","1":"product","2":"type-product","3":"status-publish","4":"has-post-thumbnail","6":"product_cat-flaschen","7":"product_cat-chemikalien","8":"product_cat-kosmetik","9":"product_cat-lebensmittel","10":"product_shipping_class-3-5-tage-lieferzeit","11":"pa_farbe-transparent","12":"pa_fuellmenge-178","13":"pa_gewinde-pp-28-s","14":"pa_material-glas","16":"first","17":"instock","18":"taxable","19":"shipping-taxable","20":"purchasable","21":"product-type-variable"},"_links":{"self":[{"href":"https:\/\/supermatic.ch\/fr\/wp-json\/wp\/v2\/product\/3888","targetHints":{"allow":["GET"]}}],"collection":[{"href":"https:\/\/supermatic.ch\/fr\/wp-json\/wp\/v2\/product"}],"about":[{"href":"https:\/\/supermatic.ch\/fr\/wp-json\/wp\/v2\/types\/product"}],"replies":[{"embeddable":true,"href":"https:\/\/supermatic.ch\/fr\/wp-json\/wp\/v2\/comments?post=3888"}],"wp:featuredmedia":[{"embeddable":true,"href":"https:\/\/supermatic.ch\/fr\/wp-json\/wp\/v2\/media\/3904"}],"wp:attachment":[{"href":"https:\/\/supermatic.ch\/fr\/wp-json\/wp\/v2\/media?parent=3888"}],"wp:term":[{"taxonomy":"product_brand","embeddable":true,"href":"https:\/\/supermatic.ch\/fr\/wp-json\/wp\/v2\/product_brand?post=3888"},{"taxonomy":"product_cat","embeddable":true,"href":"https:\/\/supermatic.ch\/fr\/wp-json\/wp\/v2\/product_cat?post=3888"},{"taxonomy":"product_tag","embeddable":true,"href":"https:\/\/supermatic.ch\/fr\/wp-json\/wp\/v2\/product_tag?post=3888"}],"curies":[{"name":"wp","href":"https:\/\/api.w.org\/{rel}","templated":true}]}}