{"id":3893,"date":"2022-11-07T10:23:26","date_gmt":"2022-11-07T08:23:26","guid":{"rendered":"https:\/\/supermatic.ch\/?post_type=product&#038;p=3893"},"modified":"2024-10-03T12:00:47","modified_gmt":"2024-10-03T10:00:47","slug":"150ml-bouteille-ronde-verre-transparent-pp28s","status":"publish","type":"product","link":"https:\/\/supermatic.ch\/fr\/produkte\/flaschen\/150ml-rundflasche-glas-transparent-pp28s\/","title":{"rendered":"Flacon rond 150ml verre transparent, PP28S"},"content":{"rendered":"<p>Volume \u00e0 ras bord : 158ml<br \/>\nhauteur : 122.80mm<br \/>\nDiam\u00e8tre : 51.6mm<br \/>\nQuantit\u00e9 par palette : 2688pcs<\/p>","protected":false},"excerpt":{"rendered":"<p>Volume \u00e0 ras bord : 158ml Hauteur : 122.80mm Diam\u00e8tre : 51.6mm Quantit\u00e9 par palette : 2688pcs.<\/p>","protected":false},"featured_media":0,"comment_status":"open","ping_status":"closed","template":"","meta":[],"product_brand":[],"product_cat":[15,26,25,24],"product_tag":[],"class_list":{"0":"post-3893","1":"product","2":"type-product","3":"status-publish","5":"product_cat-flaschen","6":"product_cat-chemikalien","7":"product_cat-kosmetik","8":"product_cat-lebensmittel","9":"product_shipping_class-3-5-tage-lieferzeit","10":"pa_farbe-transparent","11":"pa_fuellmenge-45","12":"pa_gewinde-pp-28-s","13":"pa_material-glas","15":"first","16":"instock","17":"taxable","18":"shipping-taxable","19":"product-type-variable"},"_links":{"self":[{"href":"https:\/\/supermatic.ch\/fr\/wp-json\/wp\/v2\/product\/3893","targetHints":{"allow":["GET"]}}],"collection":[{"href":"https:\/\/supermatic.ch\/fr\/wp-json\/wp\/v2\/product"}],"about":[{"href":"https:\/\/supermatic.ch\/fr\/wp-json\/wp\/v2\/types\/product"}],"replies":[{"embeddable":true,"href":"https:\/\/supermatic.ch\/fr\/wp-json\/wp\/v2\/comments?post=3893"}],"wp:attachment":[{"href":"https:\/\/supermatic.ch\/fr\/wp-json\/wp\/v2\/media?parent=3893"}],"wp:term":[{"taxonomy":"product_brand","embeddable":true,"href":"https:\/\/supermatic.ch\/fr\/wp-json\/wp\/v2\/product_brand?post=3893"},{"taxonomy":"product_cat","embeddable":true,"href":"https:\/\/supermatic.ch\/fr\/wp-json\/wp\/v2\/product_cat?post=3893"},{"taxonomy":"product_tag","embeddable":true,"href":"https:\/\/supermatic.ch\/fr\/wp-json\/wp\/v2\/product_tag?post=3893"}],"curies":[{"name":"wp","href":"https:\/\/api.w.org\/{rel}","templated":true}]}}