{"id":4138,"date":"2023-01-03T12:28:57","date_gmt":"2023-01-03T10:28:57","guid":{"rendered":"https:\/\/supermatic.ch\/?post_type=product&#038;p=4138"},"modified":"2026-02-18T10:44:23","modified_gmt":"2026-02-18T08:44:23","slug":"fermeture-rabat-rouge-28-400-avec-une-ouverture-de-1mm","status":"publish","type":"product","link":"https:\/\/supermatic.ch\/fr\/produkte\/verschluesse\/klappverschluss-rot-1mm-oeffnung\/","title":{"rendered":"Fermeture \u00e0 clapet rouge, 28\/400, avec ouverture 1.4mm"},"content":{"rendered":"<p>Cette fermeture \u00e0 charni\u00e8re rabattable est parfaite pour une grande vari\u00e9t\u00e9 de produits. Sa couleur rouge et son filetage 28\/400, avec une ouverture de 1,4 mm, en font un bon choix pour de nombreuses applications. Gr\u00e2ce \u00e0 sa sortie inclin\u00e9e, il est facile \u00e0 manipuler.<\/p>\n<p>Dimensions : 32x55mm<br \/>\nDiam\u00e8tre du trou 1.4mm<br \/>\nSortie oblique<\/p>","protected":false},"excerpt":{"rendered":"<p>Dieser Klappscharnierverschluss ist perfekt f\u00fcr eine Vielzahl von Produkten. Die rote Farbe und das 28\/400 Gewinde, [&hellip;]<\/p>\n","protected":false},"featured_media":5251,"comment_status":"open","ping_status":"closed","template":"","meta":[],"product_brand":[],"product_cat":[23,26,25],"product_tag":[338,336,351,331,330,311,352],"class_list":{"0":"post-4138","1":"product","2":"type-product","3":"status-publish","4":"has-post-thumbnail","6":"product_cat-verschluesse","7":"product_cat-chemikalien","8":"product_cat-kosmetik","9":"product_tag-chemie","10":"product_tag-desinfektionsmittel","11":"product_tag-klappverschluss","12":"product_tag-reinigungsflasche","13":"product_tag-reinigungsmittel","14":"product_tag-seife","15":"product_tag-verschluss","16":"product_shipping_class-3-5-tage-lieferzeit","17":"pa_farbe-rot","18":"pa_gewinde-28-400","19":"pa_material-pp","21":"first","22":"instock","23":"taxable","24":"shipping-taxable","25":"purchasable","26":"product-type-variable"},"_links":{"self":[{"href":"https:\/\/supermatic.ch\/fr\/wp-json\/wp\/v2\/product\/4138","targetHints":{"allow":["GET"]}}],"collection":[{"href":"https:\/\/supermatic.ch\/fr\/wp-json\/wp\/v2\/product"}],"about":[{"href":"https:\/\/supermatic.ch\/fr\/wp-json\/wp\/v2\/types\/product"}],"replies":[{"embeddable":true,"href":"https:\/\/supermatic.ch\/fr\/wp-json\/wp\/v2\/comments?post=4138"}],"wp:featuredmedia":[{"embeddable":true,"href":"https:\/\/supermatic.ch\/fr\/wp-json\/wp\/v2\/media\/5251"}],"wp:attachment":[{"href":"https:\/\/supermatic.ch\/fr\/wp-json\/wp\/v2\/media?parent=4138"}],"wp:term":[{"taxonomy":"product_brand","embeddable":true,"href":"https:\/\/supermatic.ch\/fr\/wp-json\/wp\/v2\/product_brand?post=4138"},{"taxonomy":"product_cat","embeddable":true,"href":"https:\/\/supermatic.ch\/fr\/wp-json\/wp\/v2\/product_cat?post=4138"},{"taxonomy":"product_tag","embeddable":true,"href":"https:\/\/supermatic.ch\/fr\/wp-json\/wp\/v2\/product_tag?post=4138"}],"curies":[{"name":"wp","href":"https:\/\/api.w.org\/{rel}","templated":true}]}}