{"id":4144,"date":"2023-01-03T12:56:31","date_gmt":"2023-01-03T10:56:31","guid":{"rendered":"https:\/\/supermatic.ch\/?post_type=product&#038;p=4144"},"modified":"2026-02-18T10:40:50","modified_gmt":"2026-02-18T08:40:50","slug":"fermeture-rabattable-rouge-28-400-avec-ouverture-de-3mm","status":"publish","type":"product","link":"https:\/\/supermatic.ch\/fr\/produkte\/verschluesse\/klappverschluss-rot-3mm-oeffnung\/","title":{"rendered":"Fermeture \u00e0 clapet rouge, 28\/400, avec ouverture de 3mm"},"content":{"rendered":"<p>Cette fermeture \u00e0 charni\u00e8re rabattable, \u00e9galement appel\u00e9e flip-top, est parfaite pour une grande vari\u00e9t\u00e9 de produits. Sa couleur rouge et son filetage 28\/400, avec une ouverture de 3 mm, en font un bon choix pour de nombreuses applications. Gr\u00e2ce \u00e0 sa sortie droite, il est facile \u00e0 manipuler.<\/p>\n<p>Dimensions : 32x55mm<br \/>\nDiam\u00e8tre d'ouverture 3mm<br \/>\nSortie droite<\/p>","protected":false},"excerpt":{"rendered":"<p>Dieser Klappscharnierverschluss, auch Flip-Top genannt, ist perfekt f\u00fcr eine Vielzahl von Produkten. Die rote Farbe und [&hellip;]<\/p>\n","protected":false},"featured_media":5250,"comment_status":"open","ping_status":"closed","template":"","meta":[],"product_brand":[],"product_cat":[23,26,25],"product_tag":[338,336,351,331,330,352],"class_list":{"0":"post-4144","1":"product","2":"type-product","3":"status-publish","4":"has-post-thumbnail","6":"product_cat-verschluesse","7":"product_cat-chemikalien","8":"product_cat-kosmetik","9":"product_tag-chemie","10":"product_tag-desinfektionsmittel","11":"product_tag-klappverschluss","12":"product_tag-reinigungsflasche","13":"product_tag-reinigungsmittel","14":"product_tag-verschluss","15":"product_shipping_class-1-3-tage-lieferzeit","16":"pa_farbe-rot","17":"pa_gewinde-28-400","18":"pa_material-pp","20":"first","21":"instock","22":"taxable","23":"shipping-taxable","24":"purchasable","25":"product-type-variable"},"_links":{"self":[{"href":"https:\/\/supermatic.ch\/fr\/wp-json\/wp\/v2\/product\/4144","targetHints":{"allow":["GET"]}}],"collection":[{"href":"https:\/\/supermatic.ch\/fr\/wp-json\/wp\/v2\/product"}],"about":[{"href":"https:\/\/supermatic.ch\/fr\/wp-json\/wp\/v2\/types\/product"}],"replies":[{"embeddable":true,"href":"https:\/\/supermatic.ch\/fr\/wp-json\/wp\/v2\/comments?post=4144"}],"wp:featuredmedia":[{"embeddable":true,"href":"https:\/\/supermatic.ch\/fr\/wp-json\/wp\/v2\/media\/5250"}],"wp:attachment":[{"href":"https:\/\/supermatic.ch\/fr\/wp-json\/wp\/v2\/media?parent=4144"}],"wp:term":[{"taxonomy":"product_brand","embeddable":true,"href":"https:\/\/supermatic.ch\/fr\/wp-json\/wp\/v2\/product_brand?post=4144"},{"taxonomy":"product_cat","embeddable":true,"href":"https:\/\/supermatic.ch\/fr\/wp-json\/wp\/v2\/product_cat?post=4144"},{"taxonomy":"product_tag","embeddable":true,"href":"https:\/\/supermatic.ch\/fr\/wp-json\/wp\/v2\/product_tag?post=4144"}],"curies":[{"name":"wp","href":"https:\/\/api.w.org\/{rel}","templated":true}]}}