{"id":4160,"date":"2023-01-03T15:33:54","date_gmt":"2023-01-03T13:33:54","guid":{"rendered":"https:\/\/supermatic.ch\/?post_type=product&#038;p=4160"},"modified":"2024-10-03T12:00:55","modified_gmt":"2024-10-03T10:00:55","slug":"distributeur-de-savon-gsa-filet-28-410","status":"publish","type":"product","link":"https:\/\/supermatic.ch\/fr\/produkte\/verschluesse\/dispenser-und-pumpen\/seifendispenser-gsa-gewinde-28-410\/","title":{"rendered":"Distributeur de savon GSA blanc, 28\/410"},"content":{"rendered":"<p>Distributeur de savon type GSA, couleur blanche,<br \/>\nSurface ext\u00e9rieure lisse,<br \/>\nsans ressort m\u00e9tallique, d\u00e9bit 2ml\/course,<br \/>\nlongueur de la colonne montante d'origine 260mm \u00e0 partir du joint<\/p>\n<p>(peut \u00eatre coup\u00e9 \u00e0 la longueur de la bouteille sur demande= + Fr. 5.--\/100pc)<\/p>\n<p>Convient comme pompe de dosage\/de lotion pour les cr\u00e8mes corporelles, le shampoing, etc.<\/p>","protected":false},"excerpt":{"rendered":"<p>Seifenspender Typ GSA, Farbe weiss, Oberfl\u00e4che aussen glatt, ohne Metallfeder, Ausbringung 2ml\/Hub, Steigrohrl\u00e4nge\u00a0original 260mm ab Dichtung [&hellip;]<\/p>\n","protected":false},"featured_media":5249,"comment_status":"open","ping_status":"closed","template":"","meta":[],"product_brand":[],"product_cat":[26,301,25,23],"product_tag":[336,309,80,340,341,339,311,342],"class_list":{"0":"post-4160","1":"product","2":"type-product","3":"status-publish","4":"has-post-thumbnail","6":"product_cat-chemikalien","7":"product_cat-dispenser-und-pumpen","8":"product_cat-kosmetik","9":"product_cat-verschluesse","10":"product_tag-desinfektionsmittel","11":"product_tag-dispenser","12":"product_tag-flasche","13":"product_tag-gsa","14":"product_tag-hebel","15":"product_tag-pumpe","16":"product_tag-seife","17":"product_tag-spender","18":"product_shipping_class-1-3-tage-lieferzeit","19":"pa_farbe-weiss","20":"pa_gewinde-28-410","21":"pa_material-pp","23":"first","24":"instock","25":"taxable","26":"shipping-taxable","27":"purchasable","28":"product-type-variable"},"_links":{"self":[{"href":"https:\/\/supermatic.ch\/fr\/wp-json\/wp\/v2\/product\/4160","targetHints":{"allow":["GET"]}}],"collection":[{"href":"https:\/\/supermatic.ch\/fr\/wp-json\/wp\/v2\/product"}],"about":[{"href":"https:\/\/supermatic.ch\/fr\/wp-json\/wp\/v2\/types\/product"}],"replies":[{"embeddable":true,"href":"https:\/\/supermatic.ch\/fr\/wp-json\/wp\/v2\/comments?post=4160"}],"wp:featuredmedia":[{"embeddable":true,"href":"https:\/\/supermatic.ch\/fr\/wp-json\/wp\/v2\/media\/5249"}],"wp:attachment":[{"href":"https:\/\/supermatic.ch\/fr\/wp-json\/wp\/v2\/media?parent=4160"}],"wp:term":[{"taxonomy":"product_brand","embeddable":true,"href":"https:\/\/supermatic.ch\/fr\/wp-json\/wp\/v2\/product_brand?post=4160"},{"taxonomy":"product_cat","embeddable":true,"href":"https:\/\/supermatic.ch\/fr\/wp-json\/wp\/v2\/product_cat?post=4160"},{"taxonomy":"product_tag","embeddable":true,"href":"https:\/\/supermatic.ch\/fr\/wp-json\/wp\/v2\/product_tag?post=4160"}],"curies":[{"name":"wp","href":"https:\/\/api.w.org\/{rel}","templated":true}]}}