{"id":4183,"date":"2023-01-03T17:02:55","date_gmt":"2023-01-03T15:02:55","guid":{"rendered":"https:\/\/supermatic.ch\/?post_type=product&#038;p=4183"},"modified":"2024-10-03T12:00:44","modified_gmt":"2024-10-03T10:00:44","slug":"distributeur-de-savon-metal-blanc-28-410","status":"publish","type":"product","link":"https:\/\/supermatic.ch\/fr\/produkte\/verschluesse\/dispenser-und-pumpen\/seifendispenser-metall-weiss-28-410\/","title":{"rendered":"Distributeur de savon GSA m\u00e9tal\/blanc, 28\/410"},"content":{"rendered":"<p><strong>Distributeur de savon en m\u00e9tal\/blanc avec filetage 28\/410<\/strong><br \/>\nCe distributeur de savon de type GSA en m\u00e9tal\/blanc se caract\u00e9rise par une surface ext\u00e9rieure lisse et un d\u00e9bit de 2 ml par pression. Il ne contient pas de ressort m\u00e9tallique et a une longueur de colonne montante initiale de 260mm \u00e0 partir du joint. Sur demande, la longueur peut \u00eatre adapt\u00e9e au flacon (CHF 5.-- suppl\u00e9mentaires par 100 pi\u00e8ces). Il convient parfaitement comme pompe de dosage\/de lotion pour les cr\u00e8mes pour le corps, le shampoing et les produits similaires.<\/p>\n<p>Distributeur de savon type GSA, couleur m\u00e9tal\/blanc,<br \/>\nSurface ext\u00e9rieure lisse,<br \/>\nsans ressort m\u00e9tallique, d\u00e9bit 2ml\/course,<br \/>\nlongueur de la colonne montante d'origine 260mm \u00e0 partir du joint<\/p>\n<p>(peut \u00eatre coup\u00e9 \u00e0 la longueur de la bouteille sur demande= + Fr. 5.--\/100pc)<\/p>\n<p>Convient comme pompe de dosage\/de lotion pour les cr\u00e8mes corporelles, le shampoing, etc.<\/p>","protected":false},"excerpt":{"rendered":"<p>Seifendispenser in Metall\/Weiss mit 28\/410 Gewinde Dieser Seifenspender des Typs GSA in Metall\/Weiss zeichnet sich durch [&hellip;]<\/p>\n","protected":false},"featured_media":5259,"comment_status":"open","ping_status":"closed","template":"","meta":[],"product_brand":[],"product_cat":[26,301,25,23],"product_tag":[309,312,311],"class_list":{"0":"post-4183","1":"product","2":"type-product","3":"status-publish","4":"has-post-thumbnail","6":"product_cat-chemikalien","7":"product_cat-dispenser-und-pumpen","8":"product_cat-kosmetik","9":"product_cat-verschluesse","10":"product_tag-dispenser","11":"product_tag-lotion","12":"product_tag-seife","13":"product_shipping_class-1-3-tage-lieferzeit","14":"pa_farbe-metall","15":"pa_farbe-weiss","16":"pa_gewinde-28-410","17":"pa_material-pp","19":"first","20":"instock","21":"taxable","22":"shipping-taxable","23":"product-type-simple"},"_links":{"self":[{"href":"https:\/\/supermatic.ch\/fr\/wp-json\/wp\/v2\/product\/4183","targetHints":{"allow":["GET"]}}],"collection":[{"href":"https:\/\/supermatic.ch\/fr\/wp-json\/wp\/v2\/product"}],"about":[{"href":"https:\/\/supermatic.ch\/fr\/wp-json\/wp\/v2\/types\/product"}],"replies":[{"embeddable":true,"href":"https:\/\/supermatic.ch\/fr\/wp-json\/wp\/v2\/comments?post=4183"}],"wp:featuredmedia":[{"embeddable":true,"href":"https:\/\/supermatic.ch\/fr\/wp-json\/wp\/v2\/media\/5259"}],"wp:attachment":[{"href":"https:\/\/supermatic.ch\/fr\/wp-json\/wp\/v2\/media?parent=4183"}],"wp:term":[{"taxonomy":"product_brand","embeddable":true,"href":"https:\/\/supermatic.ch\/fr\/wp-json\/wp\/v2\/product_brand?post=4183"},{"taxonomy":"product_cat","embeddable":true,"href":"https:\/\/supermatic.ch\/fr\/wp-json\/wp\/v2\/product_cat?post=4183"},{"taxonomy":"product_tag","embeddable":true,"href":"https:\/\/supermatic.ch\/fr\/wp-json\/wp\/v2\/product_tag?post=4183"}],"curies":[{"name":"wp","href":"https:\/\/api.w.org\/{rel}","templated":true}]}}