{"id":4430,"date":"2023-04-19T14:57:40","date_gmt":"2023-04-19T12:57:40","guid":{"rendered":"https:\/\/supermatic.ch\/?post_type=product&#038;p=4430"},"modified":"2024-10-03T12:00:38","modified_gmt":"2024-10-03T10:00:38","slug":"100ml-bouteille-ronde-blanche-6","status":"publish","type":"product","link":"https:\/\/supermatic.ch\/fr\/produkte\/flaschen\/250ml-rund-kosmetikflasche-hd-pe-weiss-s24\/","title":{"rendered":"Flacon rond\/cosm\u00e9tique de 250ml HD-PE blanc, S24"},"content":{"rendered":"<p>en HD-PE blanc<br \/>\ndiam\u00e8tre : 49mm<br \/>\nhauteur : 172mm<br \/>\nHauteur d'\u00e9tiquetage : max. 150mm<\/p>\n<p>Couleurs, impression, \u00e9tiquetage, etc. sur demande<\/p>","protected":false},"excerpt":{"rendered":"<p>en HD-PE blanc Diam\u00e8tre : 49mm Hauteur : 172mm Hauteur d'\u00e9tiquetage : max. 150mm Couleurs, impression, \u00e9tiquetage, etc. sur demande<\/p>","protected":false},"featured_media":5240,"comment_status":"open","ping_status":"closed","template":"","meta":[],"product_brand":[],"product_cat":[15,26,25],"product_tag":[80,335,378,424,343,423,346],"class_list":{"0":"post-4430","1":"product","2":"type-product","3":"status-publish","4":"has-post-thumbnail","6":"product_cat-flaschen","7":"product_cat-chemikalien","8":"product_cat-kosmetik","9":"product_tag-flasche","10":"product_tag-hd-pe","11":"product_tag-kosmetik","12":"product_tag-kosmetikflasche","13":"product_tag-rundflasche","14":"product_tag-s24","15":"product_tag-weiss","16":"product_shipping_class-3-5-tage-lieferzeit","17":"pa_farbe-weiss","18":"pa_form-rund","19":"pa_form-zylindrisch","20":"pa_fuellmenge-133","21":"pa_gewinde-s24","22":"pa_material-hd-pe","24":"first","25":"instock","26":"taxable","27":"shipping-taxable","28":"product-type-simple"},"_links":{"self":[{"href":"https:\/\/supermatic.ch\/fr\/wp-json\/wp\/v2\/product\/4430","targetHints":{"allow":["GET"]}}],"collection":[{"href":"https:\/\/supermatic.ch\/fr\/wp-json\/wp\/v2\/product"}],"about":[{"href":"https:\/\/supermatic.ch\/fr\/wp-json\/wp\/v2\/types\/product"}],"replies":[{"embeddable":true,"href":"https:\/\/supermatic.ch\/fr\/wp-json\/wp\/v2\/comments?post=4430"}],"wp:featuredmedia":[{"embeddable":true,"href":"https:\/\/supermatic.ch\/fr\/wp-json\/wp\/v2\/media\/5240"}],"wp:attachment":[{"href":"https:\/\/supermatic.ch\/fr\/wp-json\/wp\/v2\/media?parent=4430"}],"wp:term":[{"taxonomy":"product_brand","embeddable":true,"href":"https:\/\/supermatic.ch\/fr\/wp-json\/wp\/v2\/product_brand?post=4430"},{"taxonomy":"product_cat","embeddable":true,"href":"https:\/\/supermatic.ch\/fr\/wp-json\/wp\/v2\/product_cat?post=4430"},{"taxonomy":"product_tag","embeddable":true,"href":"https:\/\/supermatic.ch\/fr\/wp-json\/wp\/v2\/product_tag?post=4430"}],"curies":[{"name":"wp","href":"https:\/\/api.w.org\/{rel}","templated":true}]}}