{"id":4432,"date":"2023-04-19T15:08:12","date_gmt":"2023-04-19T13:08:12","guid":{"rendered":"https:\/\/supermatic.ch\/?post_type=product&#038;p=4432"},"modified":"2024-10-03T12:00:38","modified_gmt":"2024-10-03T10:00:38","slug":"100ml-bouteille-ronde-blanche-8","status":"publish","type":"product","link":"https:\/\/supermatic.ch\/fr\/produkte\/chemikalien\/disc-top-verschluss-kosmetikflaschen\/","title":{"rendered":"Disc Top Bouchon pour flacons ronds\/cosm\u00e9tiques HD-PE, S24"},"content":{"rendered":"<p><strong>Bouchon Disc Top pour flacons ronds\/cosm\u00e9tiques HD-PE, S24<\/strong><br \/>\nCe bouchon \u00e0 vis blanc avec une surface mate a \u00e9t\u00e9 sp\u00e9cialement con\u00e7u pour les bouteilles rondes et cosm\u00e9tiques en HD-PE. Avec une hauteur de 31 mm et un diam\u00e8tre de 48 mm, il offre une solution de fermeture s\u00fbre et fiable pour vos bouteilles.<\/p>\n<p>Bouchon \u00e0 vis blanc<br \/>\nsurface mate<br \/>\nhauteur 31mm<br \/>\ndiam\u00e8tre : 48mm<\/p>\n<p>Ouverture :<br \/>\nlargeur 7mm<br \/>\nhauteur 3.4mm<\/p>","protected":false},"excerpt":{"rendered":"<p>Disc Top Verschluss f\u00fcr Rund-\/Kosmetikflaschen HD-PE, S24 Dieser weisse Schraubverschluss mit einer matten Oberfl\u00e4che ist speziell [&hellip;]<\/p>\n","protected":false},"featured_media":4425,"comment_status":"open","ping_status":"closed","template":"","meta":[],"product_brand":[],"product_cat":[26,25,23],"product_tag":[80,335,378,424,343,423,346],"class_list":{"0":"post-4432","1":"product","2":"type-product","3":"status-publish","4":"has-post-thumbnail","6":"product_cat-chemikalien","7":"product_cat-kosmetik","8":"product_cat-verschluesse","9":"product_tag-flasche","10":"product_tag-hd-pe","11":"product_tag-kosmetik","12":"product_tag-kosmetikflasche","13":"product_tag-rundflasche","14":"product_tag-s24","15":"product_tag-weiss","16":"product_shipping_class-3-5-tage-lieferzeit","17":"pa_farbe-weiss","18":"pa_gewinde-s24","20":"first","21":"instock","22":"taxable","23":"shipping-taxable","24":"product-type-simple"},"_links":{"self":[{"href":"https:\/\/supermatic.ch\/fr\/wp-json\/wp\/v2\/product\/4432","targetHints":{"allow":["GET"]}}],"collection":[{"href":"https:\/\/supermatic.ch\/fr\/wp-json\/wp\/v2\/product"}],"about":[{"href":"https:\/\/supermatic.ch\/fr\/wp-json\/wp\/v2\/types\/product"}],"replies":[{"embeddable":true,"href":"https:\/\/supermatic.ch\/fr\/wp-json\/wp\/v2\/comments?post=4432"}],"wp:featuredmedia":[{"embeddable":true,"href":"https:\/\/supermatic.ch\/fr\/wp-json\/wp\/v2\/media\/4425"}],"wp:attachment":[{"href":"https:\/\/supermatic.ch\/fr\/wp-json\/wp\/v2\/media?parent=4432"}],"wp:term":[{"taxonomy":"product_brand","embeddable":true,"href":"https:\/\/supermatic.ch\/fr\/wp-json\/wp\/v2\/product_brand?post=4432"},{"taxonomy":"product_cat","embeddable":true,"href":"https:\/\/supermatic.ch\/fr\/wp-json\/wp\/v2\/product_cat?post=4432"},{"taxonomy":"product_tag","embeddable":true,"href":"https:\/\/supermatic.ch\/fr\/wp-json\/wp\/v2\/product_tag?post=4432"}],"curies":[{"name":"wp","href":"https:\/\/api.w.org\/{rel}","templated":true}]}}