{"id":4437,"date":"2023-04-24T15:03:03","date_gmt":"2023-04-24T13:03:03","guid":{"rendered":"https:\/\/supermatic.ch\/?post_type=product&#038;p=4437"},"modified":"2024-10-22T20:43:39","modified_gmt":"2024-10-22T18:43:39","slug":"1000ml-sachet-rechargeable-blanc-4","status":"publish","type":"product","link":"https:\/\/supermatic.ch\/fr\/produkte\/beutel\/500ml-nachfuellbeutel-kraftpapier\/","title":{"rendered":"Sachet \u00e0 fond plat\/recharge de 500ml Kraft, avec bouchon noir"},"content":{"rendered":"<p>Mat\u00e9riau Kraft\/Nylon\/PE,<br \/>\nSurface Force,<br \/>\nouverture lat\u00e9rale \u00e0 45 degr\u00e9s,<br \/>\nDiam\u00e8tre d'ouverture 16mm,<br \/>\nRemplissage par filetage,<br \/>\nQuantit\u00e9 de remplissage 500ml,<br \/>\n\u00c9paisseur du mat\u00e9riau 160my,<br \/>\nBouchon \u00e0 vis noir avec bague de garantie,<\/p>\n<p>Longueur : 210x140mm + 40mmx2 (pli de fond)<\/p>\n<p>Unit\u00e9 d'emballage : 800pcs\/carton<\/p>\n<p>D\u00e9couvrez notre sachet \u00e0 fond plat r\u00e9sistant Kraft. Le sachet recharge est id\u00e9al pour la conservation de shampooing, gel douche, savon liquide, lotions, produits de nettoyage et autres produits liquides. Le bouchon noir avec rainures verticales et anneau de garantie garantit une manipulation simple et s\u00fbre, id\u00e9ale pour un usage quotidien. La surface Kraft offre en outre un toucher tr\u00e8s agr\u00e9able et de qualit\u00e9.<\/p>\n<p>Que ce soit pour un usage personnel, dans la restauration ou l'industrie, ce sachet de recharge est la solution parfaite pour stocker et recharger des produits de mani\u00e8re s\u00fbre, hygi\u00e9nique et efficace. <\/p>\n<p>Gr\u00e2ce \u00e0 son faible poids, ce sachet est un emballage id\u00e9al qui utilise peu de mat\u00e9riaux.<\/p>","protected":false},"excerpt":{"rendered":"<p>Material Kraft\/Nylon\/PE, Oberfl\u00e4che Kraft, seitliche \u00d6ffnung 45Grad, \u00d6ffnungsdurchmesser 16mm, Bef\u00fcllung durch Gewinde, F\u00fcllmenge 500ml, Materialst\u00e4rke 160my, [&hellip;]<\/p>\n","protected":false},"featured_media":5034,"comment_status":"open","ping_status":"closed","template":"","meta":[],"product_brand":[],"product_cat":[27,26,25,55],"product_tag":[305,407,411,361,409,408,376,410],"class_list":{"0":"post-4437","1":"product","2":"type-product","3":"status-publish","4":"has-post-thumbnail","6":"product_cat-beutel","7":"product_cat-chemikalien","8":"product_cat-kosmetik","9":"product_cat-nachhaltig","10":"product_tag-500ml","11":"product_tag-beutel","12":"product_tag-braun","13":"product_tag-karton","14":"product_tag-kraft","15":"product_tag-nachfuellbeutel","16":"product_tag-pe","17":"product_tag-refill","18":"product_shipping_class-5-8-tage-lieferzeit","19":"pa_farbe-beige","20":"pa_farbe-braun","21":"pa_fuellmenge-58","22":"pa_material-nylon","24":"first","25":"instock","26":"taxable","27":"shipping-taxable","28":"purchasable","29":"product-type-variable"},"_links":{"self":[{"href":"https:\/\/supermatic.ch\/fr\/wp-json\/wp\/v2\/product\/4437","targetHints":{"allow":["GET"]}}],"collection":[{"href":"https:\/\/supermatic.ch\/fr\/wp-json\/wp\/v2\/product"}],"about":[{"href":"https:\/\/supermatic.ch\/fr\/wp-json\/wp\/v2\/types\/product"}],"replies":[{"embeddable":true,"href":"https:\/\/supermatic.ch\/fr\/wp-json\/wp\/v2\/comments?post=4437"}],"wp:featuredmedia":[{"embeddable":true,"href":"https:\/\/supermatic.ch\/fr\/wp-json\/wp\/v2\/media\/5034"}],"wp:attachment":[{"href":"https:\/\/supermatic.ch\/fr\/wp-json\/wp\/v2\/media?parent=4437"}],"wp:term":[{"taxonomy":"product_brand","embeddable":true,"href":"https:\/\/supermatic.ch\/fr\/wp-json\/wp\/v2\/product_brand?post=4437"},{"taxonomy":"product_cat","embeddable":true,"href":"https:\/\/supermatic.ch\/fr\/wp-json\/wp\/v2\/product_cat?post=4437"},{"taxonomy":"product_tag","embeddable":true,"href":"https:\/\/supermatic.ch\/fr\/wp-json\/wp\/v2\/product_tag?post=4437"}],"curies":[{"name":"wp","href":"https:\/\/api.w.org\/{rel}","templated":true}]}}