{"id":4474,"date":"2023-05-10T10:05:29","date_gmt":"2023-05-10T08:05:29","guid":{"rendered":"https:\/\/supermatic.ch\/?post_type=product&#038;p=4474"},"modified":"2025-11-04T21:32:57","modified_gmt":"2025-11-04T19:32:57","slug":"500ml-bouteille-verale-de-pet-marron","status":"publish","type":"product","link":"https:\/\/supermatic.ch\/fr\/produkte\/flaschen\/500ml-veralflasche-aus-pet-braun\/","title":{"rendered":"Bouteille de Veral 500ml en PET marron"},"content":{"rendered":"<p>Cette bouteille Veral en PET convient \u00e0 une multitude d'applications et garantit que le contenu est prot\u00e9g\u00e9 contre les effets de la lumi\u00e8re, ce qui prolonge la dur\u00e9e de conservation des produits photosensibles.<\/p>\n<p>masse :<\/p>\n<ul>\n<li>hauteur : 149mm<\/li>\n<li>diam\u00e8tre : 79mm<\/li>\n<\/ul>\n<p>Emballage et livraison :<\/p>\n<ul>\n<li>Quantit\u00e9 par palette : 1134 pi\u00e8ces<\/li>\n<\/ul>","protected":false},"excerpt":{"rendered":"<p>Diese Veralflasche aus PET eignet sich f\u00fcr eine Vielzahl von Anwendungen und stellt sicher, dass der [&hellip;]<\/p>\n","protected":false},"featured_media":5231,"comment_status":"open","ping_status":"closed","template":"","meta":[],"product_brand":[],"product_cat":[15,26,25,24],"product_tag":[305,411,309,429,313,428],"class_list":{"0":"post-4474","1":"product","2":"type-product","3":"status-publish","4":"has-post-thumbnail","6":"product_cat-flaschen","7":"product_cat-chemikalien","8":"product_cat-kosmetik","9":"product_cat-lebensmittel","10":"product_tag-500ml","11":"product_tag-braun","12":"product_tag-dispenser","13":"product_tag-fluessigwuerze","14":"product_tag-pet","15":"product_tag-veral","16":"product_shipping_class-3-5-tage-lieferzeit","17":"pa_farbe-braun","18":"pa_form-rund","19":"pa_fuellmenge-58","20":"pa_gewinde-28-ropp","21":"pa_material-pet","23":"first","24":"instock","25":"taxable","26":"shipping-taxable","27":"purchasable","28":"product-type-simple"},"_links":{"self":[{"href":"https:\/\/supermatic.ch\/fr\/wp-json\/wp\/v2\/product\/4474","targetHints":{"allow":["GET"]}}],"collection":[{"href":"https:\/\/supermatic.ch\/fr\/wp-json\/wp\/v2\/product"}],"about":[{"href":"https:\/\/supermatic.ch\/fr\/wp-json\/wp\/v2\/types\/product"}],"replies":[{"embeddable":true,"href":"https:\/\/supermatic.ch\/fr\/wp-json\/wp\/v2\/comments?post=4474"}],"wp:featuredmedia":[{"embeddable":true,"href":"https:\/\/supermatic.ch\/fr\/wp-json\/wp\/v2\/media\/5231"}],"wp:attachment":[{"href":"https:\/\/supermatic.ch\/fr\/wp-json\/wp\/v2\/media?parent=4474"}],"wp:term":[{"taxonomy":"product_brand","embeddable":true,"href":"https:\/\/supermatic.ch\/fr\/wp-json\/wp\/v2\/product_brand?post=4474"},{"taxonomy":"product_cat","embeddable":true,"href":"https:\/\/supermatic.ch\/fr\/wp-json\/wp\/v2\/product_cat?post=4474"},{"taxonomy":"product_tag","embeddable":true,"href":"https:\/\/supermatic.ch\/fr\/wp-json\/wp\/v2\/product_tag?post=4474"}],"curies":[{"name":"wp","href":"https:\/\/api.w.org\/{rel}","templated":true}]}}