{"id":4475,"date":"2023-05-10T10:24:59","date_gmt":"2023-05-10T08:24:59","guid":{"rendered":"https:\/\/supermatic.ch\/?post_type=product&#038;p=4475"},"modified":"2024-10-03T12:00:37","modified_gmt":"2024-10-03T10:00:37","slug":"500ml-bouteille-milo-de-pet-clair","status":"publish","type":"product","link":"https:\/\/supermatic.ch\/fr\/produkte\/flaschen\/500ml-flasche-milo-aus-pet-klar\/","title":{"rendered":"Bouteille MILO de 500 ml en PET transparent"},"content":{"rendered":"<p>masse :<br \/>\nhauteur 185mm<br \/>\ndiam\u00e8tre 68mm<br \/>\npoids 34g<\/p>\n<p>1 palette de 1254pcs<\/p>\n<p>Disponibilit\u00e9 sur demande !<\/p>","protected":false},"excerpt":{"rendered":"<p>Dimensions : hauteur 185mm diam\u00e8tre 68mm poids 34g 1 palette \u00e0 1254pcs. Disponibilit\u00e9 sur demande !<\/p>","protected":false},"featured_media":5956,"comment_status":"open","ping_status":"closed","template":"","meta":[],"product_brand":[],"product_cat":[15,26,25,24],"product_tag":[305,309,313,506],"class_list":{"0":"post-4475","1":"product","2":"type-product","3":"status-publish","4":"has-post-thumbnail","6":"product_cat-flaschen","7":"product_cat-chemikalien","8":"product_cat-kosmetik","9":"product_cat-lebensmittel","10":"product_tag-500ml","11":"product_tag-dispenser","12":"product_tag-pet","13":"product_tag-seifendispenser","14":"product_shipping_class-3-5-tage-lieferzeit","15":"pa_farbe-transparent","16":"pa_form-rund","17":"pa_fuellmenge-58","18":"pa_gewinde-28-410","19":"pa_material-pet","21":"first","22":"instock","23":"taxable","24":"shipping-taxable","25":"purchasable","26":"product-type-variable"},"_links":{"self":[{"href":"https:\/\/supermatic.ch\/fr\/wp-json\/wp\/v2\/product\/4475","targetHints":{"allow":["GET"]}}],"collection":[{"href":"https:\/\/supermatic.ch\/fr\/wp-json\/wp\/v2\/product"}],"about":[{"href":"https:\/\/supermatic.ch\/fr\/wp-json\/wp\/v2\/types\/product"}],"replies":[{"embeddable":true,"href":"https:\/\/supermatic.ch\/fr\/wp-json\/wp\/v2\/comments?post=4475"}],"wp:featuredmedia":[{"embeddable":true,"href":"https:\/\/supermatic.ch\/fr\/wp-json\/wp\/v2\/media\/5956"}],"wp:attachment":[{"href":"https:\/\/supermatic.ch\/fr\/wp-json\/wp\/v2\/media?parent=4475"}],"wp:term":[{"taxonomy":"product_brand","embeddable":true,"href":"https:\/\/supermatic.ch\/fr\/wp-json\/wp\/v2\/product_brand?post=4475"},{"taxonomy":"product_cat","embeddable":true,"href":"https:\/\/supermatic.ch\/fr\/wp-json\/wp\/v2\/product_cat?post=4475"},{"taxonomy":"product_tag","embeddable":true,"href":"https:\/\/supermatic.ch\/fr\/wp-json\/wp\/v2\/product_tag?post=4475"}],"curies":[{"name":"wp","href":"https:\/\/api.w.org\/{rel}","templated":true}]}}