{"id":4960,"date":"2023-08-10T14:15:44","date_gmt":"2023-08-10T12:15:44","guid":{"rendered":"https:\/\/supermatic.ch\/?post_type=product&#038;p=4960"},"modified":"2026-03-25T15:30:43","modified_gmt":"2026-03-25T13:30:43","slug":"500ml-bouteille-hotfill-sans-fermeture-2","status":"publish","type":"product","link":"https:\/\/supermatic.ch\/fr\/produkte\/flaschen\/hotfill-flaschen\/1000ml-hotfill-flasche-pet\/","title":{"rendered":"Bouteille HOTFILL 1000ml PET"},"content":{"rendered":"<h5><strong>Bouteille HOTFILL de 1000 ml en PET<\/strong><\/h5>\n<p>Sp\u00e9cialement con\u00e7u pour <a href=\"https:\/\/supermatic.ch\/fr\/hot-fill-pet-flacons-pour-remplissage-a-chaud\/\">Mise en bouteille \u00e0 chaud<\/a>. Notre bouteille HOTFILL de 1000 ml en PET offre une solution s\u00fbre pour vos processus de remplissage \u00e0 chaud. Cela s'applique par exemple aux jus de fruits, aux th\u00e9s glac\u00e9s, aux sauces, aux sirops, aux boissons sportives et \u00e9lectrolytiques ainsi qu'au lait de soja et autres produits laitiers v\u00e9g\u00e9taux. Les panneaux lat\u00e9raux garantissent une stabilit\u00e9 dimensionnelle optimale.<\/p>\n<ul>\n<li><strong>mat\u00e9riel :<\/strong> PET<\/li>\n<li><strong>Capacit\u00e9 :<\/strong> 1000ml<\/li>\n<li><strong>masse :<\/strong>\n<ul>\n<li>diam\u00e8tre : 85mm<\/li>\n<li>hauteur : 252mm<\/li>\n<\/ul>\n<\/li>\n<\/ul>\n<p>Faites confiance \u00e0 la qualit\u00e9 et \u00e0 la fiabilit\u00e9 lorsqu'il s'agit de transvaser des liquides chauds.<\/p>","protected":false},"excerpt":{"rendered":"<p>1000ml HOTFILL-Flasche aus PET Speziell konzipiert f\u00fcr Heissabf\u00fcllungen. Unsere 1000ml HOTFILL-Flasche aus PET bietet die sichere [&hellip;]<\/p>\n","protected":false},"featured_media":4966,"comment_status":"open","ping_status":"closed","template":"","meta":[],"product_brand":[],"product_cat":[15,543,24],"product_tag":[432],"class_list":{"0":"post-4960","1":"product","2":"type-product","3":"status-publish","4":"has-post-thumbnail","6":"product_cat-flaschen","7":"product_cat-hotfill-flaschen","8":"product_cat-lebensmittel","9":"product_tag-heissabfuellung","10":"product_shipping_class-5-8-tage-lieferzeit","11":"pa_farbe-transparent","12":"pa_form-eckig","13":"pa_form-rund","14":"pa_fuellmenge-91","15":"pa_gewinde-38mm-hotfill-2-start","16":"pa_material-pet","18":"first","19":"instock","20":"taxable","21":"shipping-taxable","22":"purchasable","23":"product-type-variable"},"_links":{"self":[{"href":"https:\/\/supermatic.ch\/fr\/wp-json\/wp\/v2\/product\/4960","targetHints":{"allow":["GET"]}}],"collection":[{"href":"https:\/\/supermatic.ch\/fr\/wp-json\/wp\/v2\/product"}],"about":[{"href":"https:\/\/supermatic.ch\/fr\/wp-json\/wp\/v2\/types\/product"}],"replies":[{"embeddable":true,"href":"https:\/\/supermatic.ch\/fr\/wp-json\/wp\/v2\/comments?post=4960"}],"wp:featuredmedia":[{"embeddable":true,"href":"https:\/\/supermatic.ch\/fr\/wp-json\/wp\/v2\/media\/4966"}],"wp:attachment":[{"href":"https:\/\/supermatic.ch\/fr\/wp-json\/wp\/v2\/media?parent=4960"}],"wp:term":[{"taxonomy":"product_brand","embeddable":true,"href":"https:\/\/supermatic.ch\/fr\/wp-json\/wp\/v2\/product_brand?post=4960"},{"taxonomy":"product_cat","embeddable":true,"href":"https:\/\/supermatic.ch\/fr\/wp-json\/wp\/v2\/product_cat?post=4960"},{"taxonomy":"product_tag","embeddable":true,"href":"https:\/\/supermatic.ch\/fr\/wp-json\/wp\/v2\/product_tag?post=4960"}],"curies":[{"name":"wp","href":"https:\/\/api.w.org\/{rel}","templated":true}]}}