{"id":530,"date":"2022-10-03T18:36:03","date_gmt":"2022-10-03T16:36:03","guid":{"rendered":"https:\/\/supermatic.ch\/produkt\/100ml-rundflasche-natur\/"},"modified":"2025-02-19T10:23:01","modified_gmt":"2025-02-19T08:23:01","slug":"100ml-bouteille-ronde-nature","status":"publish","type":"product","link":"https:\/\/supermatic.ch\/fr\/produkte\/flaschen\/100ml-rundflasche-natur\/","title":{"rendered":"Vaporisateur 100ml naturel, 20\/410"},"content":{"rendered":"<p>Le flacon vaporisateur de 100 ml de couleur naturelle avec un filetage 20\/410 est une solution d'emballage id\u00e9ale pour diff\u00e9rentes applications. Associ\u00e9 \u00e0 un vaporisateur, il peut \u00eatre utilis\u00e9 pour des produits tels que les sprays pour le visage, les sprays pour les cheveux, les sprays d\u00e9sinfectants, les sprays d'ambiance ou les sprays pour les plantes.<\/p>\n<ul>\n<li>masse :\n<ul>\n<li>hauteur : 110mm<\/li>\n<li>diam\u00e8tre : 45mm<\/li>\n<\/ul>\n<\/li>\n<\/ul>","protected":false},"excerpt":{"rendered":"<p>Die 100ml Zerst\u00e4uberflasche in Naturfarbe mit einem 20\/410 Gewinde ist eine ideale Verpackungsl\u00f6sung f\u00fcr verschiedene Anwendungen. [&hellip;]<\/p>\n","protected":false},"featured_media":3726,"comment_status":"open","ping_status":"closed","template":"","meta":[],"product_brand":[],"product_cat":[15,26,25],"product_tag":[],"class_list":{"0":"post-530","1":"product","2":"type-product","3":"status-publish","4":"has-post-thumbnail","6":"product_cat-flaschen","7":"product_cat-chemikalien","8":"product_cat-kosmetik","9":"product_shipping_class-3-5-tage-lieferzeit","10":"pa_farbe-farblos","11":"pa_form-rund","12":"pa_fuellmenge-87","13":"pa_gewinde-20-410","14":"pa_material-hd-pe","16":"first","17":"instock","18":"taxable","19":"shipping-taxable","20":"purchasable","21":"product-type-variable"},"_links":{"self":[{"href":"https:\/\/supermatic.ch\/fr\/wp-json\/wp\/v2\/product\/530","targetHints":{"allow":["GET"]}}],"collection":[{"href":"https:\/\/supermatic.ch\/fr\/wp-json\/wp\/v2\/product"}],"about":[{"href":"https:\/\/supermatic.ch\/fr\/wp-json\/wp\/v2\/types\/product"}],"replies":[{"embeddable":true,"href":"https:\/\/supermatic.ch\/fr\/wp-json\/wp\/v2\/comments?post=530"}],"wp:featuredmedia":[{"embeddable":true,"href":"https:\/\/supermatic.ch\/fr\/wp-json\/wp\/v2\/media\/3726"}],"wp:attachment":[{"href":"https:\/\/supermatic.ch\/fr\/wp-json\/wp\/v2\/media?parent=530"}],"wp:term":[{"taxonomy":"product_brand","embeddable":true,"href":"https:\/\/supermatic.ch\/fr\/wp-json\/wp\/v2\/product_brand?post=530"},{"taxonomy":"product_cat","embeddable":true,"href":"https:\/\/supermatic.ch\/fr\/wp-json\/wp\/v2\/product_cat?post=530"},{"taxonomy":"product_tag","embeddable":true,"href":"https:\/\/supermatic.ch\/fr\/wp-json\/wp\/v2\/product_tag?post=530"}],"curies":[{"name":"wp","href":"https:\/\/api.w.org\/{rel}","templated":true}]}}