{"id":5615,"date":"2023-12-30T12:44:13","date_gmt":"2023-12-30T10:44:13","guid":{"rendered":"https:\/\/supermatic.ch\/?post_type=product&#038;p=5615"},"modified":"2024-10-03T11:56:03","modified_gmt":"2024-10-03T09:56:03","slug":"250ml-bouteille-a-col-large-pet-2","status":"publish","type":"product","link":"https:\/\/supermatic.ch\/fr\/produkte\/flaschen\/250ml-weithalsflasche-pet-2\/","title":{"rendered":"Bouteille \u00e0 col large 250ml PET"},"content":{"rendered":"<h5><strong>Bouteille \u00e0 col large de 250 ml en PET<\/strong><\/h5>\n<p>Forme claire, fonction claire. Notre bouteille transparente \u00e0 col large en PET offre une solution de conservation optimale pour une multitude de liquides. Elle est parfaite comme bouteille de boissons pour les jus de fruits ou comme r\u00e9cipient pour les sauces \u00e0 salade. Votre contenu reste toujours frais et bien prot\u00e9g\u00e9.<\/p>\n<ul>\n<li><strong>mat\u00e9riel :<\/strong> PET<\/li>\n<li><strong>Capacit\u00e9 :<\/strong> 250 ml<\/li>\n<li><strong>Filetage :<\/strong> 38mm 2-Start<\/li>\n<li><strong>masse :<\/strong>\n<ul>\n<li>diam\u00e8tre : 54mm<\/li>\n<li>hauteur : 149mm<\/li>\n<\/ul>\n<\/li>\n<\/ul>\n<p>&nbsp;<\/p>\n<p>autres quantit\u00e9s et d\u00e9lais de livraison sur demande<\/p>","protected":false},"excerpt":{"rendered":"<p>250ml Weithalsflasche aus PET Klare Form, klare Funktion. Unsere transparente Weithalsflasche aus PET bietet die optimale [&hellip;]<\/p>\n","protected":false},"featured_media":3681,"comment_status":"open","ping_status":"closed","template":"","meta":[],"product_brand":[],"product_cat":[15,24],"product_tag":[80,320,321,314,313,315,316,317],"class_list":{"0":"post-5615","1":"product","2":"type-product","3":"status-publish","4":"has-post-thumbnail","6":"product_cat-flaschen","7":"product_cat-lebensmittel","8":"product_tag-flasche","9":"product_tag-fruchtsaft","10":"product_tag-fruchtsaftflasche","11":"product_tag-getraenkeflasche","12":"product_tag-pet","13":"product_tag-salatsauce","14":"product_tag-salatsosse","15":"product_tag-transparent","16":"product_shipping_class-3-5-tage-lieferzeit","17":"pa_farbe-transparent","18":"pa_form-rund","19":"pa_fuellmenge-133","20":"pa_gewinde-38mm-2-start","21":"pa_material-pet","23":"first","24":"instock","25":"taxable","26":"shipping-taxable","27":"purchasable","28":"product-type-variable"},"_links":{"self":[{"href":"https:\/\/supermatic.ch\/fr\/wp-json\/wp\/v2\/product\/5615","targetHints":{"allow":["GET"]}}],"collection":[{"href":"https:\/\/supermatic.ch\/fr\/wp-json\/wp\/v2\/product"}],"about":[{"href":"https:\/\/supermatic.ch\/fr\/wp-json\/wp\/v2\/types\/product"}],"replies":[{"embeddable":true,"href":"https:\/\/supermatic.ch\/fr\/wp-json\/wp\/v2\/comments?post=5615"}],"wp:featuredmedia":[{"embeddable":true,"href":"https:\/\/supermatic.ch\/fr\/wp-json\/wp\/v2\/media\/3681"}],"wp:attachment":[{"href":"https:\/\/supermatic.ch\/fr\/wp-json\/wp\/v2\/media?parent=5615"}],"wp:term":[{"taxonomy":"product_brand","embeddable":true,"href":"https:\/\/supermatic.ch\/fr\/wp-json\/wp\/v2\/product_brand?post=5615"},{"taxonomy":"product_cat","embeddable":true,"href":"https:\/\/supermatic.ch\/fr\/wp-json\/wp\/v2\/product_cat?post=5615"},{"taxonomy":"product_tag","embeddable":true,"href":"https:\/\/supermatic.ch\/fr\/wp-json\/wp\/v2\/product_tag?post=5615"}],"curies":[{"name":"wp","href":"https:\/\/api.w.org\/{rel}","templated":true}]}}