{"id":566,"date":"2022-10-03T18:36:10","date_gmt":"2022-10-03T16:36:10","guid":{"rendered":"https:\/\/supermatic.ch\/produkt\/schraubverschluss\/"},"modified":"2024-10-03T12:10:34","modified_gmt":"2024-10-03T10:10:34","slug":"bouchon-a-visser","status":"publish","type":"product","link":"https:\/\/supermatic.ch\/fr\/produkte\/verschluesse\/schraubverschluss\/","title":{"rendered":"Bouchon \u00e0 vis blanc 28\/410"},"content":{"rendered":"<p>Bouchon \u00e0 vis blanc 28\/410 : un bouchon fiable avec une surface rainur\u00e9e qui offre une s\u00e9curit\u00e9 gr\u00e2ce \u00e0 son ouverture garantie et qui assure une \u00e9tanch\u00e9it\u00e9 optimale de chaque bouteille.<\/p>\n<p><strong>Caract\u00e9ristiques :<\/strong><\/p>\n<ul>\n<li>Couleur : Blanc<\/li>\n<li>Filetage : 28\/410<\/li>\n<li>Design : Rainur\u00e9<\/li>\n<li>Avec ouverture de garantie et joint plat<\/li>\n<\/ul>","protected":false},"excerpt":{"rendered":"<p>Weisser Schraubverschluss 28\/410: Ein zuverl\u00e4ssiger Verschluss mit gerillter Oberfl\u00e4che, der Sicherheit durch seine Garantie\u00f6ffnung bietet und [&hellip;]<\/p>\n","protected":false},"featured_media":2939,"comment_status":"open","ping_status":"closed","template":"","meta":[],"product_brand":[],"product_cat":[23],"product_tag":[],"class_list":{"0":"post-566","1":"product","2":"type-product","3":"status-publish","4":"has-post-thumbnail","6":"product_cat-verschluesse","7":"product_shipping_class-1-3-tage-lieferzeit","8":"pa_farbe-weiss","9":"pa_gewinde-28-410","11":"first","12":"instock","13":"taxable","14":"shipping-taxable","15":"purchasable","16":"product-type-variable"},"_links":{"self":[{"href":"https:\/\/supermatic.ch\/fr\/wp-json\/wp\/v2\/product\/566","targetHints":{"allow":["GET"]}}],"collection":[{"href":"https:\/\/supermatic.ch\/fr\/wp-json\/wp\/v2\/product"}],"about":[{"href":"https:\/\/supermatic.ch\/fr\/wp-json\/wp\/v2\/types\/product"}],"replies":[{"embeddable":true,"href":"https:\/\/supermatic.ch\/fr\/wp-json\/wp\/v2\/comments?post=566"}],"wp:featuredmedia":[{"embeddable":true,"href":"https:\/\/supermatic.ch\/fr\/wp-json\/wp\/v2\/media\/2939"}],"wp:attachment":[{"href":"https:\/\/supermatic.ch\/fr\/wp-json\/wp\/v2\/media?parent=566"}],"wp:term":[{"taxonomy":"product_brand","embeddable":true,"href":"https:\/\/supermatic.ch\/fr\/wp-json\/wp\/v2\/product_brand?post=566"},{"taxonomy":"product_cat","embeddable":true,"href":"https:\/\/supermatic.ch\/fr\/wp-json\/wp\/v2\/product_cat?post=566"},{"taxonomy":"product_tag","embeddable":true,"href":"https:\/\/supermatic.ch\/fr\/wp-json\/wp\/v2\/product_tag?post=566"}],"curies":[{"name":"wp","href":"https:\/\/api.w.org\/{rel}","templated":true}]}}