{"id":5700,"date":"2024-01-09T14:50:10","date_gmt":"2024-01-09T12:50:10","guid":{"rendered":"https:\/\/supermatic.ch\/?post_type=product&#038;p=5700"},"modified":"2024-10-03T11:56:02","modified_gmt":"2024-10-03T09:56:02","slug":"bouchon-a-vis-noir-8","status":"publish","type":"product","link":"https:\/\/supermatic.ch\/fr\/produkte\/verschluesse\/schraubverschluss-gelb-pco1810-tethered\/","title":{"rendered":"Bouchon \u00e0 vis jaune PCO1810 tethered"},"content":{"rendered":"<p>Bouchon \u00e0 vis jaune PCO1810 : sp\u00e9cialement con\u00e7u pour les bouteilles PET, conforme \u00e0 la l\u00e9gislation europ\u00e9enne<\/p>\n<p>Version : tethered - la fermeture reste sur le filetage (obligatoire dans l'UE \u00e0 partir de 07\/2024)<\/p>\n<p><strong>Caract\u00e9ristiques :<\/strong><\/p>\n<ul>\n<li>Type : Bouchon \u00e0 vis pour bouteilles PET<\/li>\n<li>couleur : jaune<\/li>\n<li>Filetage : PCO1810<\/li>\n<li>\u00c9quipement : anneau de garantie<\/li>\n<li>Joint d'\u00e9tanch\u00e9it\u00e9 : joint conique<\/li>\n<\/ul>","protected":false},"excerpt":{"rendered":"<p>Schraubverschluss gelb PCO1810: Speziell f\u00fcr PET-Flaschen konzipiert, EU-Konform Version: tethered - Verschluss bleibt am Gewinde (ab [&hellip;]<\/p>\n","protected":false},"featured_media":3564,"comment_status":"open","ping_status":"closed","template":"","meta":[],"product_brand":[],"product_cat":[23,24],"product_tag":[552,526,318,524,374],"class_list":{"0":"post-5700","1":"product","2":"type-product","3":"status-publish","4":"has-post-thumbnail","6":"product_cat-verschluesse","7":"product_cat-lebensmittel","8":"product_tag-gelb","9":"product_tag-getraenkeverschluss","10":"product_tag-pco1810","11":"product_tag-pco28","12":"product_tag-schraubverschluss","13":"product_shipping_class-1-3-tage-lieferzeit","14":"pa_farbe-gelb","15":"pa_gewinde-28mm-pco1810","17":"first","18":"instock","19":"taxable","20":"shipping-taxable","21":"purchasable","22":"product-type-variable"},"_links":{"self":[{"href":"https:\/\/supermatic.ch\/fr\/wp-json\/wp\/v2\/product\/5700","targetHints":{"allow":["GET"]}}],"collection":[{"href":"https:\/\/supermatic.ch\/fr\/wp-json\/wp\/v2\/product"}],"about":[{"href":"https:\/\/supermatic.ch\/fr\/wp-json\/wp\/v2\/types\/product"}],"replies":[{"embeddable":true,"href":"https:\/\/supermatic.ch\/fr\/wp-json\/wp\/v2\/comments?post=5700"}],"wp:featuredmedia":[{"embeddable":true,"href":"https:\/\/supermatic.ch\/fr\/wp-json\/wp\/v2\/media\/3564"}],"wp:attachment":[{"href":"https:\/\/supermatic.ch\/fr\/wp-json\/wp\/v2\/media?parent=5700"}],"wp:term":[{"taxonomy":"product_brand","embeddable":true,"href":"https:\/\/supermatic.ch\/fr\/wp-json\/wp\/v2\/product_brand?post=5700"},{"taxonomy":"product_cat","embeddable":true,"href":"https:\/\/supermatic.ch\/fr\/wp-json\/wp\/v2\/product_cat?post=5700"},{"taxonomy":"product_tag","embeddable":true,"href":"https:\/\/supermatic.ch\/fr\/wp-json\/wp\/v2\/product_tag?post=5700"}],"curies":[{"name":"wp","href":"https:\/\/api.w.org\/{rel}","templated":true}]}}