{"id":577,"date":"2022-10-03T18:36:16","date_gmt":"2022-10-03T16:36:16","guid":{"rendered":"https:\/\/supermatic.ch\/produkt\/1000ml-keulenflasche-weiss\/"},"modified":"2025-03-03T10:45:13","modified_gmt":"2025-03-03T08:45:13","slug":"1000ml-cuisse-blanche","status":"publish","type":"product","link":"https:\/\/supermatic.ch\/fr\/produkte\/flaschen\/1000ml-keulenflasche-weiss\/","title":{"rendered":"Bouteille \u00e0 lobes 1000ml blanche, 28\/400"},"content":{"rendered":"<h5><strong>Bouteille \u00e0 massue de 1000 ml en HD-PE blanc<\/strong><\/h5>\n<p>Le choix id\u00e9al pour une application efficace et pr\u00e9cise. Cette bouteille \u00e0 lobes en HD-PE blanc offre une grande capacit\u00e9 et est robuste \u00e0 l'usage. En combinaison avec un embout pulv\u00e9risateur, elle convient parfaitement aux produits de nettoyage.<\/p>\n<ul>\n<li><strong>mat\u00e9riel :<\/strong> Poly\u00e9thyl\u00e8ne haute densit\u00e9 (HD-PE)<\/li>\n<li><strong>Filetage :<\/strong> 28\/400<\/li>\n<li><strong>masse :<\/strong>\n<ul>\n<li>hauteur : 235mm<\/li>\n<li>diam\u00e8tre : 115mm<\/li>\n<\/ul>\n<\/li>\n<\/ul>\n<p>Reste de stock disponible jusqu'\u00e0 \u00e9puisement du stock<\/p>\n<p>Que ce soit pour un usage professionnel ou domestique, cette bouteille allie qualit\u00e9 et fonctionnalit\u00e9 et r\u00e9pond aux exigences lorsqu'il s'agit de stocker et d'utiliser des liquides.<\/p>","protected":false},"excerpt":{"rendered":"<p>1000ml Keulenflasche in Weiss aus HD-PE Die ideale Wahl f\u00fcr eine effektive und pr\u00e4zise Anwendung. Diese [&hellip;]<\/p>\n","protected":false},"featured_media":3753,"comment_status":"open","ping_status":"closed","template":"","meta":[],"product_brand":[],"product_cat":[15,26],"product_tag":[405,334,376,377,406,346],"class_list":{"0":"post-577","1":"product","2":"type-product","3":"status-publish","4":"has-post-thumbnail","6":"product_cat-flaschen","7":"product_cat-chemikalien","8":"product_tag-keulenflasche","9":"product_tag-natur","10":"product_tag-pe","11":"product_tag-sprueher","12":"product_tag-spruehflasche","13":"product_tag-weiss","14":"product_shipping_class-1-3-tage-lieferzeit","15":"pa_farbe-weiss","16":"pa_form-rund","17":"pa_fuellmenge-91","18":"pa_gewinde-28-400","19":"pa_material-hd-pe","21":"first","22":"instock","23":"taxable","24":"shipping-taxable","25":"purchasable","26":"product-type-variable"},"_links":{"self":[{"href":"https:\/\/supermatic.ch\/fr\/wp-json\/wp\/v2\/product\/577","targetHints":{"allow":["GET"]}}],"collection":[{"href":"https:\/\/supermatic.ch\/fr\/wp-json\/wp\/v2\/product"}],"about":[{"href":"https:\/\/supermatic.ch\/fr\/wp-json\/wp\/v2\/types\/product"}],"replies":[{"embeddable":true,"href":"https:\/\/supermatic.ch\/fr\/wp-json\/wp\/v2\/comments?post=577"}],"wp:featuredmedia":[{"embeddable":true,"href":"https:\/\/supermatic.ch\/fr\/wp-json\/wp\/v2\/media\/3753"}],"wp:attachment":[{"href":"https:\/\/supermatic.ch\/fr\/wp-json\/wp\/v2\/media?parent=577"}],"wp:term":[{"taxonomy":"product_brand","embeddable":true,"href":"https:\/\/supermatic.ch\/fr\/wp-json\/wp\/v2\/product_brand?post=577"},{"taxonomy":"product_cat","embeddable":true,"href":"https:\/\/supermatic.ch\/fr\/wp-json\/wp\/v2\/product_cat?post=577"},{"taxonomy":"product_tag","embeddable":true,"href":"https:\/\/supermatic.ch\/fr\/wp-json\/wp\/v2\/product_tag?post=577"}],"curies":[{"name":"wp","href":"https:\/\/api.w.org\/{rel}","templated":true}]}}