{"id":581,"date":"2022-10-03T18:36:16","date_gmt":"2022-10-03T16:36:16","guid":{"rendered":"https:\/\/supermatic.ch\/produkt\/250ml-rundflasche-natur\/"},"modified":"2026-03-09T09:47:33","modified_gmt":"2026-03-09T07:47:33","slug":"250ml-bouteille-ronde-nature","status":"publish","type":"product","link":"https:\/\/supermatic.ch\/fr\/produkte\/flaschen\/250ml-rundflasche-natur\/","title":{"rendered":"Flacon vaporisateur de 250ml nature, 20\/410"},"content":{"rendered":"<h4><strong>Vaporisateur de 250ml, Non color\u00e9<\/strong><\/h4>\n<p>La version semi-transparente permet un contr\u00f4le visuel facile du contenu. Combin\u00e9 \u00e0 un bouchon pulv\u00e9risateur, le flacon assure une distribution uniforme. Il convient parfaitement \u00e0 de multiples applications et constitue une solution d'emballage fiable pour les besoins les plus divers.<\/p>\n<p><strong>D\u00e9tails du produit :<\/strong><\/p>\n<ul>\n<li><strong>Mat\u00e9riau<\/strong>: HDPE en version semi-transparente.<\/li>\n<li><strong>Capacit\u00e9<\/strong>250ml.<\/li>\n<li><strong>Forme<\/strong>Ronde : Ronde<\/li>\n<li><strong>Dimensions<\/strong>:\n<ul>\n<li>Diam\u00e8tre : 50mm<\/li>\n<li>hauteur : 176mm<\/li>\n<\/ul>\n<\/li>\n<li><strong>Taille du filetage<\/strong>: 20\/410.<\/li>\n<\/ul>\n<p><strong>Domaines d'application<\/strong>:<\/p>\n<ul>\n<li><strong>Cosm\u00e9tiques<\/strong>Pour les cr\u00e8mes, les lotions et les savons.<\/li>\n<li><strong>Produits chimiques &amp; nettoyage<\/strong>: Pour les nettoyants pour vitres, les d\u00e9sinfectants et autres solutions de nettoyage.<\/li>\n<li><strong>Soin des plantes<\/strong>: Engrais, pesticide.<\/li>\n<li><strong>Soins des cheveux<\/strong>: Pour les produits et applications capillaires, comme le shampooing et l'apr\u00e8s-shampooing.<\/li>\n<\/ul>\n<p>&nbsp;<\/p>\n<p>&nbsp;<\/p>","protected":false},"excerpt":{"rendered":"<p>250ml Zerst\u00e4uberflasche, Ungef\u00e4rbt Die halbtransparente Ausf\u00fchrung erm\u00f6glicht eine einfache Sichtkontrolle des Inhalts. Kombiniert mit einem Zerst\u00e4uberverschluss [&hellip;]<\/p>\n","protected":false},"featured_media":3738,"comment_status":"open","ping_status":"closed","template":"","meta":[],"product_brand":[],"product_cat":[15,26,25],"product_tag":[],"class_list":{"0":"post-581","1":"product","2":"type-product","3":"status-publish","4":"has-post-thumbnail","6":"product_cat-flaschen","7":"product_cat-chemikalien","8":"product_cat-kosmetik","9":"product_shipping_class-3-5-tage-lieferzeit","10":"pa_farbe-farblos","11":"pa_fuellmenge-133","12":"pa_gewinde-20-410","13":"pa_material-hd-pe","15":"first","16":"instock","17":"taxable","18":"shipping-taxable","19":"purchasable","20":"product-type-variable"},"_links":{"self":[{"href":"https:\/\/supermatic.ch\/fr\/wp-json\/wp\/v2\/product\/581","targetHints":{"allow":["GET"]}}],"collection":[{"href":"https:\/\/supermatic.ch\/fr\/wp-json\/wp\/v2\/product"}],"about":[{"href":"https:\/\/supermatic.ch\/fr\/wp-json\/wp\/v2\/types\/product"}],"replies":[{"embeddable":true,"href":"https:\/\/supermatic.ch\/fr\/wp-json\/wp\/v2\/comments?post=581"}],"wp:featuredmedia":[{"embeddable":true,"href":"https:\/\/supermatic.ch\/fr\/wp-json\/wp\/v2\/media\/3738"}],"wp:attachment":[{"href":"https:\/\/supermatic.ch\/fr\/wp-json\/wp\/v2\/media?parent=581"}],"wp:term":[{"taxonomy":"product_brand","embeddable":true,"href":"https:\/\/supermatic.ch\/fr\/wp-json\/wp\/v2\/product_brand?post=581"},{"taxonomy":"product_cat","embeddable":true,"href":"https:\/\/supermatic.ch\/fr\/wp-json\/wp\/v2\/product_cat?post=581"},{"taxonomy":"product_tag","embeddable":true,"href":"https:\/\/supermatic.ch\/fr\/wp-json\/wp\/v2\/product_tag?post=581"}],"curies":[{"name":"wp","href":"https:\/\/api.w.org\/{rel}","templated":true}]}}