{"id":5836,"date":"2024-02-22T22:06:00","date_gmt":"2024-02-22T20:06:00","guid":{"rendered":"https:\/\/supermatic.ch\/?post_type=product&#038;p=5836"},"modified":"2024-10-03T11:55:40","modified_gmt":"2024-10-03T09:55:40","slug":"750ml-runddose-pet-100-400-401","status":"publish","type":"product","link":"https:\/\/supermatic.ch\/fr\/produkte\/dosen\/600-1600ml-runddosen-hd-pe-weiss-mit-klappdeckel\/","title":{"rendered":"Bo\u00eetes rondes 600 - 1600ml HD-PE blanc avec couvercle \u00e0 charni\u00e8re"},"content":{"rendered":"<p>couleur standard : blanc (autres couleurs sur demande)<br \/>\nFermeture \u00e0 clapet blanche avec bande d'arrachage<br \/>\nDiam\u00e8tre int\u00e9rieur du filetage : 92.1mm<br \/>\ndiam\u00e8tre : 105mm<br \/>\nCertification ONU : non<\/p>\n<p><strong>600 ml<\/strong><br \/>\nHauteur totale : 91mm<br \/>\nPoids : 32g<br \/>\nPcs\/EUR-Pal : 1176pcs<\/p>\n<p><strong>750 ml<\/strong><br \/>\nHauteur totale : 110mm<br \/>\npoids : 39g<br \/>\nPcs\/EUR-Pal : 1008pcs<\/p>\n<p><strong>800ml<\/strong><br \/>\nHauteur totale : 116mm<br \/>\nPoids : 40g<br \/>\nPcs\/EUR-Pal : 924pcs<\/p>\n<p><strong>900ml<\/strong><br \/>\nHauteur totale : 129mm<br \/>\nPoids : 44g<br \/>\nPcs\/EUR-Pal : 840pcs<\/p>\n<p><strong>1000ml<\/strong><br \/>\nHauteur totale : 141mm<br \/>\nPoids : 54g<br \/>\nPcs\/EUR-Pal : 756pcs<\/p>\n<p><strong>1150ml<\/strong><br \/>\nHauteur totale : 160mm<br \/>\nPoids : 63g<br \/>\nPcs\/EUR-Pal : 672pcs<\/p>\n<p><strong>1200ml<\/strong><br \/>\nHauteur totale : 166mm<br \/>\npoids : 66g<br \/>\nPcs\/EUR-Pal : 672pcs<\/p>\n<p><strong>1300ml<\/strong><br \/>\nHauteur totale : 178mm<br \/>\npoids : 70g<br \/>\nPcs\/EUR-Pal : 588pcs<\/p>\n<p><strong>1400ml<\/strong><br \/>\nHauteur totale : 191mm<br \/>\npoids : 78g<br \/>\nPcs\/EUR-Pal : 504pcs<\/p>\n<p><strong>1500ml<\/strong><br \/>\nHauteur totale : 203mm<br \/>\nPoids : 86g<br \/>\nPcs\/EUR-Pal : 504pcs<\/p>\n<p><strong>1600ml<\/strong><br \/>\nHauteur totale : 216mm<br \/>\npoids : 94g<br \/>\nPcs\/EUR-Pal : 756pcs<\/p>\n<p>Disponibilit\u00e9, quantit\u00e9s et prix sur demande !<\/p>","protected":false},"excerpt":{"rendered":"<p>Standardfarbe: weiss (andere Farben auf Anfrage) Klappverschluss weiss mit Abreissband Innendurchmesser Gewinde: 92.1mm Durchmesser: 105mm UN-Zertifizierung: [&hellip;]<\/p>\n","protected":false},"featured_media":5837,"comment_status":"open","ping_status":"closed","template":"","meta":[],"product_brand":[],"product_cat":[19,26,25,24],"product_tag":[],"class_list":{"0":"post-5836","1":"product","2":"type-product","3":"status-publish","4":"has-post-thumbnail","6":"product_cat-dosen","7":"product_cat-chemikalien","8":"product_cat-kosmetik","9":"product_cat-lebensmittel","10":"product_shipping_class-5-8-tage-lieferzeit","11":"pa_farbe-weiss","12":"pa_form-rund","13":"pa_fuellmenge-91","14":"pa_fuellmenge-557","15":"pa_fuellmenge-558","16":"pa_fuellmenge-559","17":"pa_fuellmenge-560","18":"pa_fuellmenge-227","19":"pa_fuellmenge-561","20":"pa_fuellmenge-278","21":"pa_fuellmenge-139","22":"pa_fuellmenge-556","23":"pa_fuellmenge-259","24":"pa_material-hd-pe","26":"first","27":"instock","28":"taxable","29":"shipping-taxable","30":"product-type-simple"},"_links":{"self":[{"href":"https:\/\/supermatic.ch\/fr\/wp-json\/wp\/v2\/product\/5836","targetHints":{"allow":["GET"]}}],"collection":[{"href":"https:\/\/supermatic.ch\/fr\/wp-json\/wp\/v2\/product"}],"about":[{"href":"https:\/\/supermatic.ch\/fr\/wp-json\/wp\/v2\/types\/product"}],"replies":[{"embeddable":true,"href":"https:\/\/supermatic.ch\/fr\/wp-json\/wp\/v2\/comments?post=5836"}],"wp:featuredmedia":[{"embeddable":true,"href":"https:\/\/supermatic.ch\/fr\/wp-json\/wp\/v2\/media\/5837"}],"wp:attachment":[{"href":"https:\/\/supermatic.ch\/fr\/wp-json\/wp\/v2\/media?parent=5836"}],"wp:term":[{"taxonomy":"product_brand","embeddable":true,"href":"https:\/\/supermatic.ch\/fr\/wp-json\/wp\/v2\/product_brand?post=5836"},{"taxonomy":"product_cat","embeddable":true,"href":"https:\/\/supermatic.ch\/fr\/wp-json\/wp\/v2\/product_cat?post=5836"},{"taxonomy":"product_tag","embeddable":true,"href":"https:\/\/supermatic.ch\/fr\/wp-json\/wp\/v2\/product_tag?post=5836"}],"curies":[{"name":"wp","href":"https:\/\/api.w.org\/{rel}","templated":true}]}}