{"id":584,"date":"2022-10-03T18:36:16","date_gmt":"2022-10-03T16:36:16","guid":{"rendered":"https:\/\/supermatic.ch\/produkt\/500ml-rundflasche-natur\/"},"modified":"2026-02-10T16:00:52","modified_gmt":"2026-02-10T14:00:52","slug":"500ml-bouteille-ronde-nature","status":"publish","type":"product","link":"https:\/\/supermatic.ch\/fr\/produkte\/flaschen\/500ml-rundflasche-natur\/","title":{"rendered":"Bouteille ronde de 500 ml, nature, 28\/400"},"content":{"rendered":"<p>La bouteille ronde de 500 ml en HD-PE de couleur naturelle convient parfaitement \u00e0 une multitude d'applications. Gr\u00e2ce \u00e0 sa construction robuste et \u00e0 sa taille, elle est id\u00e9ale pour les nettoyants m\u00e9nagers, les d\u00e9sinfectants, les accessoires automobiles comme le lave-glace ou l'huile moteur, les produits de jardinage comme les engrais ou les produits phytosanitaires. Les bouteilles sont \u00e9galement homologu\u00e9es pour les produits alimentaires. <\/p>\n<p>Sp\u00e9cifications :<\/p>\n<ul>\n<li>Mat\u00e9riau : HD-PE naturel<\/li>\n<li>Volume : 500ml<\/li>\n<li>Taille du filetage : 28\/400<\/li>\n<li>masse :\n<ul>\n<li>hauteur : 213mm<\/li>\n<li>Diam\u00e8tre : 61mm<\/li>\n<\/ul>\n<\/li>\n<\/ul>\n<p>autres quantit\u00e9s sur demande !<\/p>","protected":false},"excerpt":{"rendered":"<p>Die 500ml Rundflasche in naturfarbenem HD-PE eignet sich hervorragend f\u00fcr eine Vielzahl von Anwendungen. Aufgrund ihrer [&hellip;]<\/p>\n","protected":false},"featured_media":3841,"comment_status":"open","ping_status":"closed","template":"","meta":[],"product_brand":[],"product_cat":[15,26,25],"product_tag":[305,338,336,80,335,334,331,330,343,317],"class_list":{"0":"post-584","1":"product","2":"type-product","3":"status-publish","4":"has-post-thumbnail","6":"product_cat-flaschen","7":"product_cat-chemikalien","8":"product_cat-kosmetik","9":"product_tag-500ml","10":"product_tag-chemie","11":"product_tag-desinfektionsmittel","12":"product_tag-flasche","13":"product_tag-hd-pe","14":"product_tag-natur","15":"product_tag-reinigungsflasche","16":"product_tag-reinigungsmittel","17":"product_tag-rundflasche","18":"product_tag-transparent","19":"product_shipping_class-1-3-tage-lieferzeit","20":"pa_farbe-farblos","21":"pa_form-rund","22":"pa_form-zylindrisch","23":"pa_fuellmenge-58","24":"pa_gewinde-28-400","25":"pa_material-hd-pe","27":"first","28":"instock","29":"taxable","30":"shipping-taxable","31":"purchasable","32":"product-type-variable"},"_links":{"self":[{"href":"https:\/\/supermatic.ch\/fr\/wp-json\/wp\/v2\/product\/584","targetHints":{"allow":["GET"]}}],"collection":[{"href":"https:\/\/supermatic.ch\/fr\/wp-json\/wp\/v2\/product"}],"about":[{"href":"https:\/\/supermatic.ch\/fr\/wp-json\/wp\/v2\/types\/product"}],"replies":[{"embeddable":true,"href":"https:\/\/supermatic.ch\/fr\/wp-json\/wp\/v2\/comments?post=584"}],"wp:featuredmedia":[{"embeddable":true,"href":"https:\/\/supermatic.ch\/fr\/wp-json\/wp\/v2\/media\/3841"}],"wp:attachment":[{"href":"https:\/\/supermatic.ch\/fr\/wp-json\/wp\/v2\/media?parent=584"}],"wp:term":[{"taxonomy":"product_brand","embeddable":true,"href":"https:\/\/supermatic.ch\/fr\/wp-json\/wp\/v2\/product_brand?post=584"},{"taxonomy":"product_cat","embeddable":true,"href":"https:\/\/supermatic.ch\/fr\/wp-json\/wp\/v2\/product_cat?post=584"},{"taxonomy":"product_tag","embeddable":true,"href":"https:\/\/supermatic.ch\/fr\/wp-json\/wp\/v2\/product_tag?post=584"}],"curies":[{"name":"wp","href":"https:\/\/api.w.org\/{rel}","templated":true}]}}